{"id":30878,"date":"2025-08-17T21:27:39","date_gmt":"2025-08-17T21:27:39","guid":{"rendered":"https:\/\/www.premier-clinic.cz\/geschaefts-und-zahlungsbedingungen-premier-klinik\/"},"modified":"2025-10-22T13:00:57","modified_gmt":"2025-10-22T13:00:57","slug":"geschaefts-und-zahlungsbedingungen-premier-klinik","status":"publish","type":"page","link":"https:\/\/www.premier-clinic.cz\/de\/geschaefts-und-zahlungsbedingungen-premier-klinik\/","title":{"rendered":"Allgemeine Gesch\u00e4ftsbedingungen und Zahlungsbedingungen der Premier Clinic"},"content":{"rendered":"<div data-elementor-type=\"wp-page\" data-elementor-id=\"30878\" class=\"elementor elementor-30878 elementor-11914\" data-elementor-post-type=\"page\">\n\t\t\t\t\t\t<section data-dce-background-overlay-image-url=\"https:\/\/www.premier-clinic.cz\/wp-content\/uploads\/2021\/08\/lekari.png\" class=\"elementor-section elementor-top-section elementor-element elementor-element-008fcd3 elementor-section-height-min-height elementor-section-items-stretch heading-bg-image elementor-section-boxed elementor-section-height-default\" data-id=\"008fcd3\" data-element_type=\"section\" data-e-type=\"section\" data-settings=\"{&quot;jet_parallax_layout_list&quot;:[{&quot;jet_parallax_layout_image&quot;:{&quot;url&quot;:&quot;&quot;,&quot;id&quot;:&quot;&quot;,&quot;size&quot;:&quot;&quot;},&quot;_id&quot;:&quot;60571f2&quot;,&quot;jet_parallax_layout_image_tablet&quot;:{&quot;url&quot;:&quot;&quot;,&quot;id&quot;:&quot;&quot;,&quot;size&quot;:&quot;&quot;},&quot;jet_parallax_layout_image_mobile&quot;:{&quot;url&quot;:&quot;&quot;,&quot;id&quot;:&quot;&quot;,&quot;size&quot;:&quot;&quot;},&quot;jet_parallax_layout_speed&quot;:{&quot;unit&quot;:&quot;%&quot;,&quot;size&quot;:50,&quot;sizes&quot;:[]},&quot;jet_parallax_layout_type&quot;:&quot;scroll&quot;,&quot;jet_parallax_layout_direction&quot;:null,&quot;jet_parallax_layout_fx_direction&quot;:null,&quot;jet_parallax_layout_z_index&quot;:&quot;&quot;,&quot;jet_parallax_layout_bg_x&quot;:50,&quot;jet_parallax_layout_bg_x_tablet&quot;:&quot;&quot;,&quot;jet_parallax_layout_bg_x_mobile&quot;:&quot;&quot;,&quot;jet_parallax_layout_bg_y&quot;:50,&quot;jet_parallax_layout_bg_y_tablet&quot;:&quot;&quot;,&quot;jet_parallax_layout_bg_y_mobile&quot;:&quot;&quot;,&quot;jet_parallax_layout_bg_size&quot;:&quot;auto&quot;,&quot;jet_parallax_layout_bg_size_tablet&quot;:&quot;&quot;,&quot;jet_parallax_layout_bg_size_mobile&quot;:&quot;&quot;,&quot;jet_parallax_layout_animation_prop&quot;:&quot;transform&quot;,&quot;jet_parallax_layout_on&quot;:[&quot;desktop&quot;,&quot;tablet&quot;]}],&quot;background_background&quot;:&quot;classic&quot;}\">\n\t\t\t\t\t\t\t<div class=\"elementor-background-overlay\"><\/div>\n\t\t\t\t\t\t\t<div class=\"elementor-container elementor-column-gap-default\">\n\t\t\t\t\t<div class=\"elementor-column elementor-col-50 elementor-top-column elementor-element elementor-element-ee8a293\" data-id=\"ee8a293\" data-element_type=\"column\" data-e-type=\"column\">\n\t\t\t<div class=\"elementor-widget-wrap elementor-element-populated\">\n\t\t\t\t\t\t<div data-dce-title-color=\"#000000\" class=\"elementor-element elementor-element-a5d986d elementor-widget__width-auto description description-heading elementor-widget-mobile__width-inherit elementor-widget elementor-widget-heading\" data-id=\"a5d986d\" data-element_type=\"widget\" data-e-type=\"widget\" data-widget_type=\"heading.default\">\n\t\t\t\t<div class=\"elementor-widget-container\">\n\t\t\t\t\t<h1 class=\"elementor-heading-title elementor-size-default\">Gesch\u00e4fts- und Zahlungsbedingungen<\/h1>\t\t\t\t<\/div>\n\t\t\t\t<\/div>\n\t\t\t\t\t<\/div>\n\t\t<\/div>\n\t\t\t\t<div class=\"elementor-column elementor-col-50 elementor-top-column elementor-element elementor-element-0b66805 elementor-hidden-tablet elementor-hidden-mobile\" data-id=\"0b66805\" data-element_type=\"column\" data-e-type=\"column\" data-settings=\"{&quot;background_background&quot;:&quot;classic&quot;}\">\n\t\t\t<div class=\"elementor-widget-wrap\">\n\t\t\t\t\t\t\t<\/div>\n\t\t<\/div>\n\t\t\t\t\t<\/div>\n\t\t<\/section>\n\t\t\t\t<section class=\"elementor-section elementor-top-section elementor-element elementor-element-326182b elementor-section-boxed elementor-section-height-default elementor-section-height-default\" data-id=\"326182b\" data-element_type=\"section\" data-e-type=\"section\" data-settings=\"{&quot;jet_parallax_layout_list&quot;:[{&quot;jet_parallax_layout_image&quot;:{&quot;url&quot;:&quot;&quot;,&quot;id&quot;:&quot;&quot;,&quot;size&quot;:&quot;&quot;},&quot;_id&quot;:&quot;5fad00a&quot;,&quot;jet_parallax_layout_image_tablet&quot;:{&quot;url&quot;:&quot;&quot;,&quot;id&quot;:&quot;&quot;,&quot;size&quot;:&quot;&quot;},&quot;jet_parallax_layout_image_mobile&quot;:{&quot;url&quot;:&quot;&quot;,&quot;id&quot;:&quot;&quot;,&quot;size&quot;:&quot;&quot;},&quot;jet_parallax_layout_speed&quot;:{&quot;unit&quot;:&quot;%&quot;,&quot;size&quot;:50,&quot;sizes&quot;:[]},&quot;jet_parallax_layout_type&quot;:&quot;scroll&quot;,&quot;jet_parallax_layout_direction&quot;:null,&quot;jet_parallax_layout_fx_direction&quot;:null,&quot;jet_parallax_layout_z_index&quot;:&quot;&quot;,&quot;jet_parallax_layout_bg_x&quot;:50,&quot;jet_parallax_layout_bg_x_tablet&quot;:&quot;&quot;,&quot;jet_parallax_layout_bg_x_mobile&quot;:&quot;&quot;,&quot;jet_parallax_layout_bg_y&quot;:50,&quot;jet_parallax_layout_bg_y_tablet&quot;:&quot;&quot;,&quot;jet_parallax_layout_bg_y_mobile&quot;:&quot;&quot;,&quot;jet_parallax_layout_bg_size&quot;:&quot;auto&quot;,&quot;jet_parallax_layout_bg_size_tablet&quot;:&quot;&quot;,&quot;jet_parallax_layout_bg_size_mobile&quot;:&quot;&quot;,&quot;jet_parallax_layout_animation_prop&quot;:&quot;transform&quot;,&quot;jet_parallax_layout_on&quot;:[&quot;desktop&quot;,&quot;tablet&quot;]}]}\">\n\t\t\t\t\t\t<div class=\"elementor-container elementor-column-gap-default\">\n\t\t\t\t\t<div class=\"elementor-column elementor-col-100 elementor-top-column elementor-element elementor-element-496f5ee\" data-id=\"496f5ee\" data-element_type=\"column\" data-e-type=\"column\">\n\t\t\t<div class=\"elementor-widget-wrap elementor-element-populated\">\n\t\t\t\t\t\t<div class=\"elementor-element elementor-element-15eb4c0 doctor-procedure-content elementor-widget elementor-widget-text-editor\" data-id=\"15eb4c0\" data-element_type=\"widget\" data-e-type=\"widget\" data-widget_type=\"text-editor.default\">\n\t\t\t\t<div class=\"elementor-widget-container\">\n\t\t\t\t\t\t\t\t\t<h2><span style=\"font-size: 14px; font-family: Inter, sans-serif;\">Z\u00e1kroky lze na na\u0161\u00ed klinice hradit n\u011bkolika platebn\u00edmi zp\u016fsoby:<\/span><\/h2>\n<ul>\n<li>v hotovosti<\/li>\n<li>bankovn\u00edm p\u0159evodem: \u010d. \u00fa.: 9561162\/0800 veden\u00fd u \u010cesk\u00e9 spo\u0159itelny a.s.<\/li>\n<li>platebn\u00ed kartou (Visa, Visa Electron, MasterCard, MasterCard Electronic a Maestro)<\/li>\n<\/ul>\n<h2>Ceny konzultace<\/h2>\n<p>V\u011b\u0159\u00edme, \u017ee druh\u00fd n\u00e1zor je pro V\u00e1s d\u016fle\u017eit\u00fd, proto poskytujeme n\u011bkter\u00e9 konzultace zdarma. Konzultace s l\u00e9ka\u0159em jsou v\u017edy zpoplatn\u011bn\u00e9.<\/p>\n<h2>Z\u00e1loha o\u0161et\u0159en\u00ed a p\u0159edplacen\u00ed o\u0161et\u0159en\u00ed<\/h2>\n<p>Pro rezervaci term\u00ednu je nutn\u00e9 slo\u017een\u00ed z\u00e1lohy ve v\u00fd\u0161i 500 K\u010d (v p\u0159\u00edpad\u011b mal\u00fdch estetick\u00fdch z\u00e1krok\u016f) a 10 000 K\u010d (v plastick\u00fdch operac\u00ed p\u0159esahuj\u00edc\u00ed cenu 5 000 K\u010d). Zaplacen\u00edm z\u00e1lohy se st\u00e1v\u00e1 term\u00edn z\u00e1vazn\u00fd. Z\u00e1loha je nevratn\u00e1, jeliko\u017e slou\u017e\u00ed k pokryt\u00ed person\u00e1ln\u00edch a dal\u0161\u00edch n\u00e1klad\u016f, kter\u00e9 jsou spojen\u00e9 s p\u0159\u00edpravou operace\/dan\u00e9ho z\u00e1kroku. Z\u00e1lohu je mo\u017en\u00e9 uhradit p\u0159i rezervaci term\u00ednu hotov\u011b\/kartou, p\u0159\u00edpadn\u011b do 7 dn\u016f od rezervace term\u00ednu bankovn\u00edm p\u0159evodem.<\/p>\n<p>V p\u0159\u00edpad\u011b p\u0159edplacen\u00fdch slu\u017eeb (nap\u0159. zv\u00fdhodn\u011bn\u00e9 bal\u00ed\u010dky slu\u017eeb, p\u0159edplacen\u00e1 zv\u00fdhodn\u011bn\u00e1 o\u0161et\u0159en\u00ed, nabit\u00ed kreditu na v\u011brnostn\u00ed kartu, p\u0159edplacen\u00ed o\u0161et\u0159en\u00ed, sleva za p\u0159edplacen\u00ed z\u00e1kroku\/operace) nen\u00ed mo\u017en\u00e9 vr\u00e1cen\u00ed pen\u011bz z jak\u00e9hokoli d\u016fvodu (v\u00fdjma v\u00e1\u017en\u00e9ho zdravotn\u00edho d\u016fvodu s potvrzen\u00edm l\u00e9ka\u0159e). V t\u011bchto p\u0159\u00edpadech je mo\u017en\u00e9 pouze p\u0159eveden\u00ed dan\u00e9 \u010d\u00e1stky \u2013 nabit\u00ed kreditu na v\u011brnostn\u00ed kartu). Za v\u00e1\u017en\u00fd zdravotn\u00ed d\u016fvod je pova\u017eov\u00e1n d\u016fvod kv\u016fli kter\u00e9mu nelze bezpe\u010dn\u011b prov\u00e9st z\u00e1krok ani p\u0159elo\u017een\u00edm term\u00ednu \u2013 za zdravotn\u00ed d\u016fvod nen\u00ed pova\u017eov\u00e1no tedy nachlazen\u00ed, kr\u00e1tkodob\u00e1 nemoc, COVID-19, nemoci kter\u00e9 lze vyl\u00e9\u010dit l\u00e9ky a \u010dasem atd.<\/p>\n<h2>Cena z\u00e1kroku\/operace<\/h2>\n<p>100% z ceny dan\u00e9ho z\u00e1kroku\/operace mus\u00ed b\u00fdt zaplacena p\u0159ed za\u010d\u00e1tkem operace. Cena z\u00e1kroku\/operace je tedy splatn\u00e1:<\/p>\n<ul>\n<li>nejpozd\u011bji v den operace v hotovosti<\/li>\n<li>nejd\u00e9le 2 dny pracovn\u00ed dny p\u0159ed pl\u00e1novanou operac\u00ed\/z\u00e1krokem na bankovn\u00ed \u00fa\u010det \u010d. \u00fa.: 4762117369\/0800 veden\u00fd u \u010cesk\u00e9 spo\u0159itelny a.s.<\/li>\n<li>platebn\u00ed kartou v den z\u00e1kroku\/operace (p\u0159ed platbou platebn\u00ed kartou se pros\u00edm ujist\u011bte, \u017ee m\u00e1te povolen\u00fd dostate\u010dn\u00fd limit pro platby kartou ve v\u00fd\u0161i ceny operace)<\/li>\n<\/ul>\n<h2>Z\u00e1krok\/operace na spl\u00e1tky<\/h2>\n<p style=\"font-weight: 400;\">Pot\u0159ebujete o\u0161et\u0159en\u00ed, kter\u00e9 se ned\u00e1 odkl\u00e1dat, ale finan\u010dn\u00ed situace V\u00e1m nedovol\u00ed toto o\u0161et\u0159en\u00ed podstoupit? Nyn\u00ed m\u00e1te mo\u017enost vyu\u017e\u00edt p\u016fj\u010dku na l\u00e9ka\u0159skou p\u00e9\u010di.<\/p>\n<p style=\"font-weight: 400;\">V\u00fdhody p\u016fj\u010dky:<\/p>\n<ul style=\"font-weight: 400;\">\n<li>bez nav\u00fd\u0161en\u00ed v r\u00e1mci letn\u00ed akce s 0% \u00farokem a\u017e na 12 m\u011bs\u00edc\u016f<\/li>\n<li>30% nutn\u00e1 akontace<\/li>\n<li>p\u016fj\u010dka podl\u00e9h\u00e1 schv\u00e1len\u00ed spole\u010dnosti Essox<\/li>\n<li>v\u0161e za V\u00e1s vy\u0159\u00edd\u00edme<\/li>\n<\/ul>\n<p style=\"font-weight: 400;\">Kde za\u017e\u00e1dat o p\u016fj\u010dku?<\/p>\n<ul style=\"font-weight: 400;\">\n<li>Napi\u0161te n\u00e1m na info@premier-clinic.cz a my za V\u00e1s v\u0161e vy\u0159\u00edd\u00edme.<\/li>\n<\/ul>\n<h2>Zm\u011bna term\u00ednu z\u00e1kroku\/operace<\/h2>\n<p>Drobn\u00e9 z\u00e1kroky dermatologie\/gynekologie\/preventivn\u00ed medic\u00edny lze zm\u011bnit bez poplatku. I p\u0159es to V\u00e1s pros\u00edme o v\u010dasn\u00e9 zru\u0161en\u00ed\/p\u0159esunut\u00ed Va\u0161\u00ed rezervace alespo\u0148 7 dn\u00ed p\u0159ed pl\u00e1novan\u00fdm z\u00e1krokem.<\/p>\n<p>Z\u00e1kroky plastick\u00e9 chirurgie, nebo z\u00e1kroky s cenou vy\u0161\u0161\u00ed, ne\u017e 5 000 K\u010d je mo\u017en\u00e9 zru\u0161it dle n\u00e1sleduj\u00edc\u00edch poplatk\u016f:<\/p>\n<table>\n<tbody>\n<tr>\n<td>zru\u0161en\u00ed\/p\u0159esunut\u00ed term\u00ednu 30 a v\u00edce dn\u00ed p\u0159ed z\u00e1krokem:<\/td>\n<td>poplatek 50% ze zaplacen\u00e9 z\u00e1lohy<\/td>\n<\/tr>\n<tr>\n<td>zru\u0161en\u00ed\/p\u0159esunut\u00ed term\u00ednu m\u00e9n\u011b ne\u017e 30 dn\u00ed p\u0159ed z\u00e1kokem:<\/td>\n<td>poplatek 100% ze zaplacen\u00e9 z\u00e1lohy<\/td>\n<\/tr>\n<\/tbody>\n<\/table>\n<p>Dan\u00fd poplatek je ode\u010dten\u00fd ze zaplacen\u00e9 z\u00e1lohy.<\/p>\n<p>Laboratorn\u00ed vy\u0161et\u0159en\u00ed, EKG a intern\u00ed vy\u0161et\u0159en\u00ed mus\u00ed b\u00fdt provedeno a doru\u010deno na email Premier Clinic <a href=\"mailto:info@premier-clinic.cz\">info@premier-clinic.cz<\/a> v rozmez\u00ed <strong>10 \u2013 21 dn\u00ed p\u0159ed v\u00fdkonem. <\/strong>P\u0159i nespln\u011bn\u00ed tohoto po\u017eadavku bude \u00fa\u010dtov\u00e1n v p\u0159\u00edpad\u011b kontraindikac\u00ed storno poplatek ve v\u00fd\u0161i 100 % ze z\u00e1lohov\u00e9 faktury.<\/p>\n<p>Poskytovatel Premier Clinic m\u00e1 pr\u00e1vo z\u00e1krok ji\u017e rezervovan\u00fd klientem i po zaplacen\u00ed rezerva\u010dn\u00edho poplatku neprov\u00e9st, k tomuto zru\u0161en\u00ed z\u00e1kroku m\u016f\u017ee doj\u00edt i v den z\u00e1kroku. Klient bere na v\u011bdom\u00ed \u017ee v p\u0159\u00edpad\u011b zru\u0161en\u00ed z\u00e1kroku poskytovatelem Premier Clinic nem\u00e1 klient n\u00e1rok na proplacen\u00ed cestovn\u00edch \u010di jin\u00fdch n\u00e1klad\u016f kter\u00e9 mu vznikly s cestou k poskytovateli Premier Clinic.<\/p>\n<h2>Slevy a dal\u0161\u00ed zv\u00fdhodn\u011bn\u00e9 bal\u00ed\u010dky slu\u017eeb<\/h2>\n<p>Slevy nelze s\u010d\u00edtat, tyto slevy nelze s\u010d\u00edtat\/upla\u0165novat na ji\u017e cenov\u011b zv\u00fdhodn\u011bn\u00e9 slu\u017eby\/zv\u00fdhodn\u011bn\u00e9 bal\u00ed\u010dky slu\u017eeb\/d\u00e1rkov\u00e9 a jin\u00e9 slevov\u00e9 pouk\u00e1zky.<\/p>\n<p>Platnost d\u00e1rkov\u00fdch poukaz\u016f\/voucher\u016f je v\u017edy max. 12 m\u011bs\u00edc\u016f od data vyd\u00e1n\u00ed. Pro poukazy s krat\u0161\u00edm datumem platnosti plat\u00ed datum platnosti na vystaven\u00e9m poukazu\/voucheru.<\/p>\n<h2>\u0158e\u0161en\u00ed reklamac\u00ed<\/h2>\n<p>Reklamaci lze podat p\u00edsemn\u011b\/prost\u0159ednictv\u00edm formul\u00e1\u0159e na recepci na\u0161\u00ed kliniky. V p\u0159\u00edpad\u011b zasl\u00e1n\u00ed reklamace po\u0161tou pros\u00edm zas\u00edlejte reklamace na adresu:<\/p>\n<p><strong>Kontaktn\u00ed \u00fadaje:<br \/>PC Healthcare s.r.o.<\/strong><br \/>Jungmannova 26\/15<br \/>110 00 Praha 1<\/p>\n<p>P\u00edsemn\u00e9 vyj\u00e1d\u0159en\u00ed k dan\u00e9 reklamaci obdr\u017e\u00ed klient do 30 dn\u016f.<\/p>\n<h2>Povinn\u00e1 informace pro spot\u0159ebitele o mimosoudn\u00edm \u0159e\u0161en\u00ed spor\u016f<\/h2>\n<p><strong>V p\u0159\u00edpad\u011b spot\u0159ebitelsk\u00e9ho sporu<\/strong> s v\u00fdjimkou spor\u016f ze smluv uzav\u0159en\u00fdch v oblasti zdravotn\u00edch slu\u017eeb, jejich\u017e p\u0159edm\u011btem je poskytov\u00e1n\u00ed zdravotn\u00ed p\u00e9\u010de v\u010detn\u011b p\u0159edepisov\u00e1n\u00ed, vyd\u00e1v\u00e1n\u00ed a poskytov\u00e1n\u00ed l\u00e9\u010div\u00fdch p\u0159\u00edpravk\u016f a zdravotnick\u00fdch prost\u0159edk\u016f podle z\u00e1kona \u010d. 372\/2011 Sb., o zdravotn\u00edch slu\u017eb\u00e1ch, ve zn\u011bn\u00ed pozd\u011bj\u0161\u00edch p\u0159edpis\u016f, se dan\u00fd spot\u0159ebitel m\u016f\u017ee obr\u00e1tit se sv\u00fdm n\u00e1rokem na subjekt mimosoudn\u00edho \u0159e\u0161en\u00ed spot\u0159ebitelsk\u00fdch spor\u016f, kter\u00fd je v tomto p\u0159\u00edpad\u011b \u010cesk\u00e1 obchodn\u00ed inspekce.<\/p>\n<p><strong><br \/>\u010cesk\u00e1 obchodn\u00ed inspekce<\/strong><br \/>\u00dast\u0159edn\u00ed inspektor\u00e1t \u2013 odd\u011blen\u00ed ADR<br \/>\u0160t\u011bp\u00e1nsk\u00e1 15<br \/>120 00 Praha 2<\/p>\n<p>Z hygienick\u00fdch d\u016fvod\u016f nen\u00ed mo\u017en\u00fd vstup na kliniku se zv\u00ed\u0159aty. D\u011bkujeme za pochopen\u00ed.<\/p>\n<p><em>Obchodn\u00ed a platebn\u00ed podm\u00ednky jsou platn\u00e9 od 1.1.2019<\/em><\/p>\n\t\t\t\t\t\t\t\t<\/div>\n\t\t\t\t<\/div>\n\t\t\t\t\t<\/div>\n\t\t<\/div>\n\t\t\t\t\t<\/div>\n\t\t<\/section>\n\t\t\t\t<\/div>","protected":false},"excerpt":{"rendered":"<p>Gesch\u00e4fts- und Zahlungsbedingungen Z\u00e1kroky lze na na\u0161\u00ed klinice hradit n\u011bkolika platebn\u00edmi zp\u016fsoby: v hotovosti bankovn\u00edm p\u0159evodem: \u010d. \u00fa.: 9561162\/0800 veden\u00fd u \u010cesk\u00e9 spo\u0159itelny a.s. platebn\u00ed kartou (Visa, Visa Electron, MasterCard, MasterCard Electronic a Maestro) Ceny konzultace V\u011b\u0159\u00edme, \u017ee druh\u00fd n\u00e1zor je pro V\u00e1s d\u016fle\u017eit\u00fd, proto poskytujeme n\u011bkter\u00e9 konzultace zdarma. Konzultace s l\u00e9ka\u0159em jsou v\u017edy zpoplatn\u011bn\u00e9. [&hellip;]<\/p>\n","protected":false},"author":9,"featured_media":0,"parent":0,"menu_order":0,"comment_status":"closed","ping_status":"closed","template":"","meta":{"_acf_changed":false,"footnotes":""},"class_list":["post-30878","page","type-page","status-publish","hentry"],"acf":[],"_links":{"self":[{"href":"https:\/\/www.premier-clinic.cz\/de\/wp-json\/wp\/v2\/pages\/30878","targetHints":{"allow":["GET"]}}],"collection":[{"href":"https:\/\/www.premier-clinic.cz\/de\/wp-json\/wp\/v2\/pages"}],"about":[{"href":"https:\/\/www.premier-clinic.cz\/de\/wp-json\/wp\/v2\/types\/page"}],"author":[{"embeddable":true,"href":"https:\/\/www.premier-clinic.cz\/de\/wp-json\/wp\/v2\/users\/9"}],"replies":[{"embeddable":true,"href":"https:\/\/www.premier-clinic.cz\/de\/wp-json\/wp\/v2\/comments?post=30878"}],"version-history":[{"count":0,"href":"https:\/\/www.premier-clinic.cz\/de\/wp-json\/wp\/v2\/pages\/30878\/revisions"}],"wp:attachment":[{"href":"https:\/\/www.premier-clinic.cz\/de\/wp-json\/wp\/v2\/media?parent=30878"}],"curies":[{"name":"wp","href":"https:\/\/api.w.org\/{rel}","templated":true}]}}