{"id":38434,"date":"2025-09-15T13:33:39","date_gmt":"2025-09-15T13:33:39","guid":{"rendered":"https:\/\/www.premier-clinic.cz\/zahnreinigung-und-zahnaufhellung-preisliste\/"},"modified":"2025-09-15T13:34:04","modified_gmt":"2025-09-15T13:34:04","slug":"zahnreinigung-und-zahnaufhellung-preisliste","status":"publish","type":"page","link":"https:\/\/www.premier-clinic.cz\/de\/zahnreinigung-und-zahnaufhellung-preisliste\/","title":{"rendered":"Zahnreinigung und Zahnaufhellung - Preisliste"},"content":{"rendered":"<div data-elementor-type=\"wp-page\" data-elementor-id=\"38434\" class=\"elementor elementor-38434 elementor-38384\" data-elementor-post-type=\"page\">\n\t\t\t\t\t\t<section data-dce-background-overlay-image-url=\"https:\/\/www.premier-clinic.cz\/wp-content\/uploads\/2021\/07\/foto.png\" class=\"elementor-section elementor-top-section elementor-element elementor-element-9c17e9e elementor-section-height-min-height elementor-section-items-stretch heading-bg-image overlay-image-hidden elementor-section-boxed elementor-section-height-default\" data-id=\"9c17e9e\" data-element_type=\"section\" data-e-type=\"section\" data-settings=\"{&quot;jet_parallax_layout_list&quot;:[{&quot;jet_parallax_layout_image&quot;:{&quot;url&quot;:&quot;&quot;,&quot;id&quot;:&quot;&quot;,&quot;size&quot;:&quot;&quot;},&quot;_id&quot;:&quot;60571f2&quot;,&quot;jet_parallax_layout_image_tablet&quot;:{&quot;url&quot;:&quot;&quot;,&quot;id&quot;:&quot;&quot;,&quot;size&quot;:&quot;&quot;},&quot;jet_parallax_layout_image_mobile&quot;:{&quot;url&quot;:&quot;&quot;,&quot;id&quot;:&quot;&quot;,&quot;size&quot;:&quot;&quot;},&quot;jet_parallax_layout_speed&quot;:{&quot;unit&quot;:&quot;%&quot;,&quot;size&quot;:50,&quot;sizes&quot;:[]},&quot;jet_parallax_layout_type&quot;:&quot;scroll&quot;,&quot;jet_parallax_layout_direction&quot;:null,&quot;jet_parallax_layout_fx_direction&quot;:null,&quot;jet_parallax_layout_z_index&quot;:&quot;&quot;,&quot;jet_parallax_layout_bg_x&quot;:50,&quot;jet_parallax_layout_bg_x_tablet&quot;:&quot;&quot;,&quot;jet_parallax_layout_bg_x_mobile&quot;:&quot;&quot;,&quot;jet_parallax_layout_bg_y&quot;:50,&quot;jet_parallax_layout_bg_y_tablet&quot;:&quot;&quot;,&quot;jet_parallax_layout_bg_y_mobile&quot;:&quot;&quot;,&quot;jet_parallax_layout_bg_size&quot;:&quot;auto&quot;,&quot;jet_parallax_layout_bg_size_tablet&quot;:&quot;&quot;,&quot;jet_parallax_layout_bg_size_mobile&quot;:&quot;&quot;,&quot;jet_parallax_layout_animation_prop&quot;:&quot;transform&quot;,&quot;jet_parallax_layout_on&quot;:[&quot;desktop&quot;,&quot;tablet&quot;]}],&quot;background_background&quot;:&quot;classic&quot;}\">\n\t\t\t\t\t\t\t<div class=\"elementor-background-overlay\"><\/div>\n\t\t\t\t\t\t\t<div class=\"elementor-container elementor-column-gap-default\">\n\t\t\t\t\t<div class=\"elementor-column elementor-col-50 elementor-top-column elementor-element elementor-element-f017334\" data-id=\"f017334\" data-element_type=\"column\" data-e-type=\"column\">\n\t\t\t<div class=\"elementor-widget-wrap elementor-element-populated\">\n\t\t\t\t<!-- dce invisible element d4d0337 -->\t\t<div data-dce-title-color=\"#000000\" class=\"elementor-element elementor-element-34167c2 elementor-widget__width-auto description description-heading nogap elementor-widget-mobile__width-inherit elementor-widget elementor-widget-heading\" data-id=\"34167c2\" data-element_type=\"widget\" data-e-type=\"widget\" data-widget_type=\"heading.default\">\n\t\t\t\t<div class=\"elementor-widget-container\">\n\t\t\t\t\t<h1 class=\"elementor-heading-title elementor-size-default\">Preisliste f\u00fcr Zahnreinigung und Zahnaufhellung<\/h1>\t\t\t\t<\/div>\n\t\t\t\t<\/div>\n\t\t\t\t<div data-dce-text-color=\"#000000\" data-dce-advanced-background-color=\"#00000085\" class=\"elementor-element elementor-element-aed60e9 description hasheading elementor-hidden-desktop elementor-hidden-tablet elementor-hidden-mobile elementor-widget elementor-widget-text-editor\" data-id=\"aed60e9\" data-element_type=\"widget\" data-e-type=\"widget\" data-widget_type=\"text-editor.default\">\n\t\t\t\t<div class=\"elementor-widget-container\">\n\t\t\t\t\t\t\t\t\t<div class=\"hero-inner\">\n<p class=\"header__desc\">Die Preise beinhalten bereits die entsprechende Art von Lokalan\u00e4sthesie oder Vollnarkose.<\/p>\n<\/div>\n\t\t\t\t\t\t\t\t<\/div>\n\t\t\t\t<\/div>\n\t\t\t\t\t<\/div>\n\t\t<\/div>\n\t\t\t\t<div class=\"elementor-column elementor-col-50 elementor-top-column elementor-element elementor-element-bbd11c4 elementor-hidden-tablet elementor-hidden-mobile\" data-id=\"bbd11c4\" data-element_type=\"column\" data-e-type=\"column\" data-settings=\"{&quot;background_background&quot;:&quot;classic&quot;}\">\n\t\t\t<div class=\"elementor-widget-wrap\">\n\t\t\t\t\t\t\t<\/div>\n\t\t<\/div>\n\t\t\t\t\t<\/div>\n\t\t<\/section>\n\t\t<div class=\"elementor-element elementor-element-9ba55d5 e-flex e-con-boxed e-con e-parent\" data-id=\"9ba55d5\" data-element_type=\"container\" data-e-type=\"container\" data-settings=\"{&quot;jet_parallax_layout_list&quot;:[]}\">\n\t\t\t\t\t<div class=\"e-con-inner\">\n\t\t<div class=\"elementor-element elementor-element-23a5f46 e-con-full e-flex e-con e-child\" data-id=\"23a5f46\" data-element_type=\"container\" data-e-type=\"container\" data-settings=\"{&quot;jet_parallax_layout_list&quot;:[]}\">\n\t\t\t\t<div data-dce-text-color=\"#000000\" class=\"elementor-element elementor-element-67c43db pricelist-content elementor-widget elementor-widget-text-editor\" data-id=\"67c43db\" data-element_type=\"widget\" data-e-type=\"widget\" data-widget_type=\"text-editor.default\">\n\t\t\t\t<div class=\"elementor-widget-container\">\n\t\t\t\t\t\t\t\t\t<h2 style=\"color: #000; padding-bottom: 10px;\">KONSULTATION<\/h2>\n<table style=\"border: none; background: none;\" border=\"0\" cellspacing=\"0\" cellpadding=\"0\">\n<tbody>\n<tr>\n<td style=\"border: none; background: none;\">Dentale Hygiene \u2013 60 min<\/td>\n<td style=\"border: none; text-align: right; background: none;\">2 300 CZK \/ ca. 92 EUR<\/td>\n<\/tr>\n<\/tbody>\n<\/table>\n\n<h2 style=\"color: #000; padding-bottom: 10px; margin-top: 30px;\">ZAHNWHITENING<\/h2>\n<h3 style=\"color: #000; margin-top: 30px; margin-bottom: 20px;\">Philips Zoom! Zahnaufhellung \u2013 120 min<\/h3>\n<table style=\"border: none; background: none;\" border=\"0\" cellspacing=\"0\" cellpadding=\"0\">\n<tbody>\n<tr>\n<td style=\"border: none; background: none;\">Bestehende\/ehemalige Kunden von Premier Smile<\/td>\n<td style=\"border: none; text-align: right; background: none;\">4 900 CZK \/ ca. 196 EUR<\/td>\n<\/tr>\n<tr>\n<td style=\"border: none; background: none;\">Neue Kunden<\/td>\n<td style=\"border: none; text-align: right; background: none;\">5 500 CZK \/ ca. 220 EUR<\/td>\n<\/tr>\n<\/tbody>\n<\/table>\n\n<h3 style=\"color: #000; margin-top: 30px; margin-bottom: 20px;\">Zahnaufhellung Pure Whitening<\/h3>\n<table style=\"border: none; background: none;\" border=\"0\" cellspacing=\"0\" cellpadding=\"0\">\n<tbody>\n<tr>\n<td style=\"border: none; background: none;\">Zahnaufhellung Pure Whitening<\/td>\n<td style=\"border: none; text-align: right; background: none;\">14 800 CZK \/ ca. 592 EUR<\/td>\n<\/tr>\n<\/tbody>\n<\/table>\n\n<h4 style=\"color: #000; margin-top: 25px; margin-bottom: 15px;\">1. Erstbesuch (30 min)<\/h4>\n<ul style=\"margin: 10px 0; padding-left: 20px;\">\n<li style=\"margin-bottom: 8px;\">Zahnachweise f\u00fcr die Herstellung individueller Tr\u00e4ger<\/li>\n<li style=\"margin-bottom: 8px;\">Herstellungszeit: ca. 2 Wochen<\/li>\n<\/ul>\n\n<h4 style=\"color: #000; margin-top: 25px; margin-bottom: 15px;\">2. Heimaufhellung (14 N\u00e4chte)<\/h4>\n<ul style=\"margin: 10px 0; padding-left: 20px;\">\n<li style=\"margin-bottom: 8px;\">Tragen der Tr\u00e4ger mit Gel (10\u201316% Urea-Peroxid)<\/li>\n<li style=\"margin-bottom: 8px;\">Gele werden bei Temperaturen bis zu 10 \u00b0C f\u00fcr maximale Wirkung aufbewahrt<\/li>\n<\/ul>\n\n<h4 style=\"color: #000; margin-top: 25px; margin-bottom: 15px;\">3. Praxis-Zahnaufhellung (90 min)<\/h4>\n<ul style=\"margin: 10px 0; padding-left: 20px;\">\n<li style=\"margin-bottom: 8px;\">Auftragen eines Gels mit 6% Wasserstoffperoxid<\/li>\n<li style=\"margin-bottom: 8px;\">Stabilisierung und Verst\u00e4rkung des erreichten Effekts<\/li>\n<\/ul>\n\n<p style=\"font-style: italic; margin: 20px 0 10px 0; color: #7f8c8d;\"><strong>Hinweis:<\/strong><\/p>\n\n<ul style=\"margin: 10px 0; padding-left: 20px;\">\n<li style=\"margin-bottom: 8px;\">Der Preis f\u00fcr dermato-esthetische Behandlungen enth\u00e4lt keine Kosten f\u00fcr die lokale An\u00e4sthesie.<\/li>\n<li style=\"margin-bottom: 8px;\">Sofern nicht anders angegeben, gelten die Preise f\u00fcr 1 Behandlung.<\/li>\n<li style=\"margin-bottom: 8px;\">Alle Preise enthalten bereits die jeweils gesetzliche Mehrwertsteuer.<\/li>\n<li style=\"margin-bottom: 8px;\">Aktionstarife k\u00f6nnen nur bar oder per Karte bezahlt werden.<\/li>\n<li style=\"margin-bottom: 8px;\">Rabatte k\u00f6nnen nicht miteinander kombiniert werden.<\/li>\n<li style=\"margin-bottom: 8px;\">In der Premier Clinic k\u00f6nnen nur Erwachsene behandelt werden.<\/li>\n<li style=\"margin-bottom: 8px;\">Die Preisliste ist g\u00fcltig ab 1.9.2025<\/li>\n<\/ul>\t\t\t\t\t\t\t\t<\/div>\n\t\t\t\t<\/div>\n\t\t\t\t<\/div>\n\t\t\t\t\t<\/div>\n\t\t\t\t<\/div>\n\t\t\t\t<\/div>","protected":false},"excerpt":{"rendered":"<p>Preisliste f\u00fcr Zahnreinigung und Zahnaufhellung Die Preise beinhalten bereits die entsprechende Art von Lokalan\u00e4sthesie oder Vollnarkose. KONSULTATION Dentale Hygiene \u2013 60 min 2 300 CZK \/ ca. 92 EUR ZAHNWHITENING Philips Zoom! Zahnaufhellung \u2013 120 min Bestehende\/ehemalige Kunden von Premier Smile 4 900 CZK \/ ca. 196 EUR Neue Kunden 5 500 CZK \/ ca. [&hellip;]<\/p>\n","protected":false},"author":21,"featured_media":0,"parent":0,"menu_order":0,"comment_status":"closed","ping_status":"closed","template":"elementor_header_footer","meta":{"_acf_changed":false,"footnotes":""},"class_list":["post-38434","page","type-page","status-publish","hentry"],"acf":[],"_links":{"self":[{"href":"https:\/\/www.premier-clinic.cz\/de\/wp-json\/wp\/v2\/pages\/38434","targetHints":{"allow":["GET"]}}],"collection":[{"href":"https:\/\/www.premier-clinic.cz\/de\/wp-json\/wp\/v2\/pages"}],"about":[{"href":"https:\/\/www.premier-clinic.cz\/de\/wp-json\/wp\/v2\/types\/page"}],"author":[{"embeddable":true,"href":"https:\/\/www.premier-clinic.cz\/de\/wp-json\/wp\/v2\/users\/21"}],"replies":[{"embeddable":true,"href":"https:\/\/www.premier-clinic.cz\/de\/wp-json\/wp\/v2\/comments?post=38434"}],"version-history":[{"count":0,"href":"https:\/\/www.premier-clinic.cz\/de\/wp-json\/wp\/v2\/pages\/38434\/revisions"}],"wp:attachment":[{"href":"https:\/\/www.premier-clinic.cz\/de\/wp-json\/wp\/v2\/media?parent=38434"}],"curies":[{"name":"wp","href":"https:\/\/api.w.org\/{rel}","templated":true}]}}