{"id":38440,"date":"2025-09-15T13:39:41","date_gmt":"2025-09-15T13:39:41","guid":{"rendered":"https:\/\/www.premier-clinic.cz\/aesthetische-und-laser-gynaekologie-preisliste\/"},"modified":"2026-01-16T13:46:42","modified_gmt":"2026-01-16T13:46:42","slug":"aesthetische-und-laser-gynaekologie-preisliste","status":"publish","type":"page","link":"https:\/\/www.premier-clinic.cz\/de\/aesthetische-und-laser-gynaekologie-preisliste\/","title":{"rendered":"\u00c4sthetische und Laser-Gyn\u00e4kologie - Preisliste"},"content":{"rendered":"<div data-elementor-type=\"wp-page\" data-elementor-id=\"38440\" class=\"elementor elementor-38440 elementor-38171\" data-elementor-post-type=\"page\">\n\t\t\t\t\t\t<section data-dce-background-overlay-image-url=\"https:\/\/www.premier-clinic.cz\/wp-content\/uploads\/2021\/07\/foto.png\" class=\"elementor-section elementor-top-section elementor-element elementor-element-2cc8b81 elementor-section-height-min-height elementor-section-items-stretch heading-bg-image overlay-image-hidden elementor-section-boxed elementor-section-height-default\" data-id=\"2cc8b81\" data-element_type=\"section\" data-e-type=\"section\" data-settings=\"{&quot;jet_parallax_layout_list&quot;:[{&quot;jet_parallax_layout_image&quot;:{&quot;url&quot;:&quot;&quot;,&quot;id&quot;:&quot;&quot;,&quot;size&quot;:&quot;&quot;},&quot;_id&quot;:&quot;60571f2&quot;,&quot;jet_parallax_layout_image_tablet&quot;:{&quot;url&quot;:&quot;&quot;,&quot;id&quot;:&quot;&quot;,&quot;size&quot;:&quot;&quot;},&quot;jet_parallax_layout_image_mobile&quot;:{&quot;url&quot;:&quot;&quot;,&quot;id&quot;:&quot;&quot;,&quot;size&quot;:&quot;&quot;},&quot;jet_parallax_layout_speed&quot;:{&quot;unit&quot;:&quot;%&quot;,&quot;size&quot;:50,&quot;sizes&quot;:[]},&quot;jet_parallax_layout_type&quot;:&quot;scroll&quot;,&quot;jet_parallax_layout_direction&quot;:null,&quot;jet_parallax_layout_fx_direction&quot;:null,&quot;jet_parallax_layout_z_index&quot;:&quot;&quot;,&quot;jet_parallax_layout_bg_x&quot;:50,&quot;jet_parallax_layout_bg_x_tablet&quot;:&quot;&quot;,&quot;jet_parallax_layout_bg_x_mobile&quot;:&quot;&quot;,&quot;jet_parallax_layout_bg_y&quot;:50,&quot;jet_parallax_layout_bg_y_tablet&quot;:&quot;&quot;,&quot;jet_parallax_layout_bg_y_mobile&quot;:&quot;&quot;,&quot;jet_parallax_layout_bg_size&quot;:&quot;auto&quot;,&quot;jet_parallax_layout_bg_size_tablet&quot;:&quot;&quot;,&quot;jet_parallax_layout_bg_size_mobile&quot;:&quot;&quot;,&quot;jet_parallax_layout_animation_prop&quot;:&quot;transform&quot;,&quot;jet_parallax_layout_on&quot;:[&quot;desktop&quot;,&quot;tablet&quot;]}],&quot;background_background&quot;:&quot;classic&quot;}\">\n\t\t\t\t\t\t\t<div class=\"elementor-background-overlay\"><\/div>\n\t\t\t\t\t\t\t<div class=\"elementor-container elementor-column-gap-default\">\n\t\t\t\t\t<div class=\"elementor-column elementor-col-50 elementor-top-column elementor-element elementor-element-39cbf4c\" data-id=\"39cbf4c\" data-element_type=\"column\" data-e-type=\"column\">\n\t\t\t<div class=\"elementor-widget-wrap elementor-element-populated\">\n\t\t\t\t<!-- dce invisible element 29d20f5 -->\t\t<div data-dce-title-color=\"#000000\" class=\"elementor-element elementor-element-69c48c6 elementor-widget__width-auto description description-heading nogap elementor-widget-mobile__width-inherit elementor-widget elementor-widget-heading\" data-id=\"69c48c6\" data-element_type=\"widget\" data-e-type=\"widget\" data-widget_type=\"heading.default\">\n\t\t\t\t<div class=\"elementor-widget-container\">\n\t\t\t\t\t<h1 class=\"elementor-heading-title elementor-size-default\">Preisliste \u00e4sthetische und laserbasierte Gyn\u00e4kologie<\/h1>\t\t\t\t<\/div>\n\t\t\t\t<\/div>\n\t\t\t\t<div data-dce-text-color=\"#000000\" data-dce-advanced-background-color=\"#00000085\" class=\"elementor-element elementor-element-5f59e63 description hasheading elementor-hidden-desktop elementor-hidden-tablet elementor-hidden-mobile elementor-widget elementor-widget-text-editor\" data-id=\"5f59e63\" data-element_type=\"widget\" data-e-type=\"widget\" data-widget_type=\"text-editor.default\">\n\t\t\t\t<div class=\"elementor-widget-container\">\n\t\t\t\t\t\t\t\t\t<div class=\"hero-inner\">\n<p class=\"header__desc\">Die Preise beinhalten bereits die entsprechende Art der lokalen oder allgemeinen An\u00e4sthesie.<\/p>\n<\/div>\n\t\t\t\t\t\t\t\t<\/div>\n\t\t\t\t<\/div>\n\t\t\t\t\t<\/div>\n\t\t<\/div>\n\t\t\t\t<div class=\"elementor-column elementor-col-50 elementor-top-column elementor-element elementor-element-dc95aa2 elementor-hidden-tablet elementor-hidden-mobile\" data-id=\"dc95aa2\" data-element_type=\"column\" data-e-type=\"column\" data-settings=\"{&quot;background_background&quot;:&quot;classic&quot;}\">\n\t\t\t<div class=\"elementor-widget-wrap\">\n\t\t\t\t\t\t\t<\/div>\n\t\t<\/div>\n\t\t\t\t\t<\/div>\n\t\t<\/section>\n\t\t<div class=\"elementor-element elementor-element-2481e53 e-flex e-con-boxed e-con e-parent\" data-id=\"2481e53\" data-element_type=\"container\" data-e-type=\"container\" data-settings=\"{&quot;jet_parallax_layout_list&quot;:[]}\">\n\t\t\t\t\t<div class=\"e-con-inner\">\n\t\t<div class=\"elementor-element elementor-element-cc59c96 e-con-full e-flex e-con e-child\" data-id=\"cc59c96\" data-element_type=\"container\" data-e-type=\"container\" data-settings=\"{&quot;jet_parallax_layout_list&quot;:[]}\">\n\t\t\t\t<div data-dce-title-color=\"#000000\" class=\"elementor-element elementor-element-c1597b3 pricelist-content pricelist-section-heading elementor-widget elementor-widget-heading\" data-id=\"c1597b3\" data-element_type=\"widget\" data-e-type=\"widget\" data-widget_type=\"heading.default\">\n\t\t\t\t<div class=\"elementor-widget-container\">\n\t\t\t\t\t<h2 class=\"elementor-heading-title elementor-size-default\">Gyn\u00e4kologische Beratung<\/h2>\t\t\t\t<\/div>\n\t\t\t\t<\/div>\n\t\t\t\t<div data-dce-text-color=\"#000000\" class=\"elementor-element elementor-element-3f43115 pricelist-content pricelist-table elementor-widget elementor-widget-text-editor\" data-id=\"3f43115\" data-element_type=\"widget\" data-e-type=\"widget\" data-widget_type=\"text-editor.default\">\n\t\t\t\t<div class=\"elementor-widget-container\">\n\t\t\t\t\t\t\t\t\t<table style=\"border: none; background: none; margin-block-end: 0;\" border=\"0\" cellspacing=\"0\" cellpadding=\"0\"><tbody><tr><td style=\"border: none; background: none;\">Beratung f\u00fcr \u00e4sthetische oder Laserbehandlungen<\/td><td style=\"border: none; text-align: right; background: none;\">800 CZK \/ ca. 32 EUR<\/td><\/tr><tr><td style=\"border: none; background: none;\">Rezeptausstellung im Rahmen der \u00e4sthetischen oder Laserprozedur<\/td><td style=\"border: none; text-align: right; background: none;\">500 CZK \/ ca. 20 EUR<\/td><\/tr><tr><td style=\"border: none; background: none;\">Radiofrequenzverj\u00fcngung des \u00e4u\u00dferen weiblichen Genitalbereichs vom Typ Prot\u00e9g\u00e9 intima<\/td><td style=\"border: none; text-align: right; background: none;\">3 250 CZK \/ ca. 130 EUR<\/td><\/tr><tr><td style=\"border: none; background: none;\">Verj\u00fcngung des \u00e4u\u00dferen weiblichen Genitalbereichs mit Mikro-Nadel-Radiofrequenz<\/td><td style=\"border: none; text-align: right; background: none;\">5 410 CZK \/ ca. 216 EUR<\/td><\/tr><tr><td style=\"border: none; background: none;\">Verj\u00fcngung des \u00e4u\u00dferen weiblichen Genitalbereichs mit fraktionalem CO2-Laser<\/td><td style=\"border: none; text-align: right; background: none;\">9 900 CZK \/ ca. 396 EUR<\/td><\/tr><tr><td style=\"border: none; background: none;\">Labioplastik mit Laser<\/td><td style=\"border: none; text-align: right; background: none;\">25 000 CZK \/ ca. 1 000 EUR<\/td><\/tr><tr><td style=\"border: none; background: none;\">Festigung des inneren weiblichen Genitalbereichs mit GynoLaser \u2013 laserbasierte vaginale Verj\u00fcngung, Behandlung von Inkontinenz<\/td><td style=\"border: none; text-align: right; background: none;\">9 500 CZK \/ ca. 380 EUR<\/td><\/tr><\/tbody><\/table>\t\t\t\t\t\t\t\t<\/div>\n\t\t\t\t<\/div>\n\t\t\t\t<div data-dce-text-color=\"#000000\" class=\"elementor-element elementor-element-e764cea pricelist-content elementor-widget elementor-widget-text-editor\" data-id=\"e764cea\" data-element_type=\"widget\" data-e-type=\"widget\" data-widget_type=\"text-editor.default\">\n\t\t\t\t<div class=\"elementor-widget-container\">\n\t\t\t\t\t\t\t\t\t<ul style=\"margin: 0; padding-left: 20px;\">\n<li style=\"margin-bottom: 8px;\">Ausgangsindikation \u2013 Untersuchung durch einen Gyn\u00e4kologen zur vaginalen Verj\u00fcngung\/Inkontinenzbehandlung mit Gynolaser<\/li>\n<\/ul>\t\t\t\t\t\t\t\t<\/div>\n\t\t\t\t<\/div>\n\t\t\t\t<div data-dce-text-color=\"#000000\" class=\"elementor-element elementor-element-0093373 pricelist-content pricelist-table elementor-widget elementor-widget-text-editor\" data-id=\"0093373\" data-element_type=\"widget\" data-e-type=\"widget\" data-widget_type=\"text-editor.default\">\n\t\t\t\t<div class=\"elementor-widget-container\">\n\t\t\t\t\t\t\t\t\t<table style=\"border: none; background: none; margin-block-end: 0;\" border=\"0\" cellspacing=\"0\" cellpadding=\"0\"><tbody><tr><td style=\"border: none; background: none;\"><strong>Filler Desirial 2 ml (Vergr\u00f6\u00dferung des G-Punkts, Revitalisierung der Vagina)<\/strong><\/td><td style=\"border: none; text-align: right; background: none;\"><strong>14 000 CZK \/ ca. 560 EUR<\/strong><\/td><\/tr><tr><td style=\"border: none; background: none;\"><strong>Filler Plus 2 ml (Vergr\u00f6\u00dferung des G-Punkts, Modellation der Labien)<\/strong><\/td><td style=\"border: none; text-align: right; background: none;\"><strong>15 000 CZK \/ ca. 600 EUR<\/strong><\/td><\/tr><\/tbody><\/table>\t\t\t\t\t\t\t\t<\/div>\n\t\t\t\t<\/div>\n\t\t\t\t<div data-dce-text-color=\"#000000\" class=\"elementor-element elementor-element-ccf88d6 pricelist-content pricelist-notes elementor-widget elementor-widget-text-editor\" data-id=\"ccf88d6\" data-element_type=\"widget\" data-e-type=\"widget\" data-widget_type=\"text-editor.default\">\n\t\t\t\t<div class=\"elementor-widget-container\">\n\t\t\t\t\t\t\t\t\t<p style=\"font-style: italic;margin: 20px 0 10px 0;color: #7f8c8d\"><strong>Hinweis:<\/strong><\/p><ul style=\"margin: 10px 0;padding-left: 20px\"><li style=\"margin-bottom: 8px\">Im Preis der dermato-\u00e4sthetischen Behandlungen ist der Preis der Lokalan\u00e4sthesie nicht enthalten.<\/li><li style=\"margin-bottom: 8px\">Sofern nicht anders angegeben, gelten die Preise pro 1 Behandlung.<\/li><li style=\"margin-bottom: 8px\">Alle Preise verstehen sich inklusive der entsprechenden Mehrwertsteuer.<\/li><li style=\"margin-bottom: 8px\">Aktionsangebote k\u00f6nnen nur in bar oder mit Karte bezahlt werden.<\/li><li style=\"margin-bottom: 8px\">Rabatte k\u00f6nnen nicht miteinander kombiniert werden.<\/li><li style=\"margin-bottom: 8px\">In der Premier Clinic k\u00f6nnen ausschlie\u00dflich erwachsene Patienten behandelt werden.<\/li><li style=\"margin-bottom: 8px\">Die Preisliste ist g\u00fcltig ab 1.9.2025.<\/li><\/ul>\t\t\t\t\t\t\t\t<\/div>\n\t\t\t\t<\/div>\n\t\t\t\t<\/div>\n\t\t\t\t\t<\/div>\n\t\t\t\t<\/div>\n\t\t\t\t<\/div>","protected":false},"excerpt":{"rendered":"<p>Preisliste \u00e4sthetische und laserbasierte Gyn\u00e4kologie Die Preise beinhalten bereits die entsprechende Art der lokalen oder allgemeinen An\u00e4sthesie. Gyn\u00e4kologische Beratung Beratung f\u00fcr \u00e4sthetische oder Laserbehandlungen 800 K\u010d \/ 32.0 EUR Rezeptausstellung im Rahmen der \u00e4sthetischen oder Laserprozedur 500 K\u010d \/ 20.0 EUR Radiofrequenzverj\u00fcngung des \u00e4u\u00dferen weiblichen Genitalbereichs vom Typ Prot\u00e9g\u00e9 intima 3 250 K\u010d \/ ca. [&hellip;]<\/p>\n","protected":false},"author":21,"featured_media":0,"parent":0,"menu_order":0,"comment_status":"closed","ping_status":"closed","template":"elementor_header_footer","meta":{"_acf_changed":false,"footnotes":""},"class_list":["post-38440","page","type-page","status-publish","hentry"],"acf":[],"_links":{"self":[{"href":"https:\/\/www.premier-clinic.cz\/de\/wp-json\/wp\/v2\/pages\/38440","targetHints":{"allow":["GET"]}}],"collection":[{"href":"https:\/\/www.premier-clinic.cz\/de\/wp-json\/wp\/v2\/pages"}],"about":[{"href":"https:\/\/www.premier-clinic.cz\/de\/wp-json\/wp\/v2\/types\/page"}],"author":[{"embeddable":true,"href":"https:\/\/www.premier-clinic.cz\/de\/wp-json\/wp\/v2\/users\/21"}],"replies":[{"embeddable":true,"href":"https:\/\/www.premier-clinic.cz\/de\/wp-json\/wp\/v2\/comments?post=38440"}],"version-history":[{"count":0,"href":"https:\/\/www.premier-clinic.cz\/de\/wp-json\/wp\/v2\/pages\/38440\/revisions"}],"wp:attachment":[{"href":"https:\/\/www.premier-clinic.cz\/de\/wp-json\/wp\/v2\/media?parent=38440"}],"curies":[{"name":"wp","href":"https:\/\/api.w.org\/{rel}","templated":true}]}}