{"id":38455,"date":"2025-09-15T13:59:23","date_gmt":"2025-09-15T13:59:23","guid":{"rendered":"https:\/\/www.premier-clinic.cz\/preisliste-kieferorthopaedie-2\/"},"modified":"2026-01-16T13:46:53","modified_gmt":"2026-01-16T13:46:53","slug":"preisliste-kieferorthopaedie-2","status":"publish","type":"page","link":"https:\/\/www.premier-clinic.cz\/de\/preisliste-kieferorthopaedie-2\/","title":{"rendered":"Preis\u00fcbersicht - Kieferorthop\u00e4die"},"content":{"rendered":"<div data-elementor-type=\"wp-page\" data-elementor-id=\"38455\" class=\"elementor elementor-38455 elementor-38181\" data-elementor-post-type=\"page\">\n\t\t\t\t\t\t<section class=\"elementor-section elementor-top-section elementor-element elementor-element-73ab14e elementor-section-height-min-height elementor-section-items-stretch heading-bg-image overlay-image-hidden elementor-section-boxed elementor-section-height-default\" data-id=\"73ab14e\" data-element_type=\"section\" data-e-type=\"section\" data-settings=\"{&quot;jet_parallax_layout_list&quot;:[{&quot;jet_parallax_layout_image&quot;:{&quot;url&quot;:&quot;&quot;,&quot;id&quot;:&quot;&quot;,&quot;size&quot;:&quot;&quot;},&quot;_id&quot;:&quot;60571f2&quot;,&quot;jet_parallax_layout_image_tablet&quot;:{&quot;url&quot;:&quot;&quot;,&quot;id&quot;:&quot;&quot;,&quot;size&quot;:&quot;&quot;},&quot;jet_parallax_layout_image_mobile&quot;:{&quot;url&quot;:&quot;&quot;,&quot;id&quot;:&quot;&quot;,&quot;size&quot;:&quot;&quot;},&quot;jet_parallax_layout_speed&quot;:{&quot;unit&quot;:&quot;%&quot;,&quot;size&quot;:50,&quot;sizes&quot;:[]},&quot;jet_parallax_layout_type&quot;:&quot;scroll&quot;,&quot;jet_parallax_layout_direction&quot;:null,&quot;jet_parallax_layout_fx_direction&quot;:null,&quot;jet_parallax_layout_z_index&quot;:&quot;&quot;,&quot;jet_parallax_layout_bg_x&quot;:50,&quot;jet_parallax_layout_bg_x_tablet&quot;:&quot;&quot;,&quot;jet_parallax_layout_bg_x_mobile&quot;:&quot;&quot;,&quot;jet_parallax_layout_bg_y&quot;:50,&quot;jet_parallax_layout_bg_y_tablet&quot;:&quot;&quot;,&quot;jet_parallax_layout_bg_y_mobile&quot;:&quot;&quot;,&quot;jet_parallax_layout_bg_size&quot;:&quot;auto&quot;,&quot;jet_parallax_layout_bg_size_tablet&quot;:&quot;&quot;,&quot;jet_parallax_layout_bg_size_mobile&quot;:&quot;&quot;,&quot;jet_parallax_layout_animation_prop&quot;:&quot;transform&quot;,&quot;jet_parallax_layout_on&quot;:[&quot;desktop&quot;,&quot;tablet&quot;]}],&quot;background_background&quot;:&quot;classic&quot;}\">\n\t\t\t\t\t\t\t<div class=\"elementor-background-overlay\"><\/div>\n\t\t\t\t\t\t\t<div class=\"elementor-container elementor-column-gap-default\">\n\t\t\t\t\t<div class=\"elementor-column elementor-col-50 elementor-top-column elementor-element elementor-element-45e28b7\" data-id=\"45e28b7\" data-element_type=\"column\" data-e-type=\"column\">\n\t\t\t<div class=\"elementor-widget-wrap elementor-element-populated\">\n\t\t\t\t\t\t<div class=\"elementor-element elementor-element-8ac5257 overlay-image elementor-widget elementor-widget-image\" data-id=\"8ac5257\" data-element_type=\"widget\" data-e-type=\"widget\" data-widget_type=\"image.default\">\n\t\t\t\t<div class=\"elementor-widget-container\">\n\t\t\t\t\t\t\t\t\t\t\t\t\t\t\t<img fetchpriority=\"high\" decoding=\"async\" width=\"662\" height=\"628\" src=\"https:\/\/www.premier-clinic.cz\/wp-content\/uploads\/2021\/07\/foto.png\" class=\"attachment-large size-large wp-image-5646\" alt=\"obr\u00e1zek\" srcset=\"https:\/\/www.premier-clinic.cz\/wp-content\/uploads\/2021\/07\/foto.png 662w, https:\/\/www.premier-clinic.cz\/wp-content\/uploads\/2021\/07\/foto-600x569.png 600w, https:\/\/www.premier-clinic.cz\/wp-content\/uploads\/2021\/07\/foto-300x285.png 300w\" sizes=\"(max-width: 662px) 100vw, 662px\" title=\"obr\u00e1zek\">\t\t\t\t\t\t\t\t\t\t\t\t\t\t\t<\/div>\n\t\t\t\t<\/div>\n\t\t\t\t<div class=\"elementor-element elementor-element-50ae8f3 elementor-widget__width-auto description description-heading nogap elementor-widget-mobile__width-inherit elementor-widget elementor-widget-heading\" data-id=\"50ae8f3\" data-element_type=\"widget\" data-e-type=\"widget\" data-widget_type=\"heading.default\">\n\t\t\t\t<div class=\"elementor-widget-container\">\n\t\t\t\t\t<h1 class=\"elementor-heading-title elementor-size-default\">Preisliste der Kieferorthop\u00e4die<\/h1>\t\t\t\t<\/div>\n\t\t\t\t<\/div>\n\t\t\t\t<div class=\"elementor-element elementor-element-cf78682 description hasheading elementor-hidden-desktop elementor-hidden-tablet elementor-hidden-mobile elementor-widget elementor-widget-text-editor\" data-id=\"cf78682\" data-element_type=\"widget\" data-e-type=\"widget\" data-widget_type=\"text-editor.default\">\n\t\t\t\t<div class=\"elementor-widget-container\">\n\t\t\t\t\t\t\t\t\t<div class=\"hero-inner\">\n<p class=\"header__desc\">Die Preise beinhalten bereits die jeweilige Art der lokalen oder allgemeinen An\u00e4sthesie.<\/p>\n<\/div>\n\t\t\t\t\t\t\t\t<\/div>\n\t\t\t\t<\/div>\n\t\t\t\t\t<\/div>\n\t\t<\/div>\n\t\t\t\t<div class=\"elementor-column elementor-col-50 elementor-top-column elementor-element elementor-element-2b96ff6 elementor-hidden-tablet elementor-hidden-mobile\" data-id=\"2b96ff6\" data-element_type=\"column\" data-e-type=\"column\" data-settings=\"{&quot;background_background&quot;:&quot;classic&quot;}\">\n\t\t\t<div class=\"elementor-widget-wrap\">\n\t\t\t\t\t\t\t<\/div>\n\t\t<\/div>\n\t\t\t\t\t<\/div>\n\t\t<\/section>\n\t\t<div class=\"elementor-element elementor-element-75edc90 e-flex e-con-boxed e-con e-parent\" data-id=\"75edc90\" data-element_type=\"container\" data-e-type=\"container\" data-settings=\"{&quot;jet_parallax_layout_list&quot;:[]}\">\n\t\t\t\t\t<div class=\"e-con-inner\">\n\t\t<div class=\"elementor-element elementor-element-1139906 e-con-full e-flex e-con e-child\" data-id=\"1139906\" data-element_type=\"container\" data-e-type=\"container\" data-settings=\"{&quot;jet_parallax_layout_list&quot;:[]}\">\n\t\t\t\t<div class=\"elementor-element elementor-element-adea6d9 pricelist-content elementor-widget elementor-widget-text-editor\" data-id=\"adea6d9\" data-element_type=\"widget\" data-e-type=\"widget\" data-widget_type=\"text-editor.default\">\n\t\t\t\t<div class=\"elementor-widget-container\">\n\t\t\t\t\t\t\t\t\t<h2>WINTERRABATT 5 000 CZK \/ 207 EUR<\/h2>\n<p>KONSULTATION<\/p>\n<table style=\"border: none; background: none;\" border=\"0\" cellspacing=\"0\" cellpadding=\"0\">\n<tbody>\n<tr>\n<td style=\"border: none; background: none;\">Beratung beim Arzt (60 Minuten) &#8211; Untersuchung, 2 R\u00f6ntgenbilder (OPG + TELE), Dokumentationsfoto, 3D-Scan iTero, Behandlungsberatung und Preisberechnung<\/td>\n<td style=\"border: none; text-align: right; background: none;\">2 500 CZK \/ 103 EUR<\/td>\n<\/tr>\n<\/tbody>\n<\/table>\n<h2>UNSICHTBARE ZAHNSCHIENEN SPARK\u2122<\/h2>\n<h3>Behandlung leichter Fehlstellungen<\/h3>\n<table style=\"border: none; background: none;\" border=\"0\" cellspacing=\"0\" cellpadding=\"0\">\n<tbody>\n<tr>\n<td style=\"border: none; background: none;\">Unsichtbare Zahnschienen Spark\u2122 10 &#8211; 1 Kiefer (10 Schienen)<\/td>\n<td style=\"border: none; text-align: right; background: none;\">25 180 CZK \/ 1 036 EUR<\/td>\n<\/tr>\n<tr>\n<td style=\"border: none; background: none;\">Unsichtbare Zahnschienen Spark\u2122 10 &#8211; beide Kiefer (10 Schienen)<\/td>\n<td style=\"border: none; text-align: right; background: none;\">38 270 CZK \/ 1 575 EUR<\/td>\n<\/tr>\n<\/tbody>\n<\/table>\n<h3>Behandlung mittlerer Fehlstellungen<\/h3>\n<table style=\"border: none; background: none;\" border=\"0\" cellspacing=\"0\" cellpadding=\"0\">\n<tbody>\n<tr>\n<td style=\"border: none; background: none;\">Unsichtbare Zahnschienen Spark\u2122 20 &#8211; beide Kiefer (20 Schienen)<\/td>\n<td style=\"border: none; text-align: right; background: none;\">82 270 CZK \/ 3 386 EUR<\/td>\n<\/tr>\n<\/tbody>\n<\/table>\n<h3>Behandlung von Fehlstellungen<\/h3>\n<table style=\"border: none; background: none;\" border=\"0\" cellspacing=\"0\" cellpadding=\"0\">\n<tbody>\n<tr>\n<td style=\"border: none; background: none;\">Unsichtbare Zahnschienen Spark\u2122 35 &#8211; beide Kiefer (bis zu 3\u00d735 Schienen \u00fcber max. 5 Jahre)<\/td>\n<td style=\"border: none; text-align: right; background: none;\">94 370 CZK \/ 3 884 EUR<\/td>\n<\/tr>\n<\/tbody>\n<\/table>\n<h3>Umfassende Behandlung aller Fehlstellungen<\/h3>\n<table style=\"border: none; background: none;\" border=\"0\" cellspacing=\"0\" cellpadding=\"0\">\n<tbody>\n<tr>\n<td style=\"border: none; background: none;\">Unsichtbare Zahnschienen Spark\u2122 Advanced &#8211; beide Kiefer (Schienen ohne Limit)<\/td>\n<td style=\"border: none; text-align: right; background: none;\">108 670 CZK \/ 4 473 EUR<\/td>\n<\/tr>\n<\/tbody>\n<\/table>\n<h2>METALLZAHNSCHIENEN \u2013 FESTE BRAKKEN<\/h2>\n<table style=\"border: none; background: none;\" border=\"0\" cellspacing=\"0\" cellpadding=\"0\">\n<tbody>\n<tr>\n<td style=\"border: none; background: none;\">Metallfeste Zahnschienen f\u00fcr jede Fehlstellung &#8211; 1 Kiefer<\/td>\n<td style=\"border: none; text-align: right; background: none;\">50 370 CZK \/ 2 073 EUR<\/td>\n<\/tr>\n<tr>\n<td style=\"border: none; background: none;\">Metallfeste Zahnschienen f\u00fcr jede Fehlstellung &#8211; beide Kiefer<\/td>\n<td style=\"border: none; text-align: right; background: none;\">82 270 CZK \/ 3 386 EUR<\/td>\n<\/tr>\n<\/tbody>\n<\/table>\n<h2>ZAHNSCHIENEN F\u00dcR KINDER (BIS 18 JAHRE)<\/h2>\n<p>Kinder erhalten die Zahnschienen 2 000 CZK g\u00fcnstiger.<\/p>\n<h3>Hinweis:<\/h3>\n<p>Bei Interesse ist eine Ratenzahlung des genannten Preises m\u00f6glich. F\u00fcr weitere Informationen kontaktieren Sie uns bitte.<\/p>\n<p>Die Versorgung mit Zahnschienen einschlie\u00dflich Beratung kann innerhalb von 2 Monaten nach der Anmeldung zur Beratung sichergestellt werden.<\/p>\n<p>Wir arbeiten nicht mit Krankenkassen zusammen.<\/p>\n<p>Die erm\u00e4\u00dfigten Preise f\u00fcr Zahnschienen f\u00fcr Kinder gelten bis zum 18. Lebensjahr.<\/p>\n<p>Alle Preise verstehen sich inklusive der jeweiligen Mehrwertsteuer.<\/p>\n<p>Weitere Informationen finden Sie auf der Webseite www.premier-smile.cz<\/p>\n<p>Preisliste g\u00fcltig ab 1.9.2025<\/p>\n<p>Die Preise in EUR sind zum aktuellen Kurs umgerechnet (1 EUR = 24,30 CZK)<\/p>\n\t\t\t\t\t\t\t\t<\/div>\n\t\t\t\t<\/div>\n\t\t\t\t<\/div>\n\t\t\t\t\t<\/div>\n\t\t\t\t<\/div>\n\t\t\t\t<\/div>","protected":false},"excerpt":{"rendered":"<p>Preisliste der Kieferorthop\u00e4die Die Preise beinhalten bereits die jeweilige Art der lokalen oder allgemeinen An\u00e4sthesie. WINTERRABATT 5 000 CZK \/ 207 EUR KONSULTATION Beratung beim Arzt (60 Minuten) - Untersuchung, 2 R\u00f6ntgenbilder (OPG + TELE), Dokumentationsfoto, 3D-Scan iTero, Behandlungsberatung und Preisberechnung 2 500 CZK \/ 103 EUR UNSICHTBARE ZAHNSCHIENEN SPARK\u2122 Behandlung leichter Fehlstellungen Unsichtbare Zahnschienen [&hellip;]<\/p>\n","protected":false},"author":21,"featured_media":0,"parent":0,"menu_order":0,"comment_status":"closed","ping_status":"closed","template":"elementor_header_footer","meta":{"_acf_changed":false,"footnotes":""},"class_list":["post-38455","page","type-page","status-publish","hentry"],"acf":[],"_links":{"self":[{"href":"https:\/\/www.premier-clinic.cz\/de\/wp-json\/wp\/v2\/pages\/38455","targetHints":{"allow":["GET"]}}],"collection":[{"href":"https:\/\/www.premier-clinic.cz\/de\/wp-json\/wp\/v2\/pages"}],"about":[{"href":"https:\/\/www.premier-clinic.cz\/de\/wp-json\/wp\/v2\/types\/page"}],"author":[{"embeddable":true,"href":"https:\/\/www.premier-clinic.cz\/de\/wp-json\/wp\/v2\/users\/21"}],"replies":[{"embeddable":true,"href":"https:\/\/www.premier-clinic.cz\/de\/wp-json\/wp\/v2\/comments?post=38455"}],"version-history":[{"count":0,"href":"https:\/\/www.premier-clinic.cz\/de\/wp-json\/wp\/v2\/pages\/38455\/revisions"}],"wp:attachment":[{"href":"https:\/\/www.premier-clinic.cz\/de\/wp-json\/wp\/v2\/media?parent=38455"}],"curies":[{"name":"wp","href":"https:\/\/api.w.org\/{rel}","templated":true}]}}