{"id":38465,"date":"2025-09-15T14:13:55","date_gmt":"2025-09-15T14:13:55","guid":{"rendered":"https:\/\/www.premier-clinic.cz\/zahnreinigung-und-aufhellung-preisliste\/"},"modified":"2026-01-16T13:46:55","modified_gmt":"2026-01-16T13:46:55","slug":"zahnreinigung-und-aufhellung-preisliste","status":"publish","type":"page","link":"https:\/\/www.premier-clinic.cz\/de\/zahnreinigung-und-aufhellung-preisliste\/","title":{"rendered":"Zahnreinigung und Aufhellung - Preisliste"},"content":{"rendered":"<div data-elementor-type=\"wp-page\" data-elementor-id=\"38465\" class=\"elementor elementor-38465 elementor-38153\" data-elementor-post-type=\"page\">\n\t\t\t\t\t\t<section class=\"elementor-section elementor-top-section elementor-element elementor-element-871256e elementor-section-height-min-height elementor-section-items-stretch heading-bg-image overlay-image-hidden elementor-section-boxed elementor-section-height-default\" data-id=\"871256e\" data-element_type=\"section\" data-e-type=\"section\" data-settings=\"{&quot;jet_parallax_layout_list&quot;:[{&quot;jet_parallax_layout_image&quot;:{&quot;url&quot;:&quot;&quot;,&quot;id&quot;:&quot;&quot;,&quot;size&quot;:&quot;&quot;},&quot;_id&quot;:&quot;60571f2&quot;,&quot;jet_parallax_layout_image_tablet&quot;:{&quot;url&quot;:&quot;&quot;,&quot;id&quot;:&quot;&quot;,&quot;size&quot;:&quot;&quot;},&quot;jet_parallax_layout_image_mobile&quot;:{&quot;url&quot;:&quot;&quot;,&quot;id&quot;:&quot;&quot;,&quot;size&quot;:&quot;&quot;},&quot;jet_parallax_layout_speed&quot;:{&quot;unit&quot;:&quot;%&quot;,&quot;size&quot;:50,&quot;sizes&quot;:[]},&quot;jet_parallax_layout_type&quot;:&quot;scroll&quot;,&quot;jet_parallax_layout_direction&quot;:null,&quot;jet_parallax_layout_fx_direction&quot;:null,&quot;jet_parallax_layout_z_index&quot;:&quot;&quot;,&quot;jet_parallax_layout_bg_x&quot;:50,&quot;jet_parallax_layout_bg_x_tablet&quot;:&quot;&quot;,&quot;jet_parallax_layout_bg_x_mobile&quot;:&quot;&quot;,&quot;jet_parallax_layout_bg_y&quot;:50,&quot;jet_parallax_layout_bg_y_tablet&quot;:&quot;&quot;,&quot;jet_parallax_layout_bg_y_mobile&quot;:&quot;&quot;,&quot;jet_parallax_layout_bg_size&quot;:&quot;auto&quot;,&quot;jet_parallax_layout_bg_size_tablet&quot;:&quot;&quot;,&quot;jet_parallax_layout_bg_size_mobile&quot;:&quot;&quot;,&quot;jet_parallax_layout_animation_prop&quot;:&quot;transform&quot;,&quot;jet_parallax_layout_on&quot;:[&quot;desktop&quot;,&quot;tablet&quot;]}],&quot;background_background&quot;:&quot;classic&quot;}\">\n\t\t\t\t\t\t\t<div class=\"elementor-background-overlay\"><\/div>\n\t\t\t\t\t\t\t<div class=\"elementor-container elementor-column-gap-default\">\n\t\t\t\t\t<div class=\"elementor-column elementor-col-50 elementor-top-column elementor-element elementor-element-6253979\" data-id=\"6253979\" data-element_type=\"column\" data-e-type=\"column\">\n\t\t\t<div class=\"elementor-widget-wrap elementor-element-populated\">\n\t\t\t\t\t\t<div class=\"elementor-element elementor-element-bc0054b overlay-image elementor-widget elementor-widget-image\" data-id=\"bc0054b\" data-element_type=\"widget\" data-e-type=\"widget\" data-widget_type=\"image.default\">\n\t\t\t\t<div class=\"elementor-widget-container\">\n\t\t\t\t\t\t\t\t\t\t\t\t\t\t\t<img fetchpriority=\"high\" decoding=\"async\" width=\"662\" height=\"628\" src=\"https:\/\/www.premier-clinic.cz\/wp-content\/uploads\/2021\/07\/foto.png\" class=\"attachment-large size-large wp-image-5646\" alt=\"obr\u00e1zek\" srcset=\"https:\/\/www.premier-clinic.cz\/wp-content\/uploads\/2021\/07\/foto.png 662w, https:\/\/www.premier-clinic.cz\/wp-content\/uploads\/2021\/07\/foto-600x569.png 600w, https:\/\/www.premier-clinic.cz\/wp-content\/uploads\/2021\/07\/foto-300x285.png 300w\" sizes=\"(max-width: 662px) 100vw, 662px\" title=\"obr\u00e1zek\">\t\t\t\t\t\t\t\t\t\t\t\t\t\t\t<\/div>\n\t\t\t\t<\/div>\n\t\t\t\t<div class=\"elementor-element elementor-element-6cb3556 elementor-widget__width-auto description description-heading nogap elementor-widget-mobile__width-inherit elementor-widget elementor-widget-heading\" data-id=\"6cb3556\" data-element_type=\"widget\" data-e-type=\"widget\" data-widget_type=\"heading.default\">\n\t\t\t\t<div class=\"elementor-widget-container\">\n\t\t\t\t\t<h1 class=\"elementor-heading-title elementor-size-default\">Preisliste Zahnreinigung\/Zahnaufhellung<\/h1>\t\t\t\t<\/div>\n\t\t\t\t<\/div>\n\t\t\t\t<div class=\"elementor-element elementor-element-ec09787 description hasheading elementor-hidden-desktop elementor-hidden-tablet elementor-hidden-mobile elementor-widget elementor-widget-text-editor\" data-id=\"ec09787\" data-element_type=\"widget\" data-e-type=\"widget\" data-widget_type=\"text-editor.default\">\n\t\t\t\t<div class=\"elementor-widget-container\">\n\t\t\t\t\t\t\t\t\t<div class=\"hero-inner\">\n<p class=\"header__desc\">Die Preise beinhalten bereits die entsprechende Art von lokaler oder allgemeiner An\u00e4sthesie.<\/p>\n<\/div>\n\t\t\t\t\t\t\t\t<\/div>\n\t\t\t\t<\/div>\n\t\t\t\t\t<\/div>\n\t\t<\/div>\n\t\t\t\t<div class=\"elementor-column elementor-col-50 elementor-top-column elementor-element elementor-element-b8cbb47 elementor-hidden-tablet elementor-hidden-mobile\" data-id=\"b8cbb47\" data-element_type=\"column\" data-e-type=\"column\" data-settings=\"{&quot;background_background&quot;:&quot;classic&quot;}\">\n\t\t\t<div class=\"elementor-widget-wrap\">\n\t\t\t\t\t\t\t<\/div>\n\t\t<\/div>\n\t\t\t\t\t<\/div>\n\t\t<\/section>\n\t\t<div class=\"elementor-element elementor-element-19fbbc4 e-flex e-con-boxed e-con e-parent\" data-id=\"19fbbc4\" data-element_type=\"container\" data-e-type=\"container\" data-settings=\"{&quot;jet_parallax_layout_list&quot;:[]}\">\n\t\t\t\t\t<div class=\"e-con-inner\">\n\t\t<div class=\"elementor-element elementor-element-0e7200c e-con-full e-flex e-con e-child\" data-id=\"0e7200c\" data-element_type=\"container\" data-e-type=\"container\" data-settings=\"{&quot;jet_parallax_layout_list&quot;:[]}\">\n\t\t\t\t<div class=\"elementor-element elementor-element-9aa961c pricelist-content elementor-widget elementor-widget-text-editor\" data-id=\"9aa961c\" data-element_type=\"widget\" data-e-type=\"widget\" data-widget_type=\"text-editor.default\">\n\t\t\t\t<div class=\"elementor-widget-container\">\n\t\t\t\t\t\t\t\t\t<table style=\"border: none; background: none;\" border=\"0\" cellspacing=\"0\" cellpadding=\"0\">\n<tbody>\n<tr>\n<td style=\"border: none; background: none;\">Zahnpflege \u2013 60 min<\/td>\n<td style=\"border: none; text-align: right; background: none;\">2 500 K\u010d \/ ca. 103 EUR<\/td>\n<\/tr>\n<\/tbody>\n<\/table>\n<h3 style=\"color: #000; margin-top: 30px; margin-bottom: 20px;\">Philips Zoom! Zahnaufhellung \u2013 120 min<\/h3>\n<table style=\"border: none; background: none;\" border=\"0\" cellspacing=\"0\" cellpadding=\"0\">\n<tbody>\n<tr>\n<td style=\"border: none; background: none;\">Bestehende\/ehemalige Kunden von Premier Smile:<\/td>\n<td style=\"border: none; text-align: right; background: none;\">4 900 K\u010d \/ ca. 196 EUR<\/td>\n<\/tr>\n<tr>\n<td style=\"border: none; background: none;\">Neukunde:<\/td>\n<td style=\"border: none; text-align: right; background: none;\">5 500 K\u010d \/ ca. 220 EUR<\/td>\n<\/tr>\n<\/tbody>\n<\/table>\n<h3 style=\"color: #000; margin-top: 30px; margin-bottom: 20px;\">Zahnaufhellung Pure Whitening<\/h3>\n<table style=\"border: none; background: none;\" border=\"0\" cellspacing=\"0\" cellpadding=\"0\">\n<tbody>\n<tr>\n<td style=\"border: none; background: none;\">Preis:<\/td>\n<td style=\"border: none; text-align: right; background: none;\">14 800 K\u010d \/ ca. 592 EUR<\/td>\n<\/tr>\n<\/tbody>\n<\/table>\n<p style=\"margin: 20px 0 10px 0;\"><strong>1. Erstbesuch (30 min)<\/strong><\/p>\n<ul style=\"margin: 10px 0; padding-left: 20px;\">\n<li style=\"margin-bottom: 8px;\">Abdr\u00fccke f\u00fcr die Herstellung individueller Tr\u00e4ger<\/li>\n<li style=\"margin-bottom: 8px;\">Herstellungsdauer: ca. 2 Wochen<\/li>\n<\/ul>\n<p style=\"margin: 20px 0 10px 0;\"><strong>2. Home-Whitening (14 N\u00e4chte)<\/strong><\/p>\n<ul style=\"margin: 10px 0; padding-left: 20px;\">\n<li style=\"margin-bottom: 8px;\">Tragen der Tr\u00e4ger mit Gel (10\u201316% Carbamidperoxid)<\/li>\n<li style=\"margin-bottom: 8px;\">Gele bei max. 10 \u00b0C aufbewahren f\u00fcr maximale Effektivit\u00e4t<\/li>\n<\/ul>\n<p style=\"margin: 20px 0 10px 0;\"><strong>3. Praxisaufhellung (90 min)<\/strong><\/p>\n<ul style=\"margin: 10px 0; padding-left: 20px;\">\n<li style=\"margin-bottom: 8px;\">Auftragen des Gels mit 6% Wasserstoffperoxid<\/li>\n<li style=\"margin-bottom: 8px;\">Stabilisierung und Verst\u00e4rkung des erreichten Effekts<\/li>\n<\/ul>\n<p style=\"margin: 30px 0 0 0; font-style: italic; color: #666;\">Preisliste g\u00fcltig ab 1. 9. 2025<\/p>\n\t\t\t\t\t\t\t\t<\/div>\n\t\t\t\t<\/div>\n\t\t\t\t<\/div>\n\t\t\t\t\t<\/div>\n\t\t\t\t<\/div>\n\t\t\t\t<\/div>","protected":false},"excerpt":{"rendered":"<p>Preisliste Zahnreinigung\/Zahnaufhellung Die Preise beinhalten bereits die entsprechende Art von lokaler oder allgemeiner An\u00e4sthesie. Zahnpflege \u2013 60 min 2 500 K\u010d \/ ca. 103 EUR Philips Zoom! Zahnaufhellung \u2013 120 min Bestehende\/ehemalige Kunden von Premier Smile: 4 900 K\u010d \/ ca. 196 EUR Neukunde: 5 500 K\u010d \/ ca. 220 EUR Zahnaufhellung Pure Whitening Preis: [&hellip;]<\/p>\n","protected":false},"author":21,"featured_media":0,"parent":0,"menu_order":0,"comment_status":"closed","ping_status":"closed","template":"elementor_header_footer","meta":{"_acf_changed":false,"footnotes":""},"class_list":["post-38465","page","type-page","status-publish","hentry"],"acf":[],"_links":{"self":[{"href":"https:\/\/www.premier-clinic.cz\/de\/wp-json\/wp\/v2\/pages\/38465","targetHints":{"allow":["GET"]}}],"collection":[{"href":"https:\/\/www.premier-clinic.cz\/de\/wp-json\/wp\/v2\/pages"}],"about":[{"href":"https:\/\/www.premier-clinic.cz\/de\/wp-json\/wp\/v2\/types\/page"}],"author":[{"embeddable":true,"href":"https:\/\/www.premier-clinic.cz\/de\/wp-json\/wp\/v2\/users\/21"}],"replies":[{"embeddable":true,"href":"https:\/\/www.premier-clinic.cz\/de\/wp-json\/wp\/v2\/comments?post=38465"}],"version-history":[{"count":0,"href":"https:\/\/www.premier-clinic.cz\/de\/wp-json\/wp\/v2\/pages\/38465\/revisions"}],"wp:attachment":[{"href":"https:\/\/www.premier-clinic.cz\/de\/wp-json\/wp\/v2\/media?parent=38465"}],"curies":[{"name":"wp","href":"https:\/\/api.w.org\/{rel}","templated":true}]}}