{"id":38471,"date":"2025-09-15T14:18:15","date_gmt":"2025-09-15T14:18:15","guid":{"rendered":"https:\/\/www.premier-clinic.cz\/lasermedizin-preisliste\/"},"modified":"2026-01-16T13:54:08","modified_gmt":"2026-01-16T13:54:08","slug":"lasermedizin-preisliste","status":"publish","type":"page","link":"https:\/\/www.premier-clinic.cz\/de\/lasermedizin-preisliste\/","title":{"rendered":"Laser-Medizin - Preisliste"},"content":{"rendered":"<div data-elementor-type=\"wp-page\" data-elementor-id=\"38471\" class=\"elementor elementor-38471 elementor-38378\" data-elementor-post-type=\"page\">\n\t\t\t\t\t\t<section data-dce-background-overlay-image-url=\"https:\/\/www.premier-clinic.cz\/wp-content\/uploads\/2021\/07\/foto.png\" class=\"elementor-section elementor-top-section elementor-element elementor-element-8419440 elementor-section-height-min-height elementor-section-items-stretch heading-bg-image overlay-image-hidden elementor-section-boxed elementor-section-height-default\" data-id=\"8419440\" data-element_type=\"section\" data-e-type=\"section\" data-settings=\"{&quot;jet_parallax_layout_list&quot;:[{&quot;jet_parallax_layout_image&quot;:{&quot;url&quot;:&quot;&quot;,&quot;id&quot;:&quot;&quot;,&quot;size&quot;:&quot;&quot;},&quot;_id&quot;:&quot;60571f2&quot;,&quot;jet_parallax_layout_image_tablet&quot;:{&quot;url&quot;:&quot;&quot;,&quot;id&quot;:&quot;&quot;,&quot;size&quot;:&quot;&quot;},&quot;jet_parallax_layout_image_mobile&quot;:{&quot;url&quot;:&quot;&quot;,&quot;id&quot;:&quot;&quot;,&quot;size&quot;:&quot;&quot;},&quot;jet_parallax_layout_speed&quot;:{&quot;unit&quot;:&quot;%&quot;,&quot;size&quot;:50,&quot;sizes&quot;:[]},&quot;jet_parallax_layout_type&quot;:&quot;scroll&quot;,&quot;jet_parallax_layout_direction&quot;:null,&quot;jet_parallax_layout_fx_direction&quot;:null,&quot;jet_parallax_layout_z_index&quot;:&quot;&quot;,&quot;jet_parallax_layout_bg_x&quot;:50,&quot;jet_parallax_layout_bg_x_tablet&quot;:&quot;&quot;,&quot;jet_parallax_layout_bg_x_mobile&quot;:&quot;&quot;,&quot;jet_parallax_layout_bg_y&quot;:50,&quot;jet_parallax_layout_bg_y_tablet&quot;:&quot;&quot;,&quot;jet_parallax_layout_bg_y_mobile&quot;:&quot;&quot;,&quot;jet_parallax_layout_bg_size&quot;:&quot;auto&quot;,&quot;jet_parallax_layout_bg_size_tablet&quot;:&quot;&quot;,&quot;jet_parallax_layout_bg_size_mobile&quot;:&quot;&quot;,&quot;jet_parallax_layout_animation_prop&quot;:&quot;transform&quot;,&quot;jet_parallax_layout_on&quot;:[&quot;desktop&quot;,&quot;tablet&quot;]}],&quot;background_background&quot;:&quot;classic&quot;}\">\n\t\t\t\t\t\t\t<div class=\"elementor-background-overlay\"><\/div>\n\t\t\t\t\t\t\t<div class=\"elementor-container elementor-column-gap-default\">\n\t\t\t\t\t<div class=\"elementor-column elementor-col-50 elementor-top-column elementor-element elementor-element-6e4c0ec\" data-id=\"6e4c0ec\" data-element_type=\"column\" data-e-type=\"column\">\n\t\t\t<div class=\"elementor-widget-wrap elementor-element-populated\">\n\t\t\t\t<!-- dce invisible element 10434ff -->\t\t<div data-dce-title-color=\"#000000\" class=\"elementor-element elementor-element-112aacd elementor-widget__width-auto description description-heading nogap elementor-widget-mobile__width-inherit elementor-widget elementor-widget-heading\" data-id=\"112aacd\" data-element_type=\"widget\" data-e-type=\"widget\" data-widget_type=\"heading.default\">\n\t\t\t\t<div class=\"elementor-widget-container\">\n\t\t\t\t\t<h1 class=\"elementor-heading-title elementor-size-default\">Preislist lasermedizin<\/h1>\t\t\t\t<\/div>\n\t\t\t\t<\/div>\n\t\t\t\t<div data-dce-text-color=\"#000000\" data-dce-advanced-background-color=\"#00000085\" class=\"elementor-element elementor-element-28d3325 description hasheading elementor-hidden-desktop elementor-hidden-tablet elementor-hidden-mobile elementor-widget elementor-widget-text-editor\" data-id=\"28d3325\" data-element_type=\"widget\" data-e-type=\"widget\" data-widget_type=\"text-editor.default\">\n\t\t\t\t<div class=\"elementor-widget-container\">\n\t\t\t\t\t\t\t\t\t<div class=\"hero-inner\">\n<p class=\"header__desc\">Die Preise beinhalten bereits die entsprechende Art der lokalen oder allgemeinen An\u00e4sthesie.<\/p>\n<\/div>\n\t\t\t\t\t\t\t\t<\/div>\n\t\t\t\t<\/div>\n\t\t\t\t\t<\/div>\n\t\t<\/div>\n\t\t\t\t<div class=\"elementor-column elementor-col-50 elementor-top-column elementor-element elementor-element-cbc339e elementor-hidden-tablet elementor-hidden-mobile\" data-id=\"cbc339e\" data-element_type=\"column\" data-e-type=\"column\" data-settings=\"{&quot;background_background&quot;:&quot;classic&quot;}\">\n\t\t\t<div class=\"elementor-widget-wrap\">\n\t\t\t\t\t\t\t<\/div>\n\t\t<\/div>\n\t\t\t\t\t<\/div>\n\t\t<\/section>\n\t\t<div class=\"elementor-element elementor-element-a7f5f2c e-flex e-con-boxed e-con e-parent\" data-id=\"a7f5f2c\" data-element_type=\"container\" data-e-type=\"container\" data-settings=\"{&quot;jet_parallax_layout_list&quot;:[]}\">\n\t\t\t\t\t<div class=\"e-con-inner\">\n\t\t<div class=\"elementor-element elementor-element-37bcffd e-con-full e-flex e-con e-child\" data-id=\"37bcffd\" data-element_type=\"container\" data-e-type=\"container\" data-settings=\"{&quot;jet_parallax_layout_list&quot;:[]}\">\n\t\t\t\t<div data-dce-text-color=\"#000000\" class=\"elementor-element elementor-element-775115c pricelist-content elementor-widget elementor-widget-text-editor\" data-id=\"775115c\" data-element_type=\"widget\" data-e-type=\"widget\" data-widget_type=\"text-editor.default\">\n\t\t\t\t<div class=\"elementor-widget-container\">\n\t\t\t\t\t\t\t\t\t<h2 style=\"color: #000; padding-bottom: 10px;\">ENTFERNUNG VON TATTOOS UND PERMANENT MAKE-UP MIT LASER<\/h2>\r\n\r\n<h3 style=\"color: #000; margin-top: 30px; margin-bottom: 20px;\">Klassisches Tattoo<\/h3>\r\n<p style=\"margin: 10px 0;\">F\u00fcr eine genauere Preiskalkulation und Sch\u00e4tzung der erforderlichen Behandlungsanzahl senden Sie uns bitte ein Foto Ihres Tattoos mit einem daneben gelegten Lineal sowie Informationen \u00fcber dessen Alter an die E-Mail-Adresse info@premier-clinic.cz<\/p>\r\n\r\n<table style=\"border: none; background: none;\" border=\"0\" cellspacing=\"0\" cellpadding=\"0\">\r\n<tbody>\r\n<tr>\r\n<td style=\"border: none; background: none;\">Kleines Tattoo<\/td>\r\n<td style=\"border: none; text-align: right; background: none;\">ca. 1 850 \u2013 2 850 CZK \/ ca. 74,0 \u2013 114,0 EUR<\/td>\r\n<\/tr>\r\n<tr>\r\n<td style=\"border: none; background: none;\">Mittleres Tattoo<\/td>\r\n<td style=\"border: none; text-align: right; background: none;\">ca. 2 950 \u2013 3 950 CZK \/ ca. 118,0 \u2013 158,0 EUR<\/td>\r\n<\/tr>\r\n<tr>\r\n<td style=\"border: none; background: none;\">Gro\u00dfes Tattoo<\/td>\r\n<td style=\"border: none; text-align: right; background: none;\">ca. 4 050 \u2013 5 050 CZK \/ ca. 162,0 \u2013 202,0 EUR<\/td>\r\n<\/tr>\r\n<tr>\r\n<td style=\"border: none; background: none;\">Sehr gro\u00dffl\u00e4chiges Tattoo<\/td>\r\n<td style=\"border: none; text-align: right; background: none;\">ca. 5 150 CZK und mehr \/ ca. 206,0 EUR und mehr<\/td>\r\n<\/tr>\r\n<\/tbody>\r\n<\/table>\r\n\r\n<h3 style=\"color: #000; margin-top: 30px; margin-bottom: 20px;\">Permanent Make-up<\/h3>\r\n<table style=\"border: none; background: none;\" border=\"0\" cellspacing=\"0\" cellpadding=\"0\">\r\n<tbody>\r\n<tr>\r\n<td style=\"border: none; background: none;\">Beide Augenbrauen<\/td>\r\n<td style=\"border: none; text-align: right; background: none;\">3 140 CZK \/ ca. 125,6 EUR<\/td>\r\n<\/tr>\r\n<tr>\r\n<td style=\"border: none; background: none;\">Teil der oberen Lidstriche au\u00dferhalb des beweglichen Lids<\/td>\r\n<td style=\"border: none; text-align: right; background: none;\">3 000 CZK \/ ca. 120,0 EUR<\/td>\r\n<\/tr>\r\n<tr>\r\n<td style=\"border: none; background: none;\">Obere Lidstriche<\/td>\r\n<td style=\"border: none; text-align: right; background: none;\">5 150 CZK \/ ca. 206,0 EUR<\/td>\r\n<\/tr>\r\n<tr>\r\n<td style=\"border: none; background: none;\">Untere Lidstriche<\/td>\r\n<td style=\"border: none; text-align: right; background: none;\">4 350 CZK \/ ca. 174,0 EUR<\/td>\r\n<\/tr>\r\n<tr>\r\n<td style=\"border: none; background: none;\">Lippenkontur<\/td>\r\n<td style=\"border: none; text-align: right; background: none;\">2 890 CZK \/ ca. 115,6 EUR<\/td>\r\n<\/tr>\r\n<tr>\r\n<td style=\"border: none; background: none;\">Volle Lippen<\/td>\r\n<td style=\"border: none; text-align: right; background: none;\">4 500 CZK \/ ca. 180,0 EUR<\/td>\r\n<\/tr>\r\n<\/tbody>\r\n<\/table>\r\n\r\n<h2 style=\"color: #000; padding-bottom: 10px; margin-top: 30px;\">EPILATION \u2013 HAARENTFERNUNG<\/h2>\r\n<table style=\"border: none; background: none;\" border=\"0\" cellspacing=\"0\" cellpadding=\"0\">\r\n<tbody>\r\n<tr>\r\n<td style=\"border: none; background: none;\">Oberlippe<\/td>\r\n<td style=\"border: none; text-align: right; background: none;\">760 CZK \/ ca. 30,4 EUR<\/td>\r\n<\/tr>\r\n<tr>\r\n<td style=\"border: none; background: none;\">Zwischen den Augenbrauen<\/td>\r\n<td style=\"border: none; text-align: right; background: none;\">750 CZK \/ ca. 30,0 EUR<\/td>\r\n<\/tr>\r\n<tr>\r\n<td style=\"border: none; background: none;\">Kinn<\/td>\r\n<td style=\"border: none; text-align: right; background: none;\">1 210 CZK \/ ca. 48,4 EUR<\/td>\r\n<\/tr>\r\n<tr>\r\n<td style=\"border: none; background: none;\">Kinn und unter dem Kinn<\/td>\r\n<td style=\"border: none; text-align: right; background: none;\">1 820 CZK \/ ca. 72,8 EUR<\/td>\r\n<\/tr>\r\n<tr>\r\n<td style=\"border: none; background: none;\">Beide Koteletten<\/td>\r\n<td style=\"border: none; text-align: right; background: none;\">1 320 CZK \/ ca. 52,8 EUR<\/td>\r\n<\/tr>\r\n<tr>\r\n<td style=\"border: none; background: none;\">Wangen<\/td>\r\n<td style=\"border: none; text-align: right; background: none;\">2 040 CZK \/ ca. 81,6 EUR<\/td>\r\n<\/tr>\r\n<tr>\r\n<td style=\"border: none; background: none;\">Bartbereich<\/td>\r\n<td style=\"border: none; text-align: right; background: none;\">2 590 CZK \/ ca. 103,6 EUR<\/td>\r\n<\/tr>\r\n<tr>\r\n<td style=\"border: none; background: none;\">Augenbrauenumgebung<\/td>\r\n<td style=\"border: none; text-align: right; background: none;\">1 850 CZK \/ ca. 74,0 EUR<\/td>\r\n<\/tr>\r\n<tr>\r\n<td style=\"border: none; background: none;\">Nacken<\/td>\r\n<td style=\"border: none; text-align: right; background: none;\">1 920 CZK \/ ca. 76,8 EUR<\/td>\r\n<\/tr>\r\n<tr>\r\n<td style=\"border: none; background: none;\">Schultern<\/td>\r\n<td style=\"border: none; text-align: right; background: none;\">3 080 CZK \/ ca. 123,2 EUR<\/td>\r\n<\/tr>\r\n<tr>\r\n<td style=\"border: none; background: none;\">Beide Achseln<\/td>\r\n<td style=\"border: none; text-align: right; background: none;\">2 010 CZK \/ ca. 80,4 EUR<\/td>\r\n<\/tr>\r\n<tr>\r\n<td style=\"border: none; background: none;\">Unterarme<\/td>\r\n<td style=\"border: none; text-align: right; background: none;\">2 480 CZK \/ ca. 99,2 EUR<\/td>\r\n<\/tr>\r\n<tr>\r\n<td style=\"border: none; background: none;\">Oberarme<\/td>\r\n<td style=\"border: none; text-align: right; background: none;\">2 420 CZK \/ ca. 96,8 EUR<\/td>\r\n<\/tr>\r\n<tr>\r\n<td style=\"border: none; background: none;\">Ganze Arme<\/td>\r\n<td style=\"border: none; text-align: right; background: none;\">3 740 CZK \/ ca. 149,6 EUR<\/td>\r\n<\/tr>\r\n<tr>\r\n<td style=\"border: none; background: none;\">Brust<\/td>\r\n<td style=\"border: none; text-align: right; background: none;\">3 840 CZK \/ ca. 153,6 EUR<\/td>\r\n<\/tr>\r\n<tr>\r\n<td style=\"border: none; background: none;\">Brustwarzenumgebung<\/td>\r\n<td style=\"border: none; text-align: right; background: none;\">1 520 CZK \/ ca. 60,8 EUR<\/td>\r\n<\/tr>\r\n<tr>\r\n<td style=\"border: none; background: none;\">Bauchnabel<\/td>\r\n<td style=\"border: none; text-align: right; background: none;\">1 320 CZK \/ ca. 52,8 EUR<\/td>\r\n<\/tr>\r\n<tr>\r\n<td style=\"border: none; background: none;\">Bauch<\/td>\r\n<td style=\"border: none; text-align: right; background: none;\">2 860 CZK \/ ca. 114,4 EUR<\/td>\r\n<\/tr>\r\n<tr>\r\n<td style=\"border: none; background: none;\">R\u00fccken<\/td>\r\n<td style=\"border: none; text-align: right; background: none;\">5 000 CZK \/ ca. 200,0 EUR<\/td>\r\n<\/tr>\r\n<tr>\r\n<td style=\"border: none; background: none;\">Bikinizone<\/td>\r\n<td style=\"border: none; text-align: right; background: none;\">2 480 CZK \/ ca. 99,2 EUR<\/td>\r\n<\/tr>\r\n<tr>\r\n<td style=\"border: none; background: none;\">Brazilian<\/td>\r\n<td style=\"border: none; text-align: right; background: none;\">3 170 CZK \/ ca. 126,8 EUR<\/td>\r\n<\/tr>\r\n<tr>\r\n<td style=\"border: none; background: none;\">Intimbereich \u2013 M\u00e4nner<\/td>\r\n<td style=\"border: none; text-align: right; background: none;\">4 500 CZK \/ ca. 180,0 EUR<\/td>\r\n<\/tr>\r\n<tr>\r\n<td style=\"border: none; background: none;\">Ges\u00e4\u00df<\/td>\r\n<td style=\"border: none; text-align: right; background: none;\">3 030 CZK \/ ca. 121,2 EUR<\/td>\r\n<\/tr>\r\n<tr>\r\n<td style=\"border: none; background: none;\">Analbereich<\/td>\r\n<td style=\"border: none; text-align: right; background: none;\">3 520 CZK \/ ca. 140,8 EUR<\/td>\r\n<\/tr>\r\n<tr>\r\n<td style=\"border: none; background: none;\">Oberschenkel<\/td>\r\n<td style=\"border: none; text-align: right; background: none;\">5 060 CZK \/ ca. 202,4 EUR<\/td>\r\n<\/tr>\r\n<tr>\r\n<td style=\"border: none; background: none;\">Knie<\/td>\r\n<td style=\"border: none; text-align: right; background: none;\">1 850 CZK \/ ca. 74,0 EUR<\/td>\r\n<\/tr>\r\n<tr>\r\n<td style=\"border: none; background: none;\">Unterschenkel<\/td>\r\n<td style=\"border: none; text-align: right; background: none;\">3 840 CZK \/ ca. 153,6 EUR<\/td>\r\n<\/tr>\r\n<tr>\r\n<td style=\"border: none; background: none;\">Beide Fu\u00dfr\u00fccken<\/td>\r\n<td style=\"border: none; text-align: right; background: none;\">1 210 CZK \/ ca. 48,4 EUR<\/td>\r\n<\/tr>\r\n<tr>\r\n<td style=\"border: none; background: none;\">Finger H\u00e4nde oder F\u00fc\u00dfe<\/td>\r\n<td style=\"border: none; text-align: right; background: none;\">1 190 CZK \/ ca. 47,6 EUR<\/td>\r\n<\/tr>\r\n<tr>\r\n<td style=\"border: none; background: none;\">Ganze Beine<\/td>\r\n<td style=\"border: none; text-align: right; background: none;\">7 200 CZK \/ ca. 288,0 EUR<\/td>\r\n<\/tr>\r\n<tr>\r\n<td style=\"border: none; background: none;\">Ganzer K\u00f6rper<\/td>\r\n<td style=\"border: none; text-align: right; background: none;\">16 360 CZK \/ ca. 654,4 EUR<\/td>\r\n<\/tr>\r\n<tr>\r\n<td style=\"border: none; background: none;\">Rasur vor der Behandlung<\/td>\r\n<td style=\"border: none; text-align: right; background: none;\">530 CZK \/ ca. 21,2 EUR<\/td>\r\n<\/tr>\r\n<\/tbody>\r\n<\/table>\r\n\r\n<h2 style=\"color: #000; padding-bottom: 10px; margin-top: 30px;\">CELLULITE-REDUKTION UND K\u00d6RPERFORMUNG<\/h2>\r\n<table style=\"border: none; background: none;\" border=\"0\" cellspacing=\"0\" cellpadding=\"0\">\r\n<tbody>\r\n<tr>\r\n<td style=\"border: none; background: none;\">Sto\u00dfwelle 1 (paariger) Bereich<\/td>\r\n<td style=\"border: none; text-align: right; background: none;\">2 310 CZK \/ ca. 92,4 EUR<\/td>\r\n<\/tr>\r\n<tr>\r\n<td style=\"border: none; background: none;\">Paket 7 x Sto\u00dfwelle 1 Bereich<\/td>\r\n<td style=\"border: none; text-align: right; background: none;\">15 250 CZK \/ ca. 610,0 EUR<\/td>\r\n<\/tr>\r\n<tr>\r\n<td style=\"border: none; background: none;\">Sto\u00dfwelle 2 (paarige) Bereiche<\/td>\r\n<td style=\"border: none; text-align: right; background: none;\">3 470 CZK \/ ca. 138,8 EUR<\/td>\r\n<\/tr>\r\n<tr>\r\n<td style=\"border: none; background: none;\">Lymphdrainage Ballancer 30 Min.<\/td>\r\n<td style=\"border: none; text-align: right; background: none;\">520 CZK \/ ca. 20,8 EUR<\/td>\r\n<\/tr>\r\n<tr>\r\n<td style=\"border: none; background: none;\">Paket 10 x Lymphdrainage Ballancer 30 Min.<\/td>\r\n<td style=\"border: none; text-align: right; background: none;\">4 640 CZK \/ ca. 185,6 EUR<\/td>\r\n<\/tr>\r\n<tr>\r\n<td style=\"border: none; background: none;\">Lymphdrainage Ballancer 50 Min.<\/td>\r\n<td style=\"border: none; text-align: right; background: none;\">730 CZK \/ ca. 29,2 EUR<\/td>\r\n<\/tr>\r\n<tr>\r\n<td style=\"border: none; background: none;\">Paket 10 x Lymphdrainage Ballancer 50 Min.<\/td>\r\n<td style=\"border: none; text-align: right; background: none;\">6 530 CZK \/ ca. 261,2 EUR<\/td>\r\n<\/tr>\r\n<\/tbody>\r\n<\/table>\r\n\r\n<h2 style=\"color: #000; padding-bottom: 10px; margin-top: 30px;\">\u00c4STHETISCHE MEDIZIN<\/h2>\r\n\r\n<h3 style=\"color: #000; margin-top: 30px; margin-bottom: 20px;\">Apparative Verj\u00fcngung<\/h3>\r\n\r\n<h4 style=\"color: #000; margin-top: 25px; margin-bottom: 15px;\">Verj\u00fcngung mit fraktioniertem CO2-Laser<\/h4>\r\n<p style=\"margin: 10px 0;\">Die fraktionierte Laserverj\u00fcngung der Haut ist eine minimalinvasive Behandlung, die feine Falten verbessert, Pigmentflecken und Aknenarben reduziert, den Hautton vereinheitlicht und die Hauttextur verbessert.<\/p>\r\n\r\n<table style=\"border: none; background: none;\" border=\"0\" cellspacing=\"0\" cellpadding=\"0\">\r\n<tbody>\r\n<tr>\r\n<td style=\"border: none; background: none;\">Augenpartie \u2013 Madonna Eye Lift<\/td>\r\n<td style=\"border: none; text-align: right; background: none;\">10 960 CZK \/ ca. 438,4 EUR<\/td>\r\n<\/tr>\r\n<tr>\r\n<td style=\"border: none; background: none;\">Gesicht<\/td>\r\n<td style=\"border: none; text-align: right; background: none;\">14 950 CZK \/ ca. 618 EUR<\/td>\r\n<\/tr>\r\n<tr>\r\n<td style=\"border: none; background: none;\">Hals<\/td>\r\n<td style=\"border: none; text-align: right; background: none;\">10 290 CZK \/ ca. 411,6 EUR<\/td>\r\n<\/tr>\r\n<\/tbody>\r\n<\/table>\r\n\r\n<h4 style=\"color: #000; margin-top: 25px; margin-bottom: 15px;\">Nicht-invasive Verj\u00fcngung mit Fotona-Laser<\/h4>\r\n<p style=\"margin: 10px 0;\">Die Hautverj\u00fcngung mit dem Fotona-Laser (\u201eLaserlifting&#8220;) ist eine nicht-invasive Behandlung der oberfl\u00e4chlichen und tiefen Gesichtsschichten mit dem Ziel der Straffung, Gl\u00e4ttung der Haut und allgemeinen Verj\u00fcngung. Der Vorteil ist die sofortige Wirkung und minimale Erholungszeit. Der Eingriff ist auch f\u00fcr die Sommerzeit geeignet.<\/p>\r\n\r\n<table style=\"border: none; background: none;\" border=\"0\" cellspacing=\"0\" cellpadding=\"0\">\r\n<tbody>\r\n<tr>\r\n<td style=\"border: none; background: none;\">Gesicht \u2013 Fotona 4D Lift 1 Behandlung<\/td>\r\n<td style=\"border: none; text-align: right; background: none;\">20 900 CZK \/ ca. 836,0 EUR<\/td>\r\n<\/tr>\r\n<tr>\r\n<td style=\"border: none; background: none;\">2. und jede weitere Behandlung<\/td>\r\n<td style=\"border: none; text-align: right; background: none;\">15 900 CZK \/ ca. 636,0 EUR<\/td>\r\n<\/tr>\r\n<tr>\r\n<td style=\"border: none; background: none;\">Augenpartie \u2013 Fotona Smooth Eye 1 Behandlung<\/td>\r\n<td style=\"border: none; text-align: right; background: none;\">6 600 CZK \/ ca. 264,0 EUR<\/td>\r\n<\/tr>\r\n<tr>\r\n<td style=\"border: none; background: none;\">Laser-Brauenlifting \u2013 Fotona Vector Lift\/ Foxy Eyes 1 Behandlung<\/td>\r\n<td style=\"border: none; text-align: right; background: none;\">10 890 CZK \/ ca. 435,6 EUR<\/td>\r\n<\/tr>\r\n<\/tbody>\r\n<\/table>\r\n\r\n<h4 style=\"color: #000; margin-top: 25px; margin-bottom: 15px;\">Mikronadelradiofrequenz Secret<\/h4>\r\n<p style=\"margin: 10px 0;\">Die Mikronadelradiofrequenz ist eine minimalinvasive Verj\u00fcngungsmethode, die die Vorteile von Microneedling und Radiofrequenz kombiniert. Sie stimuliert die Produktion von Kollagen und Elastin, wodurch sie die Hautfestigkeit verbessert, Falten, Aknenarben und Dehnungsstreifen reduziert, Poren minimiert und den Hautton vereinheitlicht. Die Behandlung wird von einer Krankenschwester durchgef\u00fchrt.<\/p>\r\n\r\n<table style=\"border: none; background: none;\" border=\"0\" cellspacing=\"0\" cellpadding=\"0\">\r\n<tbody>\r\n<tr>\r\n<td style=\"border: none; background: none;\">Augen- und Mundpartie<\/td>\r\n<td style=\"border: none; text-align: right; background: none;\">4 500 CZK \/ ca. 180,0 EUR<\/td>\r\n<\/tr>\r\n<tr>\r\n<td style=\"border: none; background: none;\">Dehnungsstreifen 1 Bereich<\/td>\r\n<td style=\"border: none; text-align: right; background: none;\">4 600 CZK \/ ca. 184,0 EUR<\/td>\r\n<\/tr>\r\n<tr>\r\n<td style=\"border: none; background: none;\">Dekollet\u00e9<\/td>\r\n<td style=\"border: none; text-align: right; background: none;\">5 200 CZK \/ ca. 208,0 EUR<\/td>\r\n<\/tr>\r\n<tr>\r\n<td style=\"border: none; background: none;\">Hals<\/td>\r\n<td style=\"border: none; text-align: right; background: none;\">4 150 CZK \/ ca. 166,0 EUR<\/td>\r\n<\/tr>\r\n<tr>\r\n<td style=\"border: none; background: none;\">Gesicht<\/td>\r\n<td style=\"border: none; text-align: right; background: none;\">5 440 CZK \/ ca. 217,6 EUR<\/td>\r\n<\/tr>\r\n<tr>\r\n<td style=\"border: none; background: none;\">Gesicht + Hals + Dekollet\u00e9<\/td>\r\n<td style=\"border: none; text-align: right; background: none;\">11 960 CZK \/ ca. 478,4 EUR<\/td>\r\n<\/tr>\r\n<tr>\r\n<td style=\"border: none; background: none;\">Augenpartie<\/td>\r\n<td style=\"border: none; text-align: right; background: none;\">3 630 CZK \/ ca. 145,2 EUR<\/td>\r\n<\/tr>\r\n<tr>\r\n<td style=\"border: none; background: none;\">Wangen<\/td>\r\n<td style=\"border: none; text-align: right; background: none;\">3 840 CZK \/ ca. 153,6 EUR<\/td>\r\n<\/tr>\r\n<tr>\r\n<td style=\"border: none; background: none;\">Schwei\u00dfreduktion<\/td>\r\n<td style=\"border: none; text-align: right; background: none;\">6 200 CZK \/ ca. 248,0 EUR<\/td>\r\n<\/tr>\r\n<\/tbody>\r\n<\/table>\r\n\r\n<h3 style=\"color: #000; margin-top: 30px; margin-bottom: 20px;\">Behandlung von \u00c4derchen, Pigmentierungen, Narben<\/h3>\r\n<table style=\"border: none; background: none;\" border=\"0\" cellspacing=\"0\" cellpadding=\"0\">\r\n<tbody>\r\n<tr>\r\n<td style=\"border: none; background: none;\">Laserentfernung von \u00c4derchen<\/td>\r\n<td style=\"border: none; text-align: right; background: none;\">ab 3 300 CZK \/ je nach Umfang \/ ca. 132,0 EUR<\/td>\r\n<\/tr>\r\n<tr>\r\n<td style=\"border: none; background: none;\">Laserbehandlung von Pigmentierungen<\/td>\r\n<td style=\"border: none; text-align: right; background: none;\">ab 1 980 CZK \/ je nach Umfang \/ ca. 79,2 EUR<\/td>\r\n<\/tr>\r\n<tr>\r\n<td style=\"border: none; background: none;\">Laserbehandlung von Narben<\/td>\r\n<td style=\"border: none; text-align: right; background: none;\">ab 1 980 CZK \/ je nach Umfang \/ ca. 79,2 EUR<\/td>\r\n<\/tr>\r\n<tr>\r\n<td style=\"border: none; background: none;\">Narbendissektion<\/td>\r\n<td style=\"border: none; text-align: right; background: none;\">ab 1 390 CZK \/ je nach Umfang \/ ca. 55,6 EUR<\/td>\r\n<\/tr>\r\n<tr>\r\n<td style=\"border: none; background: none;\">Chemisches Peeling<\/td>\r\n<td style=\"border: none; text-align: right; background: none;\">ab 2 990 CZK \/ je nach Umfang \/ ca. 119,6 EUR<\/td>\r\n<\/tr>\r\n<tr>\r\n<td style=\"border: none; background: none;\">Kohlenstoff-Peeling<\/td>\r\n<td style=\"border: none; text-align: right; background: none;\">ab 2 500 CZK<\/td>\r\n<\/tr>\r\n<\/tbody>\r\n<\/table>\r\n<ul style=\"margin: 10px 0; padding-left: 20px;\">\r\n<li style=\"margin-bottom: 8px;\">Paket mit 5 Aknebehandlungen nach Wahl mit 20% Rabatt.<\/li>\r\n<\/ul>\r\n\r\n<h3 style=\"color: #000; margin-top: 30px; margin-bottom: 20px;\">IPL<\/h3>\r\n<p style=\"margin: 10px 0;\">IPL (Intense Pulsed Light) ist eine Lichttherapiemethode zur Behandlung von Pigmentflecken, R\u00f6tungen, erweiterten \u00c4derchen und zur allgemeinen Verbesserung des Hautbildes. Die Behandlung wird von einer Krankenschwester durchgef\u00fchrt.<\/p>\r\n\r\n<table style=\"border: none; background: none;\" border=\"0\" cellspacing=\"0\" cellpadding=\"0\">\r\n<tbody>\r\n<tr>\r\n<td style=\"border: none; background: none;\">IPL-Behandlung Gesicht<\/td>\r\n<td style=\"border: none; text-align: right; background: none;\">3 100 CZK \/ ca. 124,0 EUR<\/td>\r\n<\/tr>\r\n<tr>\r\n<td style=\"border: none; background: none;\">IPL-Behandlung Gesicht + Hals<\/td>\r\n<td style=\"border: none; text-align: right; background: none;\">4 470 CZK \/ ca. 178,8 EUR<\/td>\r\n<\/tr>\r\n<\/tbody>\r\n<\/table>\r\n<ul style=\"margin: 10px 0; padding-left: 20px;\">\r\n<li style=\"margin-bottom: 8px;\">Paket mit 5 Aknebehandlungen nach Wahl mit 20% Rabatt.<\/li>\r\n<\/ul>\r\n\r\n<p style=\"font-style: italic; margin: 20px 0 10px 0; color: #7f8c8d;\"><strong>Hinweis:<\/strong><\/p>\r\n\r\n<ul style=\"margin: 10px 0; padding-left: 20px;\">\r\n<li style=\"margin-bottom: 8px;\">Die Kosten f\u00fcr Lokalan\u00e4sthesie sind in den Preisen f\u00fcr dermato-\u00e4sthetische Behandlungen nicht enthalten.<\/li>\r\n<li style=\"margin-bottom: 8px;\">Sofern nicht anders angegeben, gelten die Preise f\u00fcr 1 Behandlung.<\/li>\r\n<li style=\"margin-bottom: 8px;\">Alle Preise verstehen sich inklusive der entsprechenden Mehrwertsteuer.<\/li>\r\n<li style=\"margin-bottom: 8px;\">Sonderangebote k\u00f6nnen nur bar oder mit Karte bezahlt werden.<\/li>\r\n<li style=\"margin-bottom: 8px;\">Rabatte sind nicht kombinierbar.<\/li>\r\n<li style=\"margin-bottom: 8px;\">In der Premier Clinic k\u00f6nnen nur erwachsene Patienten behandelt werden.<\/li>\r\n<li style=\"margin-bottom: 8px;\">Die Preisliste gilt ab 1.9.2025<\/li>\r\n<\/ul>\t\t\t\t\t\t\t\t<\/div>\n\t\t\t\t<\/div>\n\t\t\t\t<\/div>\n\t\t\t\t\t<\/div>\n\t\t\t\t<\/div>\n\t\t\t\t<\/div>","protected":false},"excerpt":{"rendered":"<p>Preislist lasermedizin Die Preise beinhalten bereits die entsprechende Art der lokalen oder allgemeinen An\u00e4sthesie. ENTFERNUNG VON TATTOOS UND PERMANENT MAKE-UP MIT LASER Klassisches Tattoo F\u00fcr eine genauere Preiskalkulation und Sch\u00e4tzung der erforderlichen Behandlungsanzahl senden Sie uns bitte ein Foto Ihres Tattoos mit einem daneben gelegten Lineal sowie Informationen \u00fcber dessen Alter an die E-Mail-Adresse info@premier-clinic.cz [&hellip;]<\/p>\n","protected":false},"author":21,"featured_media":0,"parent":0,"menu_order":0,"comment_status":"closed","ping_status":"closed","template":"elementor_header_footer","meta":{"_acf_changed":false,"footnotes":""},"class_list":["post-38471","page","type-page","status-publish","hentry"],"acf":[],"_links":{"self":[{"href":"https:\/\/www.premier-clinic.cz\/de\/wp-json\/wp\/v2\/pages\/38471","targetHints":{"allow":["GET"]}}],"collection":[{"href":"https:\/\/www.premier-clinic.cz\/de\/wp-json\/wp\/v2\/pages"}],"about":[{"href":"https:\/\/www.premier-clinic.cz\/de\/wp-json\/wp\/v2\/types\/page"}],"author":[{"embeddable":true,"href":"https:\/\/www.premier-clinic.cz\/de\/wp-json\/wp\/v2\/users\/21"}],"replies":[{"embeddable":true,"href":"https:\/\/www.premier-clinic.cz\/de\/wp-json\/wp\/v2\/comments?post=38471"}],"version-history":[{"count":0,"href":"https:\/\/www.premier-clinic.cz\/de\/wp-json\/wp\/v2\/pages\/38471\/revisions"}],"wp:attachment":[{"href":"https:\/\/www.premier-clinic.cz\/de\/wp-json\/wp\/v2\/media?parent=38471"}],"curies":[{"name":"wp","href":"https:\/\/api.w.org\/{rel}","templated":true}]}}