{"id":38735,"date":"2025-09-28T20:27:56","date_gmt":"2025-09-28T20:27:56","guid":{"rendered":"https:\/\/www.premier-clinic.cz\/vermietung-eines-operationssaals\/"},"modified":"2025-12-08T12:49:33","modified_gmt":"2025-12-08T12:49:33","slug":"vermietung-eines-operationssaals","status":"publish","type":"page","link":"https:\/\/www.premier-clinic.cz\/de\/vermietung-eines-operationssaals\/","title":{"rendered":"Vermietung des Operationssaals"},"content":{"rendered":"<div data-elementor-type=\"wp-page\" data-elementor-id=\"38735\" class=\"elementor elementor-38735 elementor-38724\" data-elementor-post-type=\"page\">\n\t\t\t\t\t\t<section data-dce-background-image-url=\"https:\/\/www.premier-clinic.cz\/wp-content\/uploads\/2025\/12\/04842-PremierClinic-JiriSebek-Www.jpg\" class=\"elementor-section elementor-top-section elementor-element elementor-element-4fd938d elementor-section-height-min-height elementor-section-items-stretch elementor-section-boxed elementor-section-height-default\" data-id=\"4fd938d\" data-element_type=\"section\" data-e-type=\"section\" data-settings=\"{&quot;jet_parallax_layout_list&quot;:[{&quot;jet_parallax_layout_image&quot;:{&quot;url&quot;:&quot;&quot;,&quot;id&quot;:&quot;&quot;,&quot;size&quot;:&quot;&quot;},&quot;_id&quot;:&quot;60571f2&quot;,&quot;jet_parallax_layout_image_tablet&quot;:{&quot;url&quot;:&quot;&quot;,&quot;id&quot;:&quot;&quot;,&quot;size&quot;:&quot;&quot;},&quot;jet_parallax_layout_image_mobile&quot;:{&quot;url&quot;:&quot;&quot;,&quot;id&quot;:&quot;&quot;,&quot;size&quot;:&quot;&quot;},&quot;jet_parallax_layout_speed&quot;:{&quot;unit&quot;:&quot;%&quot;,&quot;size&quot;:50,&quot;sizes&quot;:[]},&quot;jet_parallax_layout_type&quot;:&quot;scroll&quot;,&quot;jet_parallax_layout_direction&quot;:null,&quot;jet_parallax_layout_fx_direction&quot;:null,&quot;jet_parallax_layout_z_index&quot;:&quot;&quot;,&quot;jet_parallax_layout_bg_x&quot;:50,&quot;jet_parallax_layout_bg_x_tablet&quot;:&quot;&quot;,&quot;jet_parallax_layout_bg_x_mobile&quot;:&quot;&quot;,&quot;jet_parallax_layout_bg_y&quot;:50,&quot;jet_parallax_layout_bg_y_tablet&quot;:&quot;&quot;,&quot;jet_parallax_layout_bg_y_mobile&quot;:&quot;&quot;,&quot;jet_parallax_layout_bg_size&quot;:&quot;auto&quot;,&quot;jet_parallax_layout_bg_size_tablet&quot;:&quot;&quot;,&quot;jet_parallax_layout_bg_size_mobile&quot;:&quot;&quot;,&quot;jet_parallax_layout_animation_prop&quot;:&quot;transform&quot;,&quot;jet_parallax_layout_on&quot;:[&quot;desktop&quot;,&quot;tablet&quot;]}],&quot;background_background&quot;:&quot;classic&quot;}\">\n\t\t\t\t\t\t\t<div class=\"elementor-background-overlay\"><\/div>\n\t\t\t\t\t\t\t<div class=\"elementor-container elementor-column-gap-default\">\n\t\t\t\t\t<div class=\"elementor-column elementor-col-50 elementor-top-column elementor-element elementor-element-fd65c91\" data-id=\"fd65c91\" data-element_type=\"column\" data-e-type=\"column\">\n\t\t\t<div class=\"elementor-widget-wrap elementor-element-populated\">\n\t\t\t\t\t\t<div data-dce-title-color=\"#000000\" class=\"elementor-element elementor-element-695efbb elementor-widget__width-auto elementor-widget elementor-widget-heading\" data-id=\"695efbb\" data-element_type=\"widget\" data-e-type=\"widget\" data-widget_type=\"heading.default\">\n\t\t\t\t<div class=\"elementor-widget-container\">\n\t\t\t\t\t<h1 class=\"elementor-heading-title elementor-size-default\">Miete eines Operationssaals<\/h1>\t\t\t\t<\/div>\n\t\t\t\t<\/div>\n\t\t\t\t<div data-dce-text-color=\"#000000\" class=\"elementor-element elementor-element-4545a3a elementor-widget elementor-widget-text-editor\" data-id=\"4545a3a\" data-element_type=\"widget\" data-e-type=\"widget\" data-widget_type=\"text-editor.default\">\n\t\t\t\t<div class=\"elementor-widget-container\">\n\t\t\t\t\t\t\t\t\t<p>Sie suchen nach modern ausgestatteten Operationsr\u00e4umen im Zentrum von Prag f\u00fcr Ihre Patienten oder spezialisierte Eingriffe? Die Premier Clinic bietet die M\u00f6glichkeit, voll ausgestattete Operationss\u00e4le mit professioneller technischer und personeller Unterst\u00fctzung, Komfort und hohen Pflege-Standards zu mieten.<\/p>\n\t\t\t\t\t\t\t\t<\/div>\n\t\t\t\t<\/div>\n\t\t\t\t\t<\/div>\n\t\t<\/div>\n\t\t\t\t<div class=\"elementor-column elementor-col-50 elementor-top-column elementor-element elementor-element-23f3b01\" data-id=\"23f3b01\" data-element_type=\"column\" data-e-type=\"column\" data-settings=\"{&quot;background_background&quot;:&quot;classic&quot;}\">\n\t\t\t<div class=\"elementor-widget-wrap\">\n\t\t\t\t\t\t\t<\/div>\n\t\t<\/div>\n\t\t\t\t\t<\/div>\n\t\t<\/section>\n\t\t<div class=\"elementor-element elementor-element-43051a2 e-flex e-con-boxed e-con e-parent\" data-id=\"43051a2\" data-element_type=\"container\" data-e-type=\"container\" data-settings=\"{&quot;jet_parallax_layout_list&quot;:[]}\">\n\t\t\t\t\t<div class=\"e-con-inner\">\n\t\t\t\t<div class=\"elementor-element elementor-element-dfb6c71 elementor-widget elementor-widget-text-editor\" data-id=\"dfb6c71\" data-element_type=\"widget\" data-e-type=\"widget\" data-widget_type=\"text-editor.default\">\n\t\t\t\t<div class=\"elementor-widget-container\">\n\t\t\t\t\t\t\t\t\t<p style=\"font-weight: 300;\"><span style=\"color: #000000;\"><b><strong>Warum sollten Sie gerade uns w\u00e4hlen?<\/strong><\/b><\/span><\/p>\n<ul style=\"font-weight: 300;\">\n<li><span style=\"color: #000000;\"><b><strong>3 superaseptische Operationss\u00e4le<\/strong><\/b>\u00a0\u2013 hochmoderne S\u00e4le einschlie\u00dflich <b><strong>Laminarstr\u00f6mung<\/strong><\/b>\u00a0und neuester Technologie f\u00fcr einen sicheren Ablauf der Eingriffe.<\/span><\/li>\n<li><span style=\"color: #000000;\"><b><strong>18 Betten mit vollst\u00e4ndiger \u00dcberwachung<\/strong><\/b>\u00a0\u2013 jedes Bett ist mit einer vollst\u00e4ndigen \u00dcberwachung der Lebensfunktionen ausgestattet, um maximale Sicherheit f\u00fcr die Patienten zu gew\u00e4hrleisten.<\/span><\/li>\n<li><span style=\"color: #000000;\"><b><strong>Medizinische Gase in den Zimmern<\/strong><\/b>\u00a0\u2013 Komfort und Sicherheit der Patienten garantiert direkt in den Aufwachr\u00e4umen.<\/span><\/li>\n<li><span style=\"color: #000000;\"><b><strong>Erstklassige technische Ausstattung<\/strong><\/b>\u00a0\u2013 High-Tech-Ger\u00e4te, M\u00f6glichkeit der Low-Flow-An\u00e4sthesie gem\u00e4\u00df den Anforderungen.<\/span><\/li>\n<li><span style=\"color: #000000;\"><b><strong>Sterile und sichere Umgebung<\/strong><\/b>\u00a0\u2013 strenge europ\u00e4ische Standards und zertifizierte Protokolle.<\/span><\/li>\n<li><span style=\"color: #000000;\"><b><strong>Komfortable Umgebung<\/strong><\/b>\u00a0\u2013 moderne Aufwachr\u00e4ume im Stil eines Hotelapartments, verbunden mit den Operationsr\u00e4umen.<\/span><\/li>\n<li><span style=\"color: #000000;\"><b><strong>Parken im Geb\u00e4ude<\/strong><\/b>\u00a0\u2013 diskrete Parkm\u00f6glichkeiten direkt im Klinikgeb\u00e4ude mit direktem Zugang per Aufzug zu den R\u00e4umlichkeiten der Klinik.<\/span><\/li>\n<li><span style=\"color: #000000;\"><b><strong>Professionelles Team<\/strong><\/b>\u00a0\u2013 nach Vereinbarung steht ein An\u00e4sthesist, OP-Schwester und Pflegekr\u00e4fte zur Verf\u00fcgung. Alternativ k\u00f6nnen Sie Ihr eigenes Team mitbringen.<\/span><\/li>\n<li><span style=\"color: #000000;\"><b><strong>Flexible Vermietung<\/strong><\/b>\u00a0\u2013 kurz- und langfristige Optionen nach Ihren Bed\u00fcrfnissen.<\/span><\/li>\n<\/ul>\n<p style=\"font-weight: 300;\"><span style=\"color: #000000;\"><b><strong>Weitere Informationen unter:\u00a0<a style=\"font-weight: 400; color: #000000;\" href=\"mailto:management@premier-clinic.cz\">management@premier-clinic.cz<\/a><\/strong><\/b><\/span><\/p>\n\t\t\t\t\t\t\t\t<\/div>\n\t\t\t\t<\/div>\n\t\t\t\t\t<\/div>\n\t\t\t\t<\/div>\n\t\t<div class=\"elementor-element elementor-element-7e53088 e-flex e-con-boxed e-con e-parent\" data-id=\"7e53088\" data-element_type=\"container\" data-e-type=\"container\" data-settings=\"{&quot;jet_parallax_layout_list&quot;:[]}\">\n\t\t\t\t\t<div class=\"e-con-inner\">\n\t\t\t\t<div class=\"elementor-element elementor-element-653f687 elementor-widget elementor-widget-gallery\" data-id=\"653f687\" data-element_type=\"widget\" data-e-type=\"widget\" data-settings=\"{&quot;gallery_layout&quot;:&quot;masonry&quot;,&quot;columns&quot;:3,&quot;lazyload&quot;:&quot;yes&quot;,&quot;columns_tablet&quot;:2,&quot;columns_mobile&quot;:1,&quot;gap&quot;:{&quot;unit&quot;:&quot;px&quot;,&quot;size&quot;:10,&quot;sizes&quot;:[]},&quot;gap_tablet&quot;:{&quot;unit&quot;:&quot;px&quot;,&quot;size&quot;:10,&quot;sizes&quot;:[]},&quot;gap_mobile&quot;:{&quot;unit&quot;:&quot;px&quot;,&quot;size&quot;:10,&quot;sizes&quot;:[]},&quot;link_to&quot;:&quot;file&quot;,&quot;overlay_background&quot;:&quot;yes&quot;,&quot;content_hover_animation&quot;:&quot;fade-in&quot;}\" data-widget_type=\"gallery.default\">\n\t\t\t\t<div class=\"elementor-widget-container\">\n\t\t\t\t\t\t\t<div class=\"elementor-gallery__container\">\n\t\t\t\t\t\t\t<a class=\"e-gallery-item elementor-gallery-item elementor-animated-content\" href=\"https:\/\/www.premier-clinic.cz\/wp-content\/uploads\/2025\/12\/04869-PremierClinic-JiriSebek-Www.jpg\" data-elementor-open-lightbox=\"yes\" data-elementor-lightbox-slideshow=\"653f687\" data-e-action-hash=\"#elementor-action%3Aaction%3Dlightbox%26settings%3DeyJpZCI6Mzk1OTMsInVybCI6Imh0dHBzOlwvXC93d3cucHJlbWllci1jbGluaWMuY3pcL3dwLWNvbnRlbnRcL3VwbG9hZHNcLzIwMjVcLzEyXC8wNDg2OS1QcmVtaWVyQ2xpbmljLUppcmlTZWJlay1Xd3cuanBnIiwic2xpZGVzaG93IjoiNjUzZjY4NyJ9\">\n\t\t\t\t\t<div class=\"e-gallery-image elementor-gallery-item__image\" data-thumbnail=\"https:\/\/www.premier-clinic.cz\/wp-content\/uploads\/2025\/12\/04869-PremierClinic-JiriSebek-Www.jpg\" data-width=\"1920\" data-height=\"1280\" aria-label=\"\" role=\"img\" ><\/div>\n\t\t\t\t\t\t\t\t\t\t\t<div class=\"elementor-gallery-item__overlay\"><\/div>\n\t\t\t\t\t\t\t\t\t\t\t\t\t\t<\/a>\n\t\t\t\t\t\t\t<a class=\"e-gallery-item elementor-gallery-item elementor-animated-content\" href=\"https:\/\/www.premier-clinic.cz\/wp-content\/uploads\/2025\/12\/05060-PremierClinic-JiriSebek-Www.jpg\" data-elementor-open-lightbox=\"yes\" data-elementor-lightbox-slideshow=\"653f687\" data-e-action-hash=\"#elementor-action%3Aaction%3Dlightbox%26settings%3DeyJpZCI6Mzk1NzcsInVybCI6Imh0dHBzOlwvXC93d3cucHJlbWllci1jbGluaWMuY3pcL3dwLWNvbnRlbnRcL3VwbG9hZHNcLzIwMjVcLzEyXC8wNTA2MC1QcmVtaWVyQ2xpbmljLUppcmlTZWJlay1Xd3cuanBnIiwic2xpZGVzaG93IjoiNjUzZjY4NyJ9\">\n\t\t\t\t\t<div class=\"e-gallery-image elementor-gallery-item__image\" data-thumbnail=\"https:\/\/www.premier-clinic.cz\/wp-content\/uploads\/2025\/12\/05060-PremierClinic-JiriSebek-Www.jpg\" data-width=\"1920\" data-height=\"1281\" aria-label=\"\" role=\"img\" ><\/div>\n\t\t\t\t\t\t\t\t\t\t\t<div class=\"elementor-gallery-item__overlay\"><\/div>\n\t\t\t\t\t\t\t\t\t\t\t\t\t\t<\/a>\n\t\t\t\t\t\t\t<a class=\"e-gallery-item elementor-gallery-item elementor-animated-content\" href=\"https:\/\/www.premier-clinic.cz\/wp-content\/uploads\/2025\/12\/05005-PremierClinic-JiriSebek-Www.jpg\" data-elementor-open-lightbox=\"yes\" data-elementor-lightbox-slideshow=\"653f687\" data-e-action-hash=\"#elementor-action%3Aaction%3Dlightbox%26settings%3DeyJpZCI6Mzk1NjksInVybCI6Imh0dHBzOlwvXC93d3cucHJlbWllci1jbGluaWMuY3pcL3dwLWNvbnRlbnRcL3VwbG9hZHNcLzIwMjVcLzEyXC8wNTAwNS1QcmVtaWVyQ2xpbmljLUppcmlTZWJlay1Xd3cuanBnIiwic2xpZGVzaG93IjoiNjUzZjY4NyJ9\">\n\t\t\t\t\t<div class=\"e-gallery-image elementor-gallery-item__image\" data-thumbnail=\"https:\/\/www.premier-clinic.cz\/wp-content\/uploads\/2025\/12\/05005-PremierClinic-JiriSebek-Www.jpg\" data-width=\"1920\" data-height=\"1280\" aria-label=\"\" role=\"img\" ><\/div>\n\t\t\t\t\t\t\t\t\t\t\t<div class=\"elementor-gallery-item__overlay\"><\/div>\n\t\t\t\t\t\t\t\t\t\t\t\t\t\t<\/a>\n\t\t\t\t\t\t\t<a class=\"e-gallery-item elementor-gallery-item elementor-animated-content\" href=\"https:\/\/www.premier-clinic.cz\/wp-content\/uploads\/2025\/12\/04985-PremierClinic-JiriSebek-Www.jpg\" data-elementor-open-lightbox=\"yes\" data-elementor-lightbox-slideshow=\"653f687\" data-e-action-hash=\"#elementor-action%3Aaction%3Dlightbox%26settings%3DeyJpZCI6Mzk1NjEsInVybCI6Imh0dHBzOlwvXC93d3cucHJlbWllci1jbGluaWMuY3pcL3dwLWNvbnRlbnRcL3VwbG9hZHNcLzIwMjVcLzEyXC8wNDk4NS1QcmVtaWVyQ2xpbmljLUppcmlTZWJlay1Xd3cuanBnIiwic2xpZGVzaG93IjoiNjUzZjY4NyJ9\">\n\t\t\t\t\t<div class=\"e-gallery-image elementor-gallery-item__image\" data-thumbnail=\"https:\/\/www.premier-clinic.cz\/wp-content\/uploads\/2025\/12\/04985-PremierClinic-JiriSebek-Www.jpg\" data-width=\"1920\" data-height=\"1282\" aria-label=\"\" role=\"img\" ><\/div>\n\t\t\t\t\t\t\t\t\t\t\t<div class=\"elementor-gallery-item__overlay\"><\/div>\n\t\t\t\t\t\t\t\t\t\t\t\t\t\t<\/a>\n\t\t\t\t\t\t\t<a class=\"e-gallery-item elementor-gallery-item elementor-animated-content\" href=\"https:\/\/www.premier-clinic.cz\/wp-content\/uploads\/2025\/12\/04955-PremierClinic-JiriSebek-Www.jpg\" data-elementor-open-lightbox=\"yes\" data-elementor-lightbox-slideshow=\"653f687\" data-e-action-hash=\"#elementor-action%3Aaction%3Dlightbox%26settings%3DeyJpZCI6Mzk1NTMsInVybCI6Imh0dHBzOlwvXC93d3cucHJlbWllci1jbGluaWMuY3pcL3dwLWNvbnRlbnRcL3VwbG9hZHNcLzIwMjVcLzEyXC8wNDk1NS1QcmVtaWVyQ2xpbmljLUppcmlTZWJlay1Xd3cuanBnIiwic2xpZGVzaG93IjoiNjUzZjY4NyJ9\">\n\t\t\t\t\t<div class=\"e-gallery-image elementor-gallery-item__image\" data-thumbnail=\"https:\/\/www.premier-clinic.cz\/wp-content\/uploads\/2025\/12\/04955-PremierClinic-JiriSebek-Www.jpg\" data-width=\"1920\" data-height=\"1281\" aria-label=\"\" role=\"img\" ><\/div>\n\t\t\t\t\t\t\t\t\t\t\t<div class=\"elementor-gallery-item__overlay\"><\/div>\n\t\t\t\t\t\t\t\t\t\t\t\t\t\t<\/a>\n\t\t\t\t\t\t\t<a class=\"e-gallery-item elementor-gallery-item elementor-animated-content\" href=\"https:\/\/www.premier-clinic.cz\/wp-content\/uploads\/2025\/12\/04907-PremierClinic-JiriSebek-Www.jpg\" data-elementor-open-lightbox=\"yes\" data-elementor-lightbox-slideshow=\"653f687\" data-e-action-hash=\"#elementor-action%3Aaction%3Dlightbox%26settings%3DeyJpZCI6Mzk1NDUsInVybCI6Imh0dHBzOlwvXC93d3cucHJlbWllci1jbGluaWMuY3pcL3dwLWNvbnRlbnRcL3VwbG9hZHNcLzIwMjVcLzEyXC8wNDkwNy1QcmVtaWVyQ2xpbmljLUppcmlTZWJlay1Xd3cuanBnIiwic2xpZGVzaG93IjoiNjUzZjY4NyJ9\">\n\t\t\t\t\t<div class=\"e-gallery-image elementor-gallery-item__image\" data-thumbnail=\"https:\/\/www.premier-clinic.cz\/wp-content\/uploads\/2025\/12\/04907-PremierClinic-JiriSebek-Www.jpg\" data-width=\"1920\" data-height=\"1280\" aria-label=\"\" role=\"img\" ><\/div>\n\t\t\t\t\t\t\t\t\t\t\t<div class=\"elementor-gallery-item__overlay\"><\/div>\n\t\t\t\t\t\t\t\t\t\t\t\t\t\t<\/a>\n\t\t\t\t\t<\/div>\n\t\t\t\t\t<\/div>\n\t\t\t\t<\/div>\n\t\t\t\t\t<\/div>\n\t\t\t\t<\/div>\n\t\t\t\t<\/div>","protected":false},"excerpt":{"rendered":"<p>Miete eines Operationssaals Sie suchen nach modern ausgestatteten Operationsr\u00e4umen im Zentrum von Prag f\u00fcr Ihre Patienten oder spezialisierte Eingriffe? Die Premier Clinic bietet die M\u00f6glichkeit, voll ausgestattete Operationss\u00e4le mit professioneller technischer und personeller Unterst\u00fctzung, Komfort und hohen Pflege-Standards zu mieten. Warum sollten Sie gerade uns w\u00e4hlen? 3 superaseptische Operationss\u00e4le\u00a0\u2013 hochmoderne S\u00e4le einschlie\u00dflich Laminarstr\u00f6mung\u00a0und neuester Technologie [&hellip;]<\/p>\n","protected":false},"author":21,"featured_media":0,"parent":0,"menu_order":0,"comment_status":"closed","ping_status":"closed","template":"elementor_header_footer","meta":{"_acf_changed":false,"footnotes":""},"class_list":["post-38735","page","type-page","status-publish","hentry"],"acf":[],"_links":{"self":[{"href":"https:\/\/www.premier-clinic.cz\/de\/wp-json\/wp\/v2\/pages\/38735","targetHints":{"allow":["GET"]}}],"collection":[{"href":"https:\/\/www.premier-clinic.cz\/de\/wp-json\/wp\/v2\/pages"}],"about":[{"href":"https:\/\/www.premier-clinic.cz\/de\/wp-json\/wp\/v2\/types\/page"}],"author":[{"embeddable":true,"href":"https:\/\/www.premier-clinic.cz\/de\/wp-json\/wp\/v2\/users\/21"}],"replies":[{"embeddable":true,"href":"https:\/\/www.premier-clinic.cz\/de\/wp-json\/wp\/v2\/comments?post=38735"}],"version-history":[{"count":0,"href":"https:\/\/www.premier-clinic.cz\/de\/wp-json\/wp\/v2\/pages\/38735\/revisions"}],"wp:attachment":[{"href":"https:\/\/www.premier-clinic.cz\/de\/wp-json\/wp\/v2\/media?parent=38735"}],"curies":[{"name":"wp","href":"https:\/\/api.w.org\/{rel}","templated":true}]}}