{"id":41299,"date":"2026-03-25T15:35:04","date_gmt":"2026-03-25T15:35:04","guid":{"rendered":"https:\/\/www.premier-clinic.cz\/preisliste-bildgebende-verfahren\/"},"modified":"2026-03-25T15:35:30","modified_gmt":"2026-03-25T15:35:30","slug":"preisliste-bildgebende-verfahren","status":"publish","type":"page","link":"https:\/\/www.premier-clinic.cz\/de\/preisliste-bildgebende-verfahren\/","title":{"rendered":"Preisliste - Bildgebende Verfahren"},"content":{"rendered":"<div data-elementor-type=\"wp-page\" data-elementor-id=\"41299\" class=\"elementor elementor-41299 elementor-41293\" data-elementor-post-type=\"page\">\n\t\t\t\t\t\t<section data-dce-background-overlay-image-url=\"https:\/\/www.premier-clinic.cz\/wp-content\/uploads\/2021\/07\/foto.png\" class=\"elementor-section elementor-top-section elementor-element elementor-element-eff0d4b elementor-section-height-min-height elementor-section-items-stretch heading-bg-image overlay-image-hidden elementor-section-boxed elementor-section-height-default\" data-id=\"eff0d4b\" data-element_type=\"section\" data-e-type=\"section\" data-settings=\"{&quot;jet_parallax_layout_list&quot;:[{&quot;jet_parallax_layout_image&quot;:{&quot;url&quot;:&quot;&quot;,&quot;id&quot;:&quot;&quot;,&quot;size&quot;:&quot;&quot;},&quot;_id&quot;:&quot;60571f2&quot;,&quot;jet_parallax_layout_image_tablet&quot;:{&quot;url&quot;:&quot;&quot;,&quot;id&quot;:&quot;&quot;,&quot;size&quot;:&quot;&quot;},&quot;jet_parallax_layout_image_mobile&quot;:{&quot;url&quot;:&quot;&quot;,&quot;id&quot;:&quot;&quot;,&quot;size&quot;:&quot;&quot;},&quot;jet_parallax_layout_speed&quot;:{&quot;unit&quot;:&quot;%&quot;,&quot;size&quot;:50,&quot;sizes&quot;:[]},&quot;jet_parallax_layout_type&quot;:&quot;scroll&quot;,&quot;jet_parallax_layout_direction&quot;:null,&quot;jet_parallax_layout_fx_direction&quot;:null,&quot;jet_parallax_layout_z_index&quot;:&quot;&quot;,&quot;jet_parallax_layout_bg_x&quot;:50,&quot;jet_parallax_layout_bg_x_tablet&quot;:&quot;&quot;,&quot;jet_parallax_layout_bg_x_mobile&quot;:&quot;&quot;,&quot;jet_parallax_layout_bg_y&quot;:50,&quot;jet_parallax_layout_bg_y_tablet&quot;:&quot;&quot;,&quot;jet_parallax_layout_bg_y_mobile&quot;:&quot;&quot;,&quot;jet_parallax_layout_bg_size&quot;:&quot;auto&quot;,&quot;jet_parallax_layout_bg_size_tablet&quot;:&quot;&quot;,&quot;jet_parallax_layout_bg_size_mobile&quot;:&quot;&quot;,&quot;jet_parallax_layout_animation_prop&quot;:&quot;transform&quot;,&quot;jet_parallax_layout_on&quot;:[&quot;desktop&quot;,&quot;tablet&quot;]}],&quot;background_background&quot;:&quot;classic&quot;}\">\n\t\t\t\t\t\t\t<div class=\"elementor-background-overlay\"><\/div>\n\t\t\t\t\t\t\t<div class=\"elementor-container elementor-column-gap-default\">\n\t\t\t\t\t<div class=\"elementor-column elementor-col-50 elementor-top-column elementor-element elementor-element-615a286\" data-id=\"615a286\" data-element_type=\"column\" data-e-type=\"column\">\n\t\t\t<div class=\"elementor-widget-wrap elementor-element-populated\">\n\t\t\t\t<!-- dce invisible element 8f61107 -->\t\t<div data-dce-title-color=\"#000000\" class=\"elementor-element elementor-element-9d46492 elementor-widget__width-auto description description-heading nogap elementor-widget-mobile__width-inherit elementor-widget elementor-widget-heading\" data-id=\"9d46492\" data-element_type=\"widget\" data-e-type=\"widget\" data-widget_type=\"heading.default\">\n\t\t\t\t<div class=\"elementor-widget-container\">\n\t\t\t\t\t<h1 class=\"elementor-heading-title elementor-size-default\"> Preisliste der bildgebenden Verfahren <\/h1>\t\t\t\t<\/div>\n\t\t\t\t<\/div>\n\t\t\t\t\t<\/div>\n\t\t<\/div>\n\t\t\t\t<div class=\"elementor-column elementor-col-50 elementor-top-column elementor-element elementor-element-506126c elementor-hidden-tablet elementor-hidden-mobile\" data-id=\"506126c\" data-element_type=\"column\" data-e-type=\"column\" data-settings=\"{&quot;background_background&quot;:&quot;classic&quot;}\">\n\t\t\t<div class=\"elementor-widget-wrap\">\n\t\t\t\t\t\t\t<\/div>\n\t\t<\/div>\n\t\t\t\t\t<\/div>\n\t\t<\/section>\n\t\t<div class=\"elementor-element elementor-element-0bdb306 e-flex e-con-boxed e-con e-parent\" data-id=\"0bdb306\" data-element_type=\"container\" data-e-type=\"container\" data-settings=\"{&quot;jet_parallax_layout_list&quot;:[]}\">\n\t\t\t\t\t<div class=\"e-con-inner\">\n\t\t<div class=\"elementor-element elementor-element-15b2411 e-con-full pricelist-content e-flex e-con e-child\" data-id=\"15b2411\" data-element_type=\"container\" data-e-type=\"container\" data-settings=\"{&quot;jet_parallax_layout_list&quot;:[]}\">\n\t\t\t\t<div data-dce-text-color=\"#000000\" class=\"elementor-element elementor-element-95853d2 pricelist-content pricelist-table elementor-widget elementor-widget-text-editor\" data-id=\"95853d2\" data-element_type=\"widget\" data-e-type=\"widget\" data-widget_type=\"text-editor.default\">\n\t\t\t\t<div class=\"elementor-widget-container\">\n\t\t\t\t\t\t\t\t\t<table style=\"border: none; background: none; margin-block-end: 0;\" border=\"0\" cellspacing=\"0\" cellpadding=\"0\"><tbody><tr><td style=\"border: none; background: none;\">Brustultraschall<\/td><td style=\"border: none; text-align: right; background: none; white-space: nowrap;\">1 800 CZK \/ ca. 72 EUR<\/td><\/tr><\/tbody><\/table>\t\t\t\t\t\t\t\t<\/div>\n\t\t\t\t<\/div>\n\t\t\t\t<div data-dce-title-color=\"#000000\" class=\"elementor-element elementor-element-9f8a7ee pricelist-content pricelist-section-heading elementor-widget elementor-widget-heading\" data-id=\"9f8a7ee\" data-element_type=\"widget\" data-e-type=\"widget\" data-widget_type=\"heading.default\">\n\t\t\t\t<div class=\"elementor-widget-container\">\n\t\t\t\t\t<h2 class=\"elementor-heading-title elementor-size-default\">KONSULTATION<\/h2>\t\t\t\t<\/div>\n\t\t\t\t<\/div>\n\t\t\t\t<div data-dce-text-color=\"#000000\" class=\"elementor-element elementor-element-a9972f7 pricelist-content pricelist-table elementor-widget elementor-widget-text-editor\" data-id=\"a9972f7\" data-element_type=\"widget\" data-e-type=\"widget\" data-widget_type=\"text-editor.default\">\n\t\t\t\t<div class=\"elementor-widget-container\">\n\t\t\t\t\t\t\t\t\t<table style=\"border: none; background: none; margin-block-end: 0;\" border=\"0\" cellspacing=\"0\" cellpadding=\"0\"><tbody><tr><td style=\"border: none; background: none;\">Ultraschalluntersuchung des gesamten Bauches (Leber, Gallenblase, Galleng\u00e4nge, Bauchspeicheldr\u00fcse, Milz, Nieren, Blase, gyn\u00e4kologische Organe \/ Prostata und Hoden, gro\u00dfe Bauchgef\u00e4\u00dfe, Bauchlymphknoten)<\/td><td style=\"border: none; text-align: right; background: none; white-space: nowrap;\">3 300 CZK \/ ca. 132 EUR<\/td><\/tr><tr><td style=\"border: none; background: none;\">Ultraschalluntersuchung des kleinen Beckens (Nieren, Blase, gyn\u00e4kologische Organe \/ Prostata, regionale Lymphknoten)<\/td><td style=\"border: none; text-align: right; background: none; white-space: nowrap;\">2 800 CZK \/ ca. 112 EUR<\/td><\/tr><tr><td style=\"border: none; background: none;\">Ultraschalluntersuchung des Halses (Schilddr\u00fcse, Speicheldr\u00fcsen, Halslymphknoten)<\/td><td style=\"border: none; text-align: right; background: none; white-space: nowrap;\">1 700 CZK \/ ca. 68 EUR<\/td><\/tr><tr><td style=\"border: none; background: none;\">Ultraschalluntersuchung der Lymphknoten (Hals, Achsel, Leiste)<\/td><td style=\"border: none; text-align: right; background: none; white-space: nowrap;\">1 700 CZK \/ ca. 68 EUR<\/td><\/tr><tr><td style=\"border: none; background: none;\">Ultraschalluntersuchung der Venen der unteren Extremit\u00e4ten (Gef\u00e4\u00dfe der unteren Extremit\u00e4ten)<\/td><td style=\"border: none; text-align: right; background: none; white-space: nowrap;\">2 500 CZK \/ ca. 100 EUR<\/td><\/tr><tr><td style=\"border: none; background: none;\">Ganzk\u00f6rper-Sonographieuntersuchung f\u00fcr M\u00e4nner (Leber, Gallenblase, Galleng\u00e4nge, Bauchspeicheldr\u00fcse, Milz, Nieren, Blase, Prostata, Hoden, gro\u00dfe Bauchgef\u00e4\u00dfe, Bauchlymphknoten, Schilddr\u00fcse, Speicheldr\u00fcsen, Halslymphknoten, Lymphknoten im Hals, Achsel u<\/td><td style=\"border: none; text-align: right; background: none; white-space: nowrap;\">10 000 CZK \/ ca. 400 EUR<\/td><\/tr><tr><td style=\"border: none; background: none;\">Ganzk\u00f6rper-Sonographieuntersuchung f\u00fcr Frauen (Brust, Leber, Gallenblase, Galleng\u00e4nge, Bauchspeicheldr\u00fcse, Milz, Nieren, Blase, gyn\u00e4kologische Organe, gro\u00dfe Bauchgef\u00e4\u00dfe, Bauchlymphknoten, Schilddr\u00fcse, Speicheldr\u00fcsen, Halslymphknoten, Lymphknoten im H<\/td><td style=\"border: none; text-align: right; background: none; white-space: nowrap;\">12 000 CZK \/ ca. 480 EUR<\/td><\/tr><\/tbody><\/table>\t\t\t\t\t\t\t\t<\/div>\n\t\t\t\t<\/div>\n\t\t\t\t<div data-dce-text-color=\"#000000\" class=\"elementor-element elementor-element-41c22f7 pricelist-content pricelist-notes elementor-widget elementor-widget-text-editor\" data-id=\"41c22f7\" data-element_type=\"widget\" data-e-type=\"widget\" data-widget_type=\"text-editor.default\">\n\t\t\t\t<div class=\"elementor-widget-container\">\n\t\t\t\t\t\t\t\t\t<p style=\"font-style: italic;margin: 20px 0 0 0;color: #7f8c8d\"><strong>Hinweis:<\/strong><\/p>\n<ul style=\"margin: 10px 0;padding-left: 20px\">\n \t<li>Aktionsangebote k\u00f6nnen nur in bar oder mit Karte bezahlt werden.<\/li>\n \t<li>Alle Preise verstehen sich inklusive der entsprechenden Mehrwertsteuer.<\/li>\n \t<li>Alle angegebenen Preise sind Grundpreise, die je nach Komplexit\u00e4t des Eingriffs nach einer pers\u00f6nlichen Konsultation individuell erh\u00f6ht werden k\u00f6nnen. Der Betreiber, PC Healthcare s.r.o. und Premier Clinic s.r.o., beh\u00e4lt sich das Recht vor, den jeweiligen Eingriff nicht durchzuf\u00fchren, sofern der Klient f\u00fcr den betreffenden Eingriff nicht indiziert ist oder der Eingriff aufgrund des Gesundheitszustands des Klienten nicht durchgef\u00fchrt werden kann.<\/li>\n \t<li>Die Preisliste ist g\u00fcltig ab 17.3.2026.<\/li>\n<\/ul>\t\t\t\t\t\t\t\t<\/div>\n\t\t\t\t<\/div>\n\t\t\t\t<\/div>\n\t\t\t\t\t<\/div>\n\t\t\t\t<\/div>\n\t\t\t\t<\/div>","protected":false},"excerpt":{"rendered":"<p>Preisliste der bildgebenden Verfahren Sono prs\u016f 1 800 K\u010d KONSULTATION Ultraschalluntersuchung des gesamten Bauches (Leber, Gallenblase, Galleng\u00e4nge, Bauchspeicheldr\u00fcse, Milz, Nieren, Blase, gyn\u00e4kologische Organe \/ Prostata und Hoden, gro\u00dfe Bauchgef\u00e4\u00dfe, Bauchlymphknoten) 3 300 K\u010d Ultraschalluntersuchung des kleinen Beckens (Nieren, Blase, gyn\u00e4kologische Organe \/ Prostata, regionale Lymphknoten) 2 800 K\u010d Ultraschalluntersuchung des Halses (Schilddr\u00fcse, Speicheldr\u00fcsen, Halslymphknoten) 1 [&hellip;]<\/p>\n","protected":false},"author":21,"featured_media":0,"parent":0,"menu_order":0,"comment_status":"closed","ping_status":"closed","template":"","meta":{"_acf_changed":false,"footnotes":""},"class_list":["post-41299","page","type-page","status-publish","hentry"],"acf":[],"_links":{"self":[{"href":"https:\/\/www.premier-clinic.cz\/de\/wp-json\/wp\/v2\/pages\/41299","targetHints":{"allow":["GET"]}}],"collection":[{"href":"https:\/\/www.premier-clinic.cz\/de\/wp-json\/wp\/v2\/pages"}],"about":[{"href":"https:\/\/www.premier-clinic.cz\/de\/wp-json\/wp\/v2\/types\/page"}],"author":[{"embeddable":true,"href":"https:\/\/www.premier-clinic.cz\/de\/wp-json\/wp\/v2\/users\/21"}],"replies":[{"embeddable":true,"href":"https:\/\/www.premier-clinic.cz\/de\/wp-json\/wp\/v2\/comments?post=41299"}],"version-history":[{"count":0,"href":"https:\/\/www.premier-clinic.cz\/de\/wp-json\/wp\/v2\/pages\/41299\/revisions"}],"wp:attachment":[{"href":"https:\/\/www.premier-clinic.cz\/de\/wp-json\/wp\/v2\/media?parent=41299"}],"curies":[{"name":"wp","href":"https:\/\/api.w.org\/{rel}","templated":true}]}}