{"id":11850,"date":"2021-12-23T13:28:40","date_gmt":"2021-12-23T13:28:40","guid":{"rendered":"https:\/\/www.premier-clinic.cz\/price-list-of-dermatology-and-laser-medicine\/"},"modified":"2025-09-09T19:52:22","modified_gmt":"2025-09-09T19:52:22","slug":"price-list-of-dermatology-and-laser-medicine","status":"publish","type":"page","link":"https:\/\/www.premier-clinic.cz\/en\/plastic-surgery-pricelist\/","title":{"rendered":"PRICE LIST PLASTIC AND VASCULAR SURGERY"},"content":{"rendered":"<div data-elementor-type=\"wp-page\" data-elementor-id=\"11850\" class=\"elementor elementor-11850 elementor-11811\" data-elementor-post-type=\"page\">\n\t\t\t\t\t\t<section class=\"elementor-section elementor-top-section elementor-element elementor-element-0f5053b elementor-section-height-min-height elementor-section-items-stretch heading-bg-image overlay-image-hidden elementor-section-boxed elementor-section-height-default\" data-id=\"0f5053b\" data-element_type=\"section\" data-e-type=\"section\" data-settings=\"{&quot;jet_parallax_layout_list&quot;:[{&quot;jet_parallax_layout_image&quot;:{&quot;url&quot;:&quot;&quot;,&quot;id&quot;:&quot;&quot;,&quot;size&quot;:&quot;&quot;},&quot;_id&quot;:&quot;60571f2&quot;,&quot;jet_parallax_layout_image_tablet&quot;:{&quot;url&quot;:&quot;&quot;,&quot;id&quot;:&quot;&quot;,&quot;size&quot;:&quot;&quot;},&quot;jet_parallax_layout_image_mobile&quot;:{&quot;url&quot;:&quot;&quot;,&quot;id&quot;:&quot;&quot;,&quot;size&quot;:&quot;&quot;},&quot;jet_parallax_layout_speed&quot;:{&quot;unit&quot;:&quot;%&quot;,&quot;size&quot;:50,&quot;sizes&quot;:[]},&quot;jet_parallax_layout_type&quot;:&quot;scroll&quot;,&quot;jet_parallax_layout_direction&quot;:null,&quot;jet_parallax_layout_fx_direction&quot;:null,&quot;jet_parallax_layout_z_index&quot;:&quot;&quot;,&quot;jet_parallax_layout_bg_x&quot;:50,&quot;jet_parallax_layout_bg_x_tablet&quot;:&quot;&quot;,&quot;jet_parallax_layout_bg_x_mobile&quot;:&quot;&quot;,&quot;jet_parallax_layout_bg_y&quot;:50,&quot;jet_parallax_layout_bg_y_tablet&quot;:&quot;&quot;,&quot;jet_parallax_layout_bg_y_mobile&quot;:&quot;&quot;,&quot;jet_parallax_layout_bg_size&quot;:&quot;auto&quot;,&quot;jet_parallax_layout_bg_size_tablet&quot;:&quot;&quot;,&quot;jet_parallax_layout_bg_size_mobile&quot;:&quot;&quot;,&quot;jet_parallax_layout_animation_prop&quot;:&quot;transform&quot;,&quot;jet_parallax_layout_on&quot;:[&quot;desktop&quot;,&quot;tablet&quot;]}],&quot;background_background&quot;:&quot;classic&quot;}\">\n\t\t\t\t\t\t\t<div class=\"elementor-background-overlay\"><\/div>\n\t\t\t\t\t\t\t<div class=\"elementor-container elementor-column-gap-default\">\n\t\t\t\t\t<div class=\"elementor-column elementor-col-50 elementor-top-column elementor-element elementor-element-1e16914\" data-id=\"1e16914\" data-element_type=\"column\" data-e-type=\"column\">\n\t\t\t<div class=\"elementor-widget-wrap elementor-element-populated\">\n\t\t\t\t\t\t<div class=\"elementor-element elementor-element-31d4fee overlay-image elementor-widget elementor-widget-image\" data-id=\"31d4fee\" data-element_type=\"widget\" data-e-type=\"widget\" data-widget_type=\"image.default\">\n\t\t\t\t<div class=\"elementor-widget-container\">\n\t\t\t\t\t\t\t\t\t\t\t\t\t\t\t<img fetchpriority=\"high\" decoding=\"async\" width=\"662\" height=\"628\" src=\"https:\/\/www.premier-clinic.cz\/wp-content\/uploads\/2021\/07\/foto.png\" class=\"attachment-large size-large wp-image-5645\" alt=\"obr\u00e1zek\" srcset=\"https:\/\/www.premier-clinic.cz\/wp-content\/uploads\/2021\/07\/foto.png 662w, https:\/\/www.premier-clinic.cz\/wp-content\/uploads\/2021\/07\/foto-600x569.png 600w, https:\/\/www.premier-clinic.cz\/wp-content\/uploads\/2021\/07\/foto-300x285.png 300w\" sizes=\"(max-width: 662px) 100vw, 662px\" title=\"obr\u00e1zek\">\t\t\t\t\t\t\t\t\t\t\t\t\t\t\t<\/div>\n\t\t\t\t<\/div>\n\t\t\t\t<div class=\"elementor-element elementor-element-3103ea2 elementor-widget__width-auto description description-heading nogap elementor-widget-mobile__width-inherit elementor-widget elementor-widget-heading\" data-id=\"3103ea2\" data-element_type=\"widget\" data-e-type=\"widget\" data-widget_type=\"heading.default\">\n\t\t\t\t<div class=\"elementor-widget-container\">\n\t\t\t\t\t<h1 class=\"elementor-heading-title elementor-size-default\">PRICE LIST PLASTIC AND VASCULAR SURGERY<\/h1>\t\t\t\t<\/div>\n\t\t\t\t<\/div>\n\t\t\t\t<div class=\"elementor-element elementor-element-f91903a description hasheading elementor-hidden-desktop elementor-hidden-tablet elementor-hidden-mobile elementor-widget elementor-widget-text-editor\" data-id=\"f91903a\" data-element_type=\"widget\" data-e-type=\"widget\" data-widget_type=\"text-editor.default\">\n\t\t\t\t<div class=\"elementor-widget-container\">\n\t\t\t\t\t\t\t\t\t<div class=\"hero-inner\">\n<p class=\"header__desc\">Prices already include the specified type of local or general anesthesia.<\/p>\n<\/div>\n\t\t\t\t\t\t\t\t<\/div>\n\t\t\t\t<\/div>\n\t\t\t\t\t<\/div>\n\t\t<\/div>\n\t\t\t\t<div class=\"elementor-column elementor-col-50 elementor-top-column elementor-element elementor-element-4a9a21e elementor-hidden-tablet elementor-hidden-mobile\" data-id=\"4a9a21e\" data-element_type=\"column\" data-e-type=\"column\" data-settings=\"{&quot;background_background&quot;:&quot;classic&quot;}\">\n\t\t\t<div class=\"elementor-widget-wrap\">\n\t\t\t\t\t\t\t<\/div>\n\t\t<\/div>\n\t\t\t\t\t<\/div>\n\t\t<\/section>\n\t\t\t\t<section class=\"elementor-section elementor-top-section elementor-element elementor-element-77fa47d elementor-section-boxed elementor-section-height-default elementor-section-height-default\" data-id=\"77fa47d\" data-element_type=\"section\" data-e-type=\"section\" data-settings=\"{&quot;jet_parallax_layout_list&quot;:[{&quot;jet_parallax_layout_image&quot;:{&quot;url&quot;:&quot;&quot;,&quot;id&quot;:&quot;&quot;,&quot;size&quot;:&quot;&quot;},&quot;_id&quot;:&quot;5d1ea9e&quot;,&quot;jet_parallax_layout_image_tablet&quot;:{&quot;url&quot;:&quot;&quot;,&quot;id&quot;:&quot;&quot;,&quot;size&quot;:&quot;&quot;},&quot;jet_parallax_layout_image_mobile&quot;:{&quot;url&quot;:&quot;&quot;,&quot;id&quot;:&quot;&quot;,&quot;size&quot;:&quot;&quot;},&quot;jet_parallax_layout_speed&quot;:{&quot;unit&quot;:&quot;%&quot;,&quot;size&quot;:50,&quot;sizes&quot;:[]},&quot;jet_parallax_layout_type&quot;:&quot;scroll&quot;,&quot;jet_parallax_layout_direction&quot;:null,&quot;jet_parallax_layout_fx_direction&quot;:null,&quot;jet_parallax_layout_z_index&quot;:&quot;&quot;,&quot;jet_parallax_layout_bg_x&quot;:50,&quot;jet_parallax_layout_bg_x_tablet&quot;:&quot;&quot;,&quot;jet_parallax_layout_bg_x_mobile&quot;:&quot;&quot;,&quot;jet_parallax_layout_bg_y&quot;:50,&quot;jet_parallax_layout_bg_y_tablet&quot;:&quot;&quot;,&quot;jet_parallax_layout_bg_y_mobile&quot;:&quot;&quot;,&quot;jet_parallax_layout_bg_size&quot;:&quot;auto&quot;,&quot;jet_parallax_layout_bg_size_tablet&quot;:&quot;&quot;,&quot;jet_parallax_layout_bg_size_mobile&quot;:&quot;&quot;,&quot;jet_parallax_layout_animation_prop&quot;:&quot;transform&quot;,&quot;jet_parallax_layout_on&quot;:[&quot;desktop&quot;,&quot;tablet&quot;]}]}\">\n\t\t\t\t\t\t<div class=\"elementor-container elementor-column-gap-default\">\n\t\t\t\t\t<div class=\"elementor-column elementor-col-100 elementor-top-column elementor-element elementor-element-1c06aa4\" data-id=\"1c06aa4\" data-element_type=\"column\" data-e-type=\"column\">\n\t\t\t<div class=\"elementor-widget-wrap elementor-element-populated\">\n\t\t\t\t\t\t<div class=\"elementor-element elementor-element-b78faa4 pricelist-content elementor-widget elementor-widget-text-editor\" data-id=\"b78faa4\" data-element_type=\"widget\" data-e-type=\"widget\" data-widget_type=\"text-editor.default\">\n\t\t\t\t<div class=\"elementor-widget-container\">\n\t\t\t\t\t\t\t\t\t<p><span style=\"font-size: 2.077rem; color: #000000; font-family: sans-serif;\">Vstupn\u00ed konzultace s plastick\u00fdm chirurgem<\/span><\/p><ul><li>1000 K\u010d<\/li><\/ul><div>\u00a0<\/div><div><span style=\"font-size: 2.077rem; color: #000000; font-family: sans-serif;\">Online konzultace s plastick\u00fdm chirurgem<\/span><ul style=\"font-size: 18px;\"><li>1000 K\u010d<\/li><\/ul><\/div><h3>3D Vizualizace zv\u011bt\u0161en\u00ed prsou<\/h3><ul><li>2500 K\u010d<\/li><\/ul><h3>Augmentace \u2013 zv\u011bt\u0161en\u00ed poprs\u00ed<\/h3><ul><li>Od 40 300 K\u010d (Cena nezahrnuje vybran\u00fd silikonov\u00fd implant\u00e1t zna\u010dky Motiva \/ Polytech \/ Mentor \/ B-lite \/ Nagor \/ Eurosilicone)<\/li><li>Cena za p\u00e1r implant\u00e1t\u016f od 35 400 K\u010d<\/li><\/ul><h3>Modelace, redukce poprs\u00ed<\/h3><ul><li>Modelace prsou od 61 500 K\u010d<\/li><li>Redukce prsou od 81 500 K\u010d<\/li><li>Modelace kolem dvorce 11 300 K\u010d<\/li><\/ul><h3>Modelace + Augmentace (zv\u011bt\u0161en\u00ed poprs\u00ed)<\/h3><ul><li>Od 65 000 K\u010d (Cena nezahrnuje vybran\u00fd silikonov\u00fd implant\u00e1t zna\u010dky Motiva \/ Polytech \/ Mentor \/ B-lite \/ Nagor \/ Eurosilicone)<\/li><\/ul><h3>Reaugmentace poprs\u00ed<\/h3><ul><li>Od 60 800 K\u010d (Cena nezahrnuje vybran\u00fd silikonov\u00fd implant\u00e1t zna\u010dky Motiva \/ Polytech \/ Mentor \/ B-lite \/ Nagor \/ Eurosilicone)<\/li><\/ul><div>\u00a0<\/div><div><h3>Explantace (Vyjmut\u00ed) silikonov\u00fdch implant\u00e1t\u016f<\/h3><ul style=\"font-size: 18px; background-image: none; background-color: #ffffff;\"><li style=\"background-image: none; background-color: #ffffff;\">Lze i v lok\u00e1ln\u00ed anestezii (bez odstran\u011bn\u00ed kapsuly), odstran\u011bn\u00ed kapsuly je nutn\u00e9 v celkov\u00e9 nark\u00f3ze<\/li><li style=\"background-image: none; background-color: #ffffff;\">Od 49 800 K\u010d<\/li><\/ul><div>\u00a0<\/div><\/div><h3>Gynekomastie<\/h3><ul><li>Extirpace \u017el\u00e1zy celkov\u00e1 anestezie od 54 000 K\u010d<\/li><li>Laserov\u00e1 liposukce v lok\u00e1ln\u00ed anestezii od 36 400 K\u010d<\/li><li>Extirpace \u017el\u00e1zy + laserov\u00e1 liposukce v celkov\u00e9 anestezii od 64 000 K\u010d<\/li><\/ul><h3>Ostatn\u00ed<\/h3><ul><li>Vp\u00e1\u010den\u00e9 bradavky 12 500 K\u010d<\/li><li>Zmen\u0161en\u00ed dvorc\u016f v lok\u00e1ln\u00ed anestezii 17 500 K\u010d<\/li><\/ul><div>\u00a0<\/div><div><h3 style=\"caret-color: #000000;\">Zv\u011bt\u0161en\u00ed rt\u016f Lip Lift (Chirurgick\u00e9 zv\u011bt\u0161en\u00ed rt\u016f bez v\u00fdpln\u011b)<\/h3><ul style=\"caret-color: #000000; color: #000000;\"><li>V lok\u00e1ln\u00ed anestezii 19 500 K\u010d<\/li><\/ul><\/div><h3>Tumescentn\u00ed liposukce v\u010detn\u011b ods\u00e1t\u00ed tuku<\/h3><ul><li>1 Oblast v lok\u00e1ln\u00ed anestezii (mo\u017enost prov\u00e9st i v celkov\u00e9 anestezii) \u2013 Men\u0161\u00ed b\u0159icho, boky, pa\u017ee, vnit\u0159n\u00ed\/vn\u011bj\u0161\u00ed stehna \u2013 od 32 500 K\u010d<\/li><li>Ka\u017ed\u00e1 dal\u0161\u00ed v\u011bt\u0161\u00ed oblast v lok\u00e1ln\u00ed anestezii (mo\u017enost prov\u00e9st i v celkov\u00e9 anestezii) od 18 500 K\u010d<\/li><li>1 Men\u0161\u00ed oblasti v lok\u00e1ln\u00ed anestezii (mo\u017enost prov\u00e9st i v celkov\u00e9 anestezii) \u2013 podbradek, kolena, kotn\u00edky \u2013 od 19 500 K\u010d<\/li><li>Ka\u017ed\u00e1 1 dal\u0161\u00ed men\u0161\u00ed oblast v lok\u00e1ln\u00ed anestezii (mo\u017enost prov\u00e9st i v celkov\u00e9 anestezii) \u2013 od 12 500 K\u010d<\/li><\/ul><h3>Laserov\u00e1 liposukce n\u011bmeck\u00fdm laserem 980 nm v\u010detn\u011b ods\u00e1t\u00ed tuku<\/h3><ul><li>Laserov\u00e1 liposukce v\u011bt\u0161\u00ed oblasti v lok\u00e1ln\u00ed anestezii (mo\u017enost prov\u00e9st i v celkov\u00e9 anestezii) \u2013 (b\u0159icho, boky, pa\u017ee, vnit\u0159n\u00ed\/vn\u011bj\u0161\u00ed stehna) od 33 500 K\u010d<\/li><li>Laserov\u00e1 liposukce ka\u017ed\u00e1 dal\u0161\u00ed v\u011bt\u0161\u00ed oblast od 18 500 K\u010d<\/li><li>Laserov\u00e1 liposukce men\u0161\u00ed oblasti v lok\u00e1ln\u00ed anestezii (mo\u017enost prov\u00e9st i v celkov\u00e9 anestezii) \u2013 (podbradek, kolena, kotn\u00edky) od 22 000 K\u010d<\/li><li>Laserov\u00e1 liposukce ka\u017ed\u00e1 dal\u0161\u00ed men\u0161\u00ed oblast od 12 500 K\u010d<\/li><\/ul><h3>Intimn\u00ed operace<\/h3><ul><li>Labioplastika v celkov\u00e9 anestezii od 24 800 K\u010d<\/li><\/ul><h3>Operace o\u010dn\u00edch v\u00ed\u010dek<\/h3><ul><li>Horn\u00ed v\u00ed\u010dka v lok\u00e1ln\u00ed anestezii od 18 900 K\u010d<\/li><li>Doln\u00ed v\u00ed\u010dka v lok\u00e1ln\u00ed anestezii od 21 900 K\u010d<\/li><li>Horn\u00ed a doln\u00ed v\u00ed\u010dka v lok\u00e1ln\u00ed anestezii od 37 620 K\u010d<\/li><li>Horn\u00ed a doln\u00ed v\u00ed\u010dka v celkov\u00e9 anestezii od 42 620 K\u010d<\/li><li>Transkonjuktiv\u00e1ln\u00ed operace v\u00ed\u010dek od 39 000 K\u010d<\/li><li>Lifting obo\u010d\u00ed v lok\u00e1ln\u00ed anestezii od 26 300 K\u010d<\/li><\/ul><h3>U\u0161i<\/h3><ul><li>Korekce odst\u00e1vaj\u00edc\u00edch boltc\u016f v lok\u00e1ln\u00ed anestezii 21 300 K\u010d<\/li><\/ul><h3>Operace b\u0159icha \u2013 abdominoplastika<\/h3><ul><li>Abdominoplastika od 51 300 K\u010d<\/li><li>Abdominoplastika v\u010detn\u011b operace sval\u016f od 58 300 K\u010d<\/li><li>Abdominoplastika + liposukce b\u0159icha od 61 300 K\u010d<\/li><li>Abdominoplastika + liposukce b\u0159icha a bok\u016f od 71 300 K\u010d<\/li><li>Abdominoplastika v\u010detn\u011b operace sval\u016f a liposukce b\u0159icha od 73 300 K\u010d<\/li><li>Abdominoplastika v\u010detn\u011b operace sval\u016f a liposukce b\u0159icha a bok\u016f od 80 300 K\u010d<\/li><li>Miniabdominoplastika od 42 300 K\u010d<\/li><li>Miniabdominoplastika v\u010detn\u011b operace sval\u016f od 49 300 K\u010d<\/li><li>Miniabdominoplastika v\u010detn\u011b liposukce b\u0159icha nebo bok\u016f od 52 300 K\u010d<\/li><li>Miniabdominoplastika v\u010detn\u011b liposukce b\u0159icha a bok\u016f od 63 300 K\u010d<\/li><li>Miniabdominoplastika v\u010detn\u011b operace sval\u016f + liposukce b\u0159icha nebo bok\u016f od 59 300 K\u010d<\/li><li>Miniabdominoplastika v\u010detn\u011b operace sval\u016f + liposukce b\u0159icha a bok\u016f od 69 300 K\u010d<\/li><\/ul><h3>Lifting stehen a pa\u017e\u00ed<\/h3><ul><li>Lifting stehen 73 000 K\u010d<\/li><li>Lifting stehen + liposukce 83 300 K\u010d<\/li><li>Lifting pa\u017e\u00ed 53 000 K\u010d<\/li><li>Lifting pa\u017e\u00ed + liposukce 63 300 K\u010d<\/li><\/ul><h3>Facelift<\/h3><ul><li>SMAS facelift od 84 000 K\u010d<\/li><li>Tk\u00e1\u0148ov\u00e9 lepidlo p\u0159\u00edplatek k faceliftu 11 000 K\u010d<\/li><li>SMAS facelift v kombinaci s liposukc\u00ed podbradku 96 500 K\u010d<\/li><li>Necklift v kombinaci se SMAS faceliftem 99 000 K\u010d<\/li><li>Mini facelift v LA \u2013 39 500 K\u010d<\/li><li>Mini facelift SMAS \u2013 43 500 K\u010d<\/li><\/ul><h3>Operace nosu \u2013 rhinoplastika<\/h3><ul><li>M\u011bkk\u00e1 \u010d\u00e1st \u2013 \u0161pi\u010dka nosu celkov\u00e1 anestezie 35 300 K\u010d<\/li><li>Operace cel\u00e9ho nosu \u2013 otev\u0159en\u00e1 rhinoplastika 51 300 K\u010d<\/li><li>Operace cel\u00e9ho nosu v\u010detn\u011b redukce k\u0159\u00eddel \u2013 otev\u0159en\u00e1 rhinoplastika 61 500 K\u010d<\/li><li>Septoplastika k rhinoplastice 19 300 K\u010d<\/li><\/ul><h3>Fat transfer \u2013 p\u0159enos tuku do r\u016fzn\u00fdch \u010d\u00e1st\u00ed t\u011bla<\/h3><ul><li>P\u0159enos tuku do prsou nebo h\u00fd\u017ed\u00ed (Brazilian Butt Lift) s liposukc\u00ed 1 oblasti od 62 800 K\u010d<\/li><li>P\u0159enos tuku do prsou nebo h\u00fd\u017ed\u00ed (Brazilian Butt Lift) s liposukc\u00ed 2 oblast\u00ed od 74 800 K\u010d<\/li><li>P\u0159enos tuku do prsou nebo h\u00fd\u017ed\u00ed (Brazilian Butt Lift) s liposukc\u00ed 3 oblast\u00ed od 86 800 K\u010d<\/li><li>P\u0159enos tuku do prsou nebo h\u00fd\u017ed\u00ed (Brazilian Butt Lift) s liposukc\u00ed 4 oblast\u00ed od 98 800 K\u010d<\/li><li>P\u0159enos tuku do obli\u010deje s liposukc\u00ed 1 oblasti v lok\u00e1ln\u00ed anestezii od 27 800 K\u010d<\/li><li>P\u0159enos tuku do obli\u010deje ka\u017ed\u00e1 dal\u0161\u00ed oblast v lok\u00e1ln\u00ed anestezii od 6 500 K\u010d<\/li><li>P\u0159enos tuku pod o\u010di v lok\u00e1ln\u00ed anestezii od 23 800 K\u010d<\/li><li>P\u0159enos tuku s liposukc\u00ed do oblasti stydk\u00fdch pysk\u016f v celkov\u00e9 anestezii 34 800 K\u010d<\/li><\/ul><h3>Mommy makeover \u2013 kombinace z\u00e1krok\u016f<\/h3><ul><li>Pro cenu kombinace z\u00e1krok\u016f Mommy makeover n\u00e1s pros\u00edm kontaktujte.<\/li><\/ul><h3>Operace k\u0159e\u010dov\u00fdch \u017eil<\/h3><ul><li>Laserov\u00e1 metoda 14 900 K\u010d<\/li><li>\u017diln\u00ed lepidlo VenaSeal od 36 900 K\u010d<\/li><li><a href=\"https:\/\/www.premier-clinic.cz\/en\/zakroky\/sklerotizace-krecovych-zil\/\">Sklerotizace<\/a> drobn\u00fdch c\u00e9vek a metli\u010dkov\u00fdch \u017eilek 4 000 K\u010d<\/li><li>P\u011bnov\u00e1 <a href=\"https:\/\/www.premier-clinic.cz\/en\/zakroky\/sklerotizace-krecovych-zil\/\">sklerotizace<\/a> v\u011bt\u0161\u00edch c\u00e9vek a metli\u010dkov\u00fdch \u017eilek 5 000 K\u010d a\u017e 7 000 K\u010d dle rozsahu<\/li><\/ul><p><em>Vy\u0161et\u0159en\u00ed v\u010detn\u011b ultrazvuku 1 500 K\u010d pro k\u0159e\u010dov\u00e9 \u017e\u00edly, vy\u0161et\u0159en\u00ed v\u010detn\u011b ultrazvuku 1 000 K\u010d pro drobn\u00e9 c\u00e9vky a metli\u010dkov\u00e9 \u017eilky. V\u00fd\u0161e uveden\u00e9 ceny jsou uveden\u00e9 za 1 kon\u010detinu. <\/em><\/p><h3>Pozn\u00e1mka:<\/h3><ul><li>V cen\u011b plastick\u00e9 operace je zahrnuta bu\u010f lok\u00e1ln\u00ed nebo celkov\u00e1 anestezie dle typu z\u00e1kroku. P\u0159i n\u00e1ro\u010dn\u00fdch z\u00e1kroc\u00edch (velk\u00e9 liposukce, facelift, komplikovan\u00e1 rhinoplastika) je mo\u017en\u00e9 po\u017eadovat dodate\u010dn\u00fd doplatek p\u0159i trv\u00e1n\u00ed operace nad 150 min 8 000 K\u010d.<\/li><li>V cen\u011b plastick\u00e9 operace nen\u00ed zahrnuto poopera\u010dn\u00ed pr\u00e1dlo a hospitalizace.<\/li><li>V cen\u011b dermato-estetick\u00fdch o\u0161et\u0159en\u00ed nen\u00ed zahrnuta cena lok\u00e1ln\u00ed anestesie.<\/li><li>Pokud nen\u00ed uvedeno jinak, ceny jsou platn\u00e9 za 1 o\u0161et\u0159en\u00ed\/z\u00e1krok.<\/li><li>Ak\u010dn\u00ed nab\u00eddky je mo\u017en\u00e9 hradit pouze hotov\u011b nebo kartou.<\/li><li>Ve\u0161ker\u00e9 ceny jsou ji\u017e v\u010detn\u011b p\u0159\u00edslu\u0161n\u00e9 sazby DPH.<\/li><li>Ve\u0161ker\u00e9 ceny jsou z\u00e1kladn\u00ed ceny, kter\u00e9 se mohou zv\u00fd\u0161it individu\u00e1ln\u011b dle n\u00e1ro\u010dnosti operace po osobn\u00ed konzultaci, provozovatel PC Healthcare s.r.o. a Premier Clinic s.r.o. si vyhrazuje pr\u00e1vo dan\u00fd z\u00e1krok neprov\u00e9st, pokud by nebyl klient na dan\u00fd z\u00e1krok indikov\u00e1n a nebo by nebylo mo\u017en\u00e9 z\u00e1krok prov\u00e9st kv\u016fli zdravotn\u00edmu stavu klienta.<\/li><li>V p\u0159\u00edpad\u011b z\u00e1jmu o platbu v EUR nebo jin\u00fdch m\u011bn\u00e1ch se kurz stanov\u00ed denn\u00edm kurzem \u010cesk\u00e9 n\u00e1rodn\u00ed banky, kter\u00fd naleznete <a href=\"https:\/\/www.cnb.cz\/cs\/financni-trhy\/devizovy-trh\/kurzy-devizoveho-trhu\/kurzy-devizoveho-trhu\/\" target=\"_blank\" target=\"_blank\" rel=\"noopener\">zde<\/a>.<\/li><li>Cen\u00edk je platn\u00fd od 28.1.2025<\/li><\/ul>\t\t\t\t\t\t\t\t<\/div>\n\t\t\t\t<\/div>\n\t\t\t\t\t<\/div>\n\t\t<\/div>\n\t\t\t\t\t<\/div>\n\t\t<\/section>\n\t\t\t\t<\/div>","protected":false},"excerpt":{"rendered":"<p>Prices already include the specified type of local or general anesthesia. Vstupn\u00ed konzultace s plastick\u00fdm chirurgem 1000 K\u010d \u00a0Online konzultace s plastick\u00fdm chirurgem 1000 K\u010d 3D Vizualizace zv\u011bt\u0161en\u00ed prsou 2500 K\u010d Augmentace \u2013 zv\u011bt\u0161en\u00ed poprs\u00ed Od 40 300 K\u010d (Cena nezahrnuje vybran\u00fd silikonov\u00fd implant\u00e1t zna\u010dky Motiva \/ Polytech \/ Mentor \/ B-lite \/ Nagor \/ [&hellip;]<\/p>\n","protected":false},"author":9,"featured_media":0,"parent":0,"menu_order":0,"comment_status":"closed","ping_status":"closed","template":"","meta":{"_acf_changed":false,"footnotes":""},"class_list":["post-11850","page","type-page","status-publish","hentry"],"acf":[],"_links":{"self":[{"href":"https:\/\/www.premier-clinic.cz\/en\/wp-json\/wp\/v2\/pages\/11850","targetHints":{"allow":["GET"]}}],"collection":[{"href":"https:\/\/www.premier-clinic.cz\/en\/wp-json\/wp\/v2\/pages"}],"about":[{"href":"https:\/\/www.premier-clinic.cz\/en\/wp-json\/wp\/v2\/types\/page"}],"author":[{"embeddable":true,"href":"https:\/\/www.premier-clinic.cz\/en\/wp-json\/wp\/v2\/users\/9"}],"replies":[{"embeddable":true,"href":"https:\/\/www.premier-clinic.cz\/en\/wp-json\/wp\/v2\/comments?post=11850"}],"version-history":[{"count":0,"href":"https:\/\/www.premier-clinic.cz\/en\/wp-json\/wp\/v2\/pages\/11850\/revisions"}],"wp:attachment":[{"href":"https:\/\/www.premier-clinic.cz\/en\/wp-json\/wp\/v2\/media?parent=11850"}],"curies":[{"name":"wp","href":"https:\/\/api.w.org\/{rel}","templated":true}]}}