{"id":30965,"date":"2025-08-17T21:30:42","date_gmt":"2025-08-17T21:30:42","guid":{"rendered":"https:\/\/www.premier-clinic.cz\/evaluation-3\/"},"modified":"2025-08-17T21:40:26","modified_gmt":"2025-08-17T21:40:26","slug":"evaluation-3","status":"publish","type":"page","link":"https:\/\/www.premier-clinic.cz\/en\/evaluation-3\/","title":{"rendered":"Hodnocen\u00ed"},"content":{"rendered":"<div data-elementor-type=\"wp-page\" data-elementor-id=\"30965\" class=\"elementor elementor-30965 elementor-12827\" data-elementor-post-type=\"page\">\n\t\t\t\t\t\t<section data-dce-background-color=\"#B5A7A7\" data-dce-background-hover-color=\"#B5A7A7\" data-dce-background-overlay-color=\"#B5A7A7\" data-dce-background-image-url=\"https:\/\/www.premier-clinic.cz\/wp-content\/uploads\/2021\/07\/bg-header-scaled.jpg\" class=\"elementor-section elementor-top-section elementor-element elementor-element-11dabe7 elementor-section-height-min-height elementor-section-items-stretch heading-bg-image elementor-section-boxed elementor-section-height-default\" data-id=\"11dabe7\" data-element_type=\"section\" data-e-type=\"section\" data-settings=\"{&quot;jet_parallax_layout_list&quot;:[{&quot;jet_parallax_layout_image&quot;:{&quot;url&quot;:&quot;&quot;,&quot;id&quot;:&quot;&quot;,&quot;size&quot;:&quot;&quot;},&quot;_id&quot;:&quot;60571f2&quot;,&quot;jet_parallax_layout_image_tablet&quot;:{&quot;url&quot;:&quot;&quot;,&quot;id&quot;:&quot;&quot;,&quot;size&quot;:&quot;&quot;},&quot;jet_parallax_layout_image_mobile&quot;:{&quot;url&quot;:&quot;&quot;,&quot;id&quot;:&quot;&quot;,&quot;size&quot;:&quot;&quot;},&quot;jet_parallax_layout_speed&quot;:{&quot;unit&quot;:&quot;%&quot;,&quot;size&quot;:50,&quot;sizes&quot;:[]},&quot;jet_parallax_layout_type&quot;:&quot;scroll&quot;,&quot;jet_parallax_layout_direction&quot;:null,&quot;jet_parallax_layout_fx_direction&quot;:null,&quot;jet_parallax_layout_z_index&quot;:&quot;&quot;,&quot;jet_parallax_layout_bg_x&quot;:50,&quot;jet_parallax_layout_bg_x_tablet&quot;:&quot;&quot;,&quot;jet_parallax_layout_bg_x_mobile&quot;:&quot;&quot;,&quot;jet_parallax_layout_bg_y&quot;:50,&quot;jet_parallax_layout_bg_y_tablet&quot;:&quot;&quot;,&quot;jet_parallax_layout_bg_y_mobile&quot;:&quot;&quot;,&quot;jet_parallax_layout_bg_size&quot;:&quot;auto&quot;,&quot;jet_parallax_layout_bg_size_tablet&quot;:&quot;&quot;,&quot;jet_parallax_layout_bg_size_mobile&quot;:&quot;&quot;,&quot;jet_parallax_layout_animation_prop&quot;:&quot;transform&quot;,&quot;jet_parallax_layout_on&quot;:[&quot;desktop&quot;,&quot;tablet&quot;]}],&quot;background_background&quot;:&quot;classic&quot;}\">\n\t\t\t\t\t\t\t<div class=\"elementor-background-overlay\"><\/div>\n\t\t\t\t\t\t\t<div class=\"elementor-container elementor-column-gap-default\">\n\t\t\t\t\t<div class=\"elementor-column elementor-col-50 elementor-top-column elementor-element elementor-element-7b580d8\" data-id=\"7b580d8\" data-element_type=\"column\" data-e-type=\"column\">\n\t\t\t<div class=\"elementor-widget-wrap elementor-element-populated\">\n\t\t\t\t\t\t<div data-dce-title-color=\"#000000\" class=\"elementor-element elementor-element-2aea6c5 elementor-widget__width-auto description description-heading elementor-widget-mobile__width-inherit elementor-widget elementor-widget-heading\" data-id=\"2aea6c5\" data-element_type=\"widget\" data-e-type=\"widget\" data-widget_type=\"heading.default\">\n\t\t\t\t<div class=\"elementor-widget-container\">\n\t\t\t\t\t<h1 class=\"elementor-heading-title elementor-size-default\">D\u011aKUJEME V\u00c1M ZA VA\u0160\u00cd SPOKOJENOST!<\/h1>\t\t\t\t<\/div>\n\t\t\t\t<\/div>\n\t\t\t\t\t<\/div>\n\t\t<\/div>\n\t\t\t\t<div class=\"elementor-column elementor-col-50 elementor-top-column elementor-element elementor-element-a9f1063 elementor-hidden-tablet elementor-hidden-mobile\" data-id=\"a9f1063\" data-element_type=\"column\" data-e-type=\"column\" data-settings=\"{&quot;background_background&quot;:&quot;classic&quot;}\">\n\t\t\t<div class=\"elementor-widget-wrap\">\n\t\t\t\t\t\t\t<\/div>\n\t\t<\/div>\n\t\t\t\t\t<\/div>\n\t\t<\/section>\n\t\t\t\t<section class=\"elementor-section elementor-top-section elementor-element elementor-element-fb37cc6 elementor-section-boxed elementor-section-height-default elementor-section-height-default\" data-id=\"fb37cc6\" data-element_type=\"section\" data-e-type=\"section\" data-settings=\"{&quot;jet_parallax_layout_list&quot;:[]}\">\n\t\t\t\t\t\t<div class=\"elementor-container elementor-column-gap-default\">\n\t\t\t\t\t<div class=\"elementor-column elementor-col-100 elementor-top-column elementor-element elementor-element-e879334\" data-id=\"e879334\" data-element_type=\"column\" data-e-type=\"column\">\n\t\t\t<div class=\"elementor-widget-wrap elementor-element-populated\">\n\t\t\t\t\t\t<div class=\"elementor-element elementor-element-71e865c elementor-widget elementor-widget-text-editor\" data-id=\"71e865c\" data-element_type=\"widget\" data-e-type=\"widget\" data-widget_type=\"text-editor.default\">\n\t\t\t\t<div class=\"elementor-widget-container\">\n\t\t\t\t\t\t\t\t\t<p>M\u016f\u017eeme V\u00e1s poprosit o ohodnocen\u00ed na\u0161\u00ed kliniky? Odkazy naleznete n\u00ed\u017ee na str\u00e1nce.<\/p>\n\t\t\t\t\t\t\t\t<\/div>\n\t\t\t\t<\/div>\n\t\t\t\t\t<\/div>\n\t\t<\/div>\n\t\t\t\t\t<\/div>\n\t\t<\/section>\n\t\t\t\t<section class=\"elementor-section elementor-top-section elementor-element elementor-element-a95c6c9 elementor-section-boxed elementor-section-height-default elementor-section-height-default\" data-id=\"a95c6c9\" data-element_type=\"section\" data-e-type=\"section\" data-settings=\"{&quot;jet_parallax_layout_list&quot;:[]}\">\n\t\t\t\t\t\t<div class=\"elementor-container elementor-column-gap-default\">\n\t\t\t\t\t<div class=\"elementor-column elementor-col-100 elementor-top-column elementor-element elementor-element-4431d5a\" data-id=\"4431d5a\" data-element_type=\"column\" data-e-type=\"column\">\n\t\t\t<div class=\"elementor-widget-wrap elementor-element-populated\">\n\t\t\t\t\t\t<div class=\"elementor-element elementor-element-186413d dce_masking-none elementor-widget elementor-widget-image\" data-id=\"186413d\" data-element_type=\"widget\" data-e-type=\"widget\" data-widget_type=\"image.default\">\n\t\t\t\t<div class=\"elementor-widget-container\">\n\t\t\t\t\t\t\t\t\t\t\t\t\t\t\t\t<a href=\"https:\/\/g.page\/r\/CdQn9I54H4a3EAg\/review\" target=\"_blank\">\n\t\t\t\t\t\t\t<img fetchpriority=\"high\" decoding=\"async\" width=\"800\" height=\"270\" src=\"https:\/\/www.premier-clinic.cz\/wp-content\/uploads\/2022\/02\/Google_2015_logo.svg-1024x346.png\" class=\"attachment-large size-large wp-image-12836\" alt=\"obr\u00e1zek\" srcset=\"https:\/\/www.premier-clinic.cz\/wp-content\/uploads\/2022\/02\/Google_2015_logo.svg-1024x346.png 1024w, https:\/\/www.premier-clinic.cz\/wp-content\/uploads\/2022\/02\/Google_2015_logo.svg-300x101.png 300w, https:\/\/www.premier-clinic.cz\/wp-content\/uploads\/2022\/02\/Google_2015_logo.svg-768x260.png 768w, https:\/\/www.premier-clinic.cz\/wp-content\/uploads\/2022\/02\/Google_2015_logo.svg.png 1280w\" sizes=\"(max-width: 800px) 100vw, 800px\" title=\"obr\u00e1zek\">\t\t\t\t\t\t\t\t<\/a>\n\t\t\t\t\t\t\t\t\t\t\t\t\t\t\t<\/div>\n\t\t\t\t<\/div>\n\t\t\t\t<div class=\"elementor-element elementor-element-9fd2480 dce_masking-none elementor-widget elementor-widget-image\" data-id=\"9fd2480\" data-element_type=\"widget\" data-e-type=\"widget\" data-widget_type=\"image.default\">\n\t\t\t\t<div class=\"elementor-widget-container\">\n\t\t\t\t\t\t\t\t\t\t\t\t\t\t\t\t<a href=\"https:\/\/www.facebook.com\/pg\/premier.clinic.cz\/reviews\/\" target=\"_blank\" target=\"_blank\" rel=\"noopener\">\n\t\t\t\t\t\t\t<img decoding=\"async\" width=\"800\" height=\"176\" src=\"https:\/\/www.premier-clinic.cz\/wp-content\/uploads\/2022\/02\/Facebook-Logo-PNG5-1024x225.png\" class=\"attachment-large size-large wp-image-12833\" alt=\"obr\u00e1zek\" srcset=\"https:\/\/www.premier-clinic.cz\/wp-content\/uploads\/2022\/02\/Facebook-Logo-PNG5-1024x225.png 1024w, https:\/\/www.premier-clinic.cz\/wp-content\/uploads\/2022\/02\/Facebook-Logo-PNG5-300x66.png 300w, https:\/\/www.premier-clinic.cz\/wp-content\/uploads\/2022\/02\/Facebook-Logo-PNG5-768x169.png 768w, https:\/\/www.premier-clinic.cz\/wp-content\/uploads\/2022\/02\/Facebook-Logo-PNG5-1536x338.png 1536w, https:\/\/www.premier-clinic.cz\/wp-content\/uploads\/2022\/02\/Facebook-Logo-PNG5.png 1920w\" sizes=\"(max-width: 800px) 100vw, 800px\" title=\"obr\u00e1zek\">\t\t\t\t\t\t\t\t<\/a>\n\t\t\t\t\t\t\t\t\t\t\t\t\t\t\t<\/div>\n\t\t\t\t<\/div>\n\t\t\t\t<div class=\"elementor-element elementor-element-161b804 dce_masking-none elementor-widget elementor-widget-image\" data-id=\"161b804\" data-element_type=\"widget\" data-e-type=\"widget\" data-widget_type=\"image.default\">\n\t\t\t\t<div class=\"elementor-widget-container\">\n\t\t\t\t\t\t\t\t\t\t\t\t\t\t\t\t<a href=\"https:\/\/www.estheticon.cz\/chirurgove\/premier-clinic#share\/1\" target=\"_blank\" target=\"_blank\" rel=\"noopener\">\n\t\t\t\t\t\t\t<img decoding=\"async\" width=\"576\" height=\"144\" src=\"https:\/\/www.premier-clinic.cz\/wp-content\/uploads\/2022\/02\/logo-h-c-2x.png\" class=\"attachment-large size-large wp-image-12830\" alt=\"obr\u00e1zek\" srcset=\"https:\/\/www.premier-clinic.cz\/wp-content\/uploads\/2022\/02\/logo-h-c-2x.png 576w, https:\/\/www.premier-clinic.cz\/wp-content\/uploads\/2022\/02\/logo-h-c-2x-300x75.png 300w\" sizes=\"(max-width: 576px) 100vw, 576px\" title=\"obr\u00e1zek\">\t\t\t\t\t\t\t\t<\/a>\n\t\t\t\t\t\t\t\t\t\t\t\t\t\t\t<\/div>\n\t\t\t\t<\/div>\n\t\t\t\t\t<\/div>\n\t\t<\/div>\n\t\t\t\t\t<\/div>\n\t\t<\/section>\n\t\t\t\t<\/div>","protected":false},"excerpt":{"rendered":"<p>D\u011aKUJEME V\u00c1M ZA VA\u0160\u00cd SPOKOJENOST! M\u016f\u017eeme V\u00e1s poprosit o ohodnocen\u00ed na\u0161\u00ed kliniky? Odkazy naleznete n\u00ed\u017ee na str\u00e1nce.<\/p>\n","protected":false},"author":9,"featured_media":0,"parent":0,"menu_order":0,"comment_status":"closed","ping_status":"closed","template":"","meta":{"_acf_changed":false,"footnotes":""},"class_list":["post-30965","page","type-page","status-publish","hentry"],"acf":[],"_links":{"self":[{"href":"https:\/\/www.premier-clinic.cz\/en\/wp-json\/wp\/v2\/pages\/30965","targetHints":{"allow":["GET"]}}],"collection":[{"href":"https:\/\/www.premier-clinic.cz\/en\/wp-json\/wp\/v2\/pages"}],"about":[{"href":"https:\/\/www.premier-clinic.cz\/en\/wp-json\/wp\/v2\/types\/page"}],"author":[{"embeddable":true,"href":"https:\/\/www.premier-clinic.cz\/en\/wp-json\/wp\/v2\/users\/9"}],"replies":[{"embeddable":true,"href":"https:\/\/www.premier-clinic.cz\/en\/wp-json\/wp\/v2\/comments?post=30965"}],"version-history":[{"count":0,"href":"https:\/\/www.premier-clinic.cz\/en\/wp-json\/wp\/v2\/pages\/30965\/revisions"}],"wp:attachment":[{"href":"https:\/\/www.premier-clinic.cz\/en\/wp-json\/wp\/v2\/media?parent=30965"}],"curies":[{"name":"wp","href":"https:\/\/api.w.org\/{rel}","templated":true}]}}