{"id":30677,"date":"2025-08-17T21:14:05","date_gmt":"2025-08-17T21:14:05","guid":{"rendered":"https:\/\/www.premier-clinic.cz\/we-are-open\/"},"modified":"2025-08-17T21:41:04","modified_gmt":"2025-08-17T21:41:04","slug":"we-are-open","status":"publish","type":"page","link":"https:\/\/www.premier-clinic.cz\/ru\/we-are-open\/","title":{"rendered":"M\u00e1me otev\u0159eno"},"content":{"rendered":"<div data-elementor-type=\"wp-page\" data-elementor-id=\"30677\" class=\"elementor elementor-30677 elementor-6839\" data-elementor-post-type=\"page\">\n\t\t\t\t\t\t<section data-dce-background-color=\"#B5A7A7\" data-dce-background-overlay-image-url=\"https:\/\/www.premier-clinic.cz\/wp-content\/uploads\/2021\/05\/alternativy-2.png\" class=\"elementor-section elementor-top-section elementor-element elementor-element-aea5488 elementor-section-height-min-height elementor-section-items-stretch elementor-section-boxed elementor-section-height-default\" data-id=\"aea5488\" data-element_type=\"section\" data-e-type=\"section\" data-settings=\"{&quot;jet_parallax_layout_list&quot;:[{&quot;jet_parallax_layout_image&quot;:{&quot;url&quot;:&quot;&quot;,&quot;id&quot;:&quot;&quot;,&quot;size&quot;:&quot;&quot;},&quot;_id&quot;:&quot;60571f2&quot;,&quot;jet_parallax_layout_image_tablet&quot;:{&quot;url&quot;:&quot;&quot;,&quot;id&quot;:&quot;&quot;,&quot;size&quot;:&quot;&quot;},&quot;jet_parallax_layout_image_mobile&quot;:{&quot;url&quot;:&quot;&quot;,&quot;id&quot;:&quot;&quot;,&quot;size&quot;:&quot;&quot;},&quot;jet_parallax_layout_speed&quot;:{&quot;unit&quot;:&quot;%&quot;,&quot;size&quot;:50,&quot;sizes&quot;:[]},&quot;jet_parallax_layout_type&quot;:&quot;scroll&quot;,&quot;jet_parallax_layout_direction&quot;:null,&quot;jet_parallax_layout_fx_direction&quot;:null,&quot;jet_parallax_layout_z_index&quot;:&quot;&quot;,&quot;jet_parallax_layout_bg_x&quot;:50,&quot;jet_parallax_layout_bg_x_tablet&quot;:&quot;&quot;,&quot;jet_parallax_layout_bg_x_mobile&quot;:&quot;&quot;,&quot;jet_parallax_layout_bg_y&quot;:50,&quot;jet_parallax_layout_bg_y_tablet&quot;:&quot;&quot;,&quot;jet_parallax_layout_bg_y_mobile&quot;:&quot;&quot;,&quot;jet_parallax_layout_bg_size&quot;:&quot;auto&quot;,&quot;jet_parallax_layout_bg_size_tablet&quot;:&quot;&quot;,&quot;jet_parallax_layout_bg_size_mobile&quot;:&quot;&quot;,&quot;jet_parallax_layout_animation_prop&quot;:&quot;transform&quot;,&quot;jet_parallax_layout_on&quot;:[&quot;desktop&quot;,&quot;tablet&quot;]}],&quot;background_background&quot;:&quot;classic&quot;}\">\n\t\t\t\t\t\t\t<div class=\"elementor-background-overlay\"><\/div>\n\t\t\t\t\t\t\t<div class=\"elementor-container elementor-column-gap-default\">\n\t\t\t\t\t<div class=\"elementor-column elementor-col-50 elementor-top-column elementor-element elementor-element-eb1178e\" data-id=\"eb1178e\" data-element_type=\"column\" data-e-type=\"column\">\n\t\t\t<div class=\"elementor-widget-wrap elementor-element-populated\">\n\t\t\t\t\t\t<div data-dce-title-color=\"#FFFFFF\" class=\"elementor-element elementor-element-ff62e3d elementor-widget__width-auto elementor-widget elementor-widget-heading\" data-id=\"ff62e3d\" data-element_type=\"widget\" data-e-type=\"widget\" data-widget_type=\"heading.default\">\n\t\t\t\t<div class=\"elementor-widget-container\">\n\t\t\t\t\t<h1 class=\"elementor-heading-title elementor-size-default\">M\u00e1me otev\u0159eno<\/h1>\t\t\t\t<\/div>\n\t\t\t\t<\/div>\n\t\t\t\t<div data-dce-text-color=\"#FFFFFF\" class=\"elementor-element elementor-element-9de71db elementor-widget elementor-widget-text-editor\" data-id=\"9de71db\" data-element_type=\"widget\" data-e-type=\"widget\" data-widget_type=\"text-editor.default\">\n\t\t\t\t<div class=\"elementor-widget-container\">\n\t\t\t\t\t\t\t\t\t<p>Na klinice plat\u00ed zv\u00fd\u0161en\u00fd hygienick\u00fd re\u017eim pro ochranu V\u00e1s &#8212; pacient\u016f.<\/p>\n\t\t\t\t\t\t\t\t<\/div>\n\t\t\t\t<\/div>\n\t\t\t\t\t<\/div>\n\t\t<\/div>\n\t\t\t\t<div class=\"elementor-column elementor-col-50 elementor-top-column elementor-element elementor-element-753128a elementor-hidden-tablet elementor-hidden-mobile\" data-id=\"753128a\" data-element_type=\"column\" data-e-type=\"column\" data-settings=\"{&quot;background_background&quot;:&quot;classic&quot;}\">\n\t\t\t<div class=\"elementor-widget-wrap\">\n\t\t\t\t\t\t\t<\/div>\n\t\t<\/div>\n\t\t\t\t\t<\/div>\n\t\t<\/section>\n\t\t\t\t<section class=\"elementor-section elementor-top-section elementor-element elementor-element-b84bf11 elementor-section-boxed elementor-section-height-default elementor-section-height-default\" data-id=\"b84bf11\" data-element_type=\"section\" data-e-type=\"section\" data-settings=\"{&quot;jet_parallax_layout_list&quot;:[{&quot;jet_parallax_layout_image&quot;:{&quot;url&quot;:&quot;&quot;,&quot;id&quot;:&quot;&quot;,&quot;size&quot;:&quot;&quot;},&quot;_id&quot;:&quot;7f0750f&quot;,&quot;jet_parallax_layout_image_tablet&quot;:{&quot;url&quot;:&quot;&quot;,&quot;id&quot;:&quot;&quot;,&quot;size&quot;:&quot;&quot;},&quot;jet_parallax_layout_image_mobile&quot;:{&quot;url&quot;:&quot;&quot;,&quot;id&quot;:&quot;&quot;,&quot;size&quot;:&quot;&quot;},&quot;jet_parallax_layout_speed&quot;:{&quot;unit&quot;:&quot;%&quot;,&quot;size&quot;:50,&quot;sizes&quot;:[]},&quot;jet_parallax_layout_type&quot;:&quot;scroll&quot;,&quot;jet_parallax_layout_direction&quot;:null,&quot;jet_parallax_layout_fx_direction&quot;:null,&quot;jet_parallax_layout_z_index&quot;:&quot;&quot;,&quot;jet_parallax_layout_bg_x&quot;:50,&quot;jet_parallax_layout_bg_x_tablet&quot;:&quot;&quot;,&quot;jet_parallax_layout_bg_x_mobile&quot;:&quot;&quot;,&quot;jet_parallax_layout_bg_y&quot;:50,&quot;jet_parallax_layout_bg_y_tablet&quot;:&quot;&quot;,&quot;jet_parallax_layout_bg_y_mobile&quot;:&quot;&quot;,&quot;jet_parallax_layout_bg_size&quot;:&quot;auto&quot;,&quot;jet_parallax_layout_bg_size_tablet&quot;:&quot;&quot;,&quot;jet_parallax_layout_bg_size_mobile&quot;:&quot;&quot;,&quot;jet_parallax_layout_animation_prop&quot;:&quot;transform&quot;,&quot;jet_parallax_layout_on&quot;:[&quot;desktop&quot;,&quot;tablet&quot;]}]}\">\n\t\t\t\t\t\t<div class=\"elementor-container elementor-column-gap-default\">\n\t\t\t\t\t<div class=\"elementor-column elementor-col-100 elementor-top-column elementor-element elementor-element-3e036e4\" data-id=\"3e036e4\" data-element_type=\"column\" data-e-type=\"column\">\n\t\t\t<div class=\"elementor-widget-wrap elementor-element-populated\">\n\t\t\t\t\t\t<div data-dce-title-color=\"#000000\" class=\"elementor-element elementor-element-aa03fa1 elementor-widget elementor-widget-heading\" data-id=\"aa03fa1\" data-element_type=\"widget\" data-e-type=\"widget\" data-widget_type=\"heading.default\">\n\t\t\t\t<div class=\"elementor-widget-container\">\n\t\t\t\t\t<h2 class=\"elementor-heading-title elementor-size-default\">Klinika Premier Clinic funguje v pln\u00e9m provozu se zv\u00fd\u0161en\u00fdm hygienick\u00fdm standardem. Prov\u00e1d\u00edme standardn\u00ed spektrum v\u00fdkon\u016f. S ohledem na to, \u017ee Premier Clinic je zdravotnick\u00e9 za\u0159\u00edzen\u00ed, je n\u00e1v\u0161t\u011bva slu\u017eeb na\u0161\u00ed kliniky mo\u017en\u00e1 i v dob\u011b omezen\u00e9ho pohybu osob.<\/h2>\t\t\t\t<\/div>\n\t\t\t\t<\/div>\n\t\t\t\t<section class=\"elementor-section elementor-inner-section elementor-element elementor-element-0909c6f elementor-section-boxed elementor-section-height-default elementor-section-height-default\" data-id=\"0909c6f\" data-element_type=\"section\" data-e-type=\"section\" data-settings=\"{&quot;jet_parallax_layout_list&quot;:[{&quot;jet_parallax_layout_image&quot;:{&quot;url&quot;:&quot;&quot;,&quot;id&quot;:&quot;&quot;,&quot;size&quot;:&quot;&quot;},&quot;_id&quot;:&quot;680eb83&quot;,&quot;jet_parallax_layout_image_tablet&quot;:{&quot;url&quot;:&quot;&quot;,&quot;id&quot;:&quot;&quot;,&quot;size&quot;:&quot;&quot;},&quot;jet_parallax_layout_image_mobile&quot;:{&quot;url&quot;:&quot;&quot;,&quot;id&quot;:&quot;&quot;,&quot;size&quot;:&quot;&quot;},&quot;jet_parallax_layout_speed&quot;:{&quot;unit&quot;:&quot;%&quot;,&quot;size&quot;:50,&quot;sizes&quot;:[]},&quot;jet_parallax_layout_type&quot;:&quot;scroll&quot;,&quot;jet_parallax_layout_direction&quot;:null,&quot;jet_parallax_layout_fx_direction&quot;:null,&quot;jet_parallax_layout_z_index&quot;:&quot;&quot;,&quot;jet_parallax_layout_bg_x&quot;:50,&quot;jet_parallax_layout_bg_x_tablet&quot;:&quot;&quot;,&quot;jet_parallax_layout_bg_x_mobile&quot;:&quot;&quot;,&quot;jet_parallax_layout_bg_y&quot;:50,&quot;jet_parallax_layout_bg_y_tablet&quot;:&quot;&quot;,&quot;jet_parallax_layout_bg_y_mobile&quot;:&quot;&quot;,&quot;jet_parallax_layout_bg_size&quot;:&quot;auto&quot;,&quot;jet_parallax_layout_bg_size_tablet&quot;:&quot;&quot;,&quot;jet_parallax_layout_bg_size_mobile&quot;:&quot;&quot;,&quot;jet_parallax_layout_animation_prop&quot;:&quot;transform&quot;,&quot;jet_parallax_layout_on&quot;:[&quot;desktop&quot;,&quot;tablet&quot;]}]}\">\n\t\t\t\t\t\t<div class=\"elementor-container elementor-column-gap-default\">\n\t\t\t\t\t<div class=\"elementor-column elementor-col-100 elementor-inner-column elementor-element elementor-element-6d68935\" data-id=\"6d68935\" data-element_type=\"column\" data-e-type=\"column\">\n\t\t\t<div class=\"elementor-widget-wrap elementor-element-populated\">\n\t\t\t\t\t\t<div data-dce-title-color=\"#000000\" class=\"elementor-element elementor-element-36a4443 elementor-position-left dce_masking-none elementor-vertical-align-top elementor-widget elementor-widget-image-box\" data-id=\"36a4443\" data-element_type=\"widget\" data-e-type=\"widget\" data-widget_type=\"image-box.default\">\n\t\t\t\t<div class=\"elementor-widget-container\">\n\t\t\t\t\t<div class=\"elementor-image-box-wrapper\"><figure class=\"elementor-image-box-img\"><img decoding=\"async\" width=\"128\" height=\"128\" src=\"https:\/\/www.premier-clinic.cz\/wp-content\/uploads\/2021\/07\/secure-shield.png\" class=\"attachment-thumbnail size-thumbnail wp-image-18882\" alt=\"obr\u00e1zek\" title=\"obr\u00e1zek\"><\/figure><div class=\"elementor-image-box-content\"><h3 class=\"elementor-image-box-title\">Maxim\u00e1ln\u00ed ochrana klient\u016f<\/h3><p class=\"elementor-image-box-description\">V\u0161ichni na\u0161i zam\u011bstnanci pou\u017e\u00edvaj\u00ed pro svoj\u00ed, ale i Va\u0161\u00ed ochranu respir\u00e1tory alespo\u0148 typu FFP2 bez v\u00fddechov\u00fdch ventil\u016f. Samoz\u0159ejmost\u00ed je pou\u017e\u00edv\u00e1n\u00ed \u0161t\u00edt\u016f, opakovan\u00e1 dezinfekce prostor recepce a ordinac\u00ed po ka\u017ed\u00e9m klientovi. Pou\u017e\u00edv\u00e1me pouze dezinfek\u010dn\u00ed prost\u0159edky, kter\u00e9 likviduj\u00ed patogeny v\u010detn\u011b SARS-CoV-2. Tyto prost\u0159edky jsou nav\u00edc obm\u011b\u0148ov\u00e1ny, aby nedoch\u00e1zelo k resistenci mikro organism\u016f. Pou\u017e\u00edv\u00e1me pouze profesion\u00e1ln\u00ed l\u00e9ka\u0159sk\u00e9 dezinfek\u010dn\u00ed prost\u0159edky.<\/p><\/div><\/div>\t\t\t\t<\/div>\n\t\t\t\t<\/div>\n\t\t\t\t<div data-dce-title-color=\"#000000\" class=\"elementor-element elementor-element-154053d elementor-position-left dce_masking-none elementor-vertical-align-top elementor-widget elementor-widget-image-box\" data-id=\"154053d\" data-element_type=\"widget\" data-e-type=\"widget\" data-widget_type=\"image-box.default\">\n\t\t\t\t<div class=\"elementor-widget-container\">\n\t\t\t\t\t<div class=\"elementor-image-box-wrapper\"><figure class=\"elementor-image-box-img\"><img decoding=\"async\" width=\"128\" height=\"128\" src=\"https:\/\/www.premier-clinic.cz\/wp-content\/uploads\/2021\/07\/switch-on.png\" class=\"attachment-thumbnail size-thumbnail wp-image-18887\" alt=\"obr\u00e1zek\" title=\"obr\u00e1zek\"><\/figure><div class=\"elementor-image-box-content\"><h3 class=\"elementor-image-box-title\">Speci\u00e1ln\u00ed re\u017eim<\/h3><p class=\"elementor-image-box-description\">Na objedn\u00e1n\u00ed term\u00ednu a samotnou operaci jsme vytvo\u0159ili nov\u00fd syst\u00e9m objedn\u00e1n\u00ed klient\u016f tak, aby se jednotliv\u00ed klienti na klinice Premier Clinic nepotk\u00e1vali. Ji\u017e p\u0159ed p\u0159\u00edchodem na kliniku jsou filtrov\u00e1n\u00ed pacienti, kte\u0159\u00ed poch\u00e1zej\u00ed z rizikov\u00fdch oblast\u00ed, maj\u00ed zdravotn\u00ed probl\u00e9my nebo p\u0159i\u0161li do styku s rizikov\u00fdmi kontakty.\nPro o\u0161et\u0159en\u00ed na na\u0161\u00ed klinice plat\u00ed ji\u017e zaveden\u00fd re\u017e\u00edm o\u0161et\u0159en\u00ed pacient\u016f pouze ve 100% zdravotn\u00edm stavu. Toto je ji\u017e v\u0161ak dlouhodob\u00fdm standardem. Na\u0161e modern\u00ed budova Premier Clinic m\u00e1 ozna\u010den\u00ed LEED platinum. Ve\u0161ker\u00fd vzduch p\u0159iv\u00e1d\u011bn\u00fd na opera\u010dn\u00ed s\u00e1l a do dal\u0161\u00edch prostor kliniky proch\u00e1z\u00ed p\u0159es ultra\u010dist\u00e9 HEPA filtery kter\u00e9, dok\u00e1\u017e\u00ed odstranit \u0161kodliv\u00e9 \u010d\u00e1stice a\u017e o velikosti 300 nanometr\u016f. Vzduch na na\u0161\u00ed klinice je proto nez\u00e1vadn\u00fd a \u010dist\u00fd.<\/p><\/div><\/div>\t\t\t\t<\/div>\n\t\t\t\t<\/div>\n\t\t\t\t<div data-dce-title-color=\"#000000\" class=\"elementor-element elementor-element-ab97c50 elementor-position-left dce_masking-none elementor-vertical-align-top elementor-widget elementor-widget-image-box\" data-id=\"ab97c50\" data-element_type=\"widget\" data-e-type=\"widget\" data-widget_type=\"image-box.default\">\n\t\t\t\t<div class=\"elementor-widget-container\">\n\t\t\t\t\t<div class=\"elementor-image-box-wrapper\"><figure class=\"elementor-image-box-img\"><img decoding=\"async\" width=\"128\" height=\"128\" src=\"https:\/\/www.premier-clinic.cz\/wp-content\/uploads\/2021\/07\/parking.png\" class=\"attachment-thumbnail size-thumbnail wp-image-18886\" alt=\"obr\u00e1zek\" title=\"obr\u00e1zek\"><\/figure><div class=\"elementor-image-box-content\"><h3 class=\"elementor-image-box-title\">Mo\u017enost parkov\u00e1n\u00ed p\u0159\u00edmo v budov\u011b<\/h3><p class=\"elementor-image-box-description\">V p\u0159\u00edpad\u011b z\u00e1jmu V\u00e1m m\u016f\u017eeme zarezervovat parkovac\u00ed st\u00e1n\u00ed p\u0159\u00edmo v budov\u011b kliniky kdy je pak mo\u017en\u00e9 se p\u0159esunout v\u00fdtahem bez kontaktu s okol\u00edm p\u0159\u00edmo do 1. patra kliniky.<\/p><\/div><\/div>\t\t\t\t<\/div>\n\t\t\t\t<\/div>\n\t\t\t\t<div data-dce-title-color=\"#000000\" class=\"elementor-element elementor-element-abeca5a elementor-position-left dce_masking-none elementor-vertical-align-top elementor-widget elementor-widget-image-box\" data-id=\"abeca5a\" data-element_type=\"widget\" data-e-type=\"widget\" data-widget_type=\"image-box.default\">\n\t\t\t\t<div class=\"elementor-widget-container\">\n\t\t\t\t\t<div class=\"elementor-image-box-wrapper\"><figure class=\"elementor-image-box-img\"><img loading=\"lazy\" decoding=\"async\" width=\"128\" height=\"128\" src=\"https:\/\/www.premier-clinic.cz\/wp-content\/uploads\/2021\/07\/doctor.png\" class=\"attachment-thumbnail size-thumbnail wp-image-18885\" alt=\"obr\u00e1zek\" title=\"obr\u00e1zek\"><\/figure><div class=\"elementor-image-box-content\"><h3 class=\"elementor-image-box-title\">Online konzultace<\/h3><p class=\"elementor-image-box-description\">Pro klienty kte\u0159\u00ed p\u0159es zv\u00fd\u0161enou ochranu osob na na\u0161\u00ed klinice cht\u011bj\u00ed z\u016fstat doma nab\u00edz\u00edme mo\u017enosti online konzultac\u00ed. Pro informace ohledn\u011b online konzultace n\u00e1m napi\u0161te na info@premier-clinic.cz<\/p><\/div><\/div>\t\t\t\t<\/div>\n\t\t\t\t<\/div>\n\t\t\t\t\t<\/div>\n\t\t<\/div>\n\t\t\t\t\t<\/div>\n\t\t<\/section>\n\t\t\t\t<section class=\"elementor-section elementor-inner-section elementor-element elementor-element-43fd8ce elementor-section-boxed elementor-section-height-default elementor-section-height-default\" data-id=\"43fd8ce\" data-element_type=\"section\" data-e-type=\"section\" data-settings=\"{&quot;jet_parallax_layout_list&quot;:[{&quot;jet_parallax_layout_image&quot;:{&quot;url&quot;:&quot;&quot;,&quot;id&quot;:&quot;&quot;,&quot;size&quot;:&quot;&quot;},&quot;_id&quot;:&quot;5343a4b&quot;,&quot;jet_parallax_layout_image_tablet&quot;:{&quot;url&quot;:&quot;&quot;,&quot;id&quot;:&quot;&quot;,&quot;size&quot;:&quot;&quot;},&quot;jet_parallax_layout_image_mobile&quot;:{&quot;url&quot;:&quot;&quot;,&quot;id&quot;:&quot;&quot;,&quot;size&quot;:&quot;&quot;},&quot;jet_parallax_layout_speed&quot;:{&quot;unit&quot;:&quot;%&quot;,&quot;size&quot;:50,&quot;sizes&quot;:[]},&quot;jet_parallax_layout_type&quot;:&quot;scroll&quot;,&quot;jet_parallax_layout_direction&quot;:null,&quot;jet_parallax_layout_fx_direction&quot;:null,&quot;jet_parallax_layout_z_index&quot;:&quot;&quot;,&quot;jet_parallax_layout_bg_x&quot;:50,&quot;jet_parallax_layout_bg_x_tablet&quot;:&quot;&quot;,&quot;jet_parallax_layout_bg_x_mobile&quot;:&quot;&quot;,&quot;jet_parallax_layout_bg_y&quot;:50,&quot;jet_parallax_layout_bg_y_tablet&quot;:&quot;&quot;,&quot;jet_parallax_layout_bg_y_mobile&quot;:&quot;&quot;,&quot;jet_parallax_layout_bg_size&quot;:&quot;auto&quot;,&quot;jet_parallax_layout_bg_size_tablet&quot;:&quot;&quot;,&quot;jet_parallax_layout_bg_size_mobile&quot;:&quot;&quot;,&quot;jet_parallax_layout_animation_prop&quot;:&quot;transform&quot;,&quot;jet_parallax_layout_on&quot;:[&quot;desktop&quot;,&quot;tablet&quot;]}]}\">\n\t\t\t\t\t\t<div class=\"elementor-container elementor-column-gap-default\">\n\t\t\t\t\t<div class=\"elementor-column elementor-col-100 elementor-inner-column elementor-element elementor-element-64ed073\" data-id=\"64ed073\" data-element_type=\"column\" data-e-type=\"column\">\n\t\t\t<div class=\"elementor-widget-wrap elementor-element-populated\">\n\t\t\t\t\t\t<div class=\"elementor-element elementor-element-ad70c9a dce_masking-none elementor-widget elementor-widget-image\" data-id=\"ad70c9a\" data-element_type=\"widget\" data-e-type=\"widget\" data-widget_type=\"image.default\">\n\t\t\t\t<div class=\"elementor-widget-container\">\n\t\t\t\t\t\t\t\t\t\t\t\t\t\t\t<img loading=\"lazy\" decoding=\"async\" width=\"1250\" height=\"1000\" src=\"https:\/\/www.premier-clinic.cz\/wp-content\/uploads\/2021\/07\/WhatsApp-Image-2020-03-19-at-13.57.30.jpeg\" class=\"attachment-full size-full wp-image-18888\" alt=\"obr\u00e1zek\" srcset=\"https:\/\/www.premier-clinic.cz\/wp-content\/uploads\/2021\/07\/WhatsApp-Image-2020-03-19-at-13.57.30.jpeg 1250w, https:\/\/www.premier-clinic.cz\/wp-content\/uploads\/2021\/07\/WhatsApp-Image-2020-03-19-at-13.57.30-600x480.jpeg 600w, https:\/\/www.premier-clinic.cz\/wp-content\/uploads\/2021\/07\/WhatsApp-Image-2020-03-19-at-13.57.30-300x240.jpeg 300w, https:\/\/www.premier-clinic.cz\/wp-content\/uploads\/2021\/07\/WhatsApp-Image-2020-03-19-at-13.57.30-768x614.jpeg 768w, https:\/\/www.premier-clinic.cz\/wp-content\/uploads\/2021\/07\/WhatsApp-Image-2020-03-19-at-13.57.30-1024x819.jpeg 1024w\" sizes=\"(max-width: 1250px) 100vw, 1250px\" title=\"obr\u00e1zek\">\t\t\t\t\t\t\t\t\t\t\t\t\t\t\t<\/div>\n\t\t\t\t<\/div>\n\t\t\t\t\t<\/div>\n\t\t<\/div>\n\t\t\t\t\t<\/div>\n\t\t<\/section>\n\t\t\t\t\t<\/div>\n\t\t<\/div>\n\t\t\t\t\t<\/div>\n\t\t<\/section>\n\t\t\t\t<section class=\"elementor-section elementor-top-section elementor-element elementor-element-aaa9188 elementor-section-boxed elementor-section-height-default elementor-section-height-default\" data-id=\"aaa9188\" data-element_type=\"section\" data-e-type=\"section\" data-settings=\"{&quot;jet_parallax_layout_list&quot;:[{&quot;jet_parallax_layout_image&quot;:{&quot;url&quot;:&quot;&quot;,&quot;id&quot;:&quot;&quot;,&quot;size&quot;:&quot;&quot;},&quot;_id&quot;:&quot;2b0dbd4&quot;,&quot;jet_parallax_layout_image_tablet&quot;:{&quot;url&quot;:&quot;&quot;,&quot;id&quot;:&quot;&quot;,&quot;size&quot;:&quot;&quot;},&quot;jet_parallax_layout_image_mobile&quot;:{&quot;url&quot;:&quot;&quot;,&quot;id&quot;:&quot;&quot;,&quot;size&quot;:&quot;&quot;},&quot;jet_parallax_layout_speed&quot;:{&quot;unit&quot;:&quot;%&quot;,&quot;size&quot;:50,&quot;sizes&quot;:[]},&quot;jet_parallax_layout_type&quot;:&quot;scroll&quot;,&quot;jet_parallax_layout_direction&quot;:null,&quot;jet_parallax_layout_fx_direction&quot;:null,&quot;jet_parallax_layout_z_index&quot;:&quot;&quot;,&quot;jet_parallax_layout_bg_x&quot;:50,&quot;jet_parallax_layout_bg_x_tablet&quot;:&quot;&quot;,&quot;jet_parallax_layout_bg_x_mobile&quot;:&quot;&quot;,&quot;jet_parallax_layout_bg_y&quot;:50,&quot;jet_parallax_layout_bg_y_tablet&quot;:&quot;&quot;,&quot;jet_parallax_layout_bg_y_mobile&quot;:&quot;&quot;,&quot;jet_parallax_layout_bg_size&quot;:&quot;auto&quot;,&quot;jet_parallax_layout_bg_size_tablet&quot;:&quot;&quot;,&quot;jet_parallax_layout_bg_size_mobile&quot;:&quot;&quot;,&quot;jet_parallax_layout_animation_prop&quot;:&quot;transform&quot;,&quot;jet_parallax_layout_on&quot;:[&quot;desktop&quot;,&quot;tablet&quot;]}],&quot;background_background&quot;:&quot;classic&quot;}\">\n\t\t\t\t\t\t<div class=\"elementor-container elementor-column-gap-default\">\n\t\t\t\t\t<div data-dce-background-color=\"#D2505047\" class=\"elementor-column elementor-col-100 elementor-top-column elementor-element elementor-element-29a0ccc\" data-id=\"29a0ccc\" data-element_type=\"column\" data-e-type=\"column\" data-settings=\"{&quot;background_background&quot;:&quot;classic&quot;}\">\n\t\t\t<div class=\"elementor-widget-wrap elementor-element-populated\">\n\t\t\t\t\t\t<div data-dce-title-color=\"#D25050\" class=\"elementor-element elementor-element-653d419 elementor-widget elementor-widget-heading\" data-id=\"653d419\" data-element_type=\"widget\" data-e-type=\"widget\" data-widget_type=\"heading.default\">\n\t\t\t\t<div class=\"elementor-widget-container\">\n\t\t\t\t\t<h2 class=\"elementor-heading-title elementor-size-default\">Pokud trp\u00edte p\u0159\u00edznaky SARS-CoV-2 (ka\u0161el, slabost, zv\u00fd\u0161en\u00e1 teplota, bolest na hrudi, r\u00fdma) nebo jin\u00e9ho respira\u010dn\u00edho onemocn\u011bn\u00ed pros\u00edme p\u0159eobjednejte sv\u016fj term\u00edn pouze telefonicky bez n\u00e1v\u0161t\u011bvy kliniky na tel. \u010d\u00edsle +420 273136126.<\/h2>\t\t\t\t<\/div>\n\t\t\t\t<\/div>\n\t\t\t\t\t<\/div>\n\t\t<\/div>\n\t\t\t\t\t<\/div>\n\t\t<\/section>\n\t\t\t\t<\/div>","protected":false},"excerpt":{"rendered":"<p>Na klinice plat\u00ed zv\u00fd\u0161en\u00fd hygienick\u00fd re\u017eim pro ochranu V\u00e1s - pacient\u016f. Klinika Premier Clinic funguje v pln\u00e9m provozu se zv\u00fd\u0161en\u00fdm hygienick\u00fdm standardem. Prov\u00e1d\u00edme standardn\u00ed spektrum v\u00fdkon\u016f. S ohledem na to, \u017ee Premier Clinic je zdravotnick\u00e9 za\u0159\u00edzen\u00ed, je n\u00e1v\u0161t\u011bva slu\u017eeb na\u0161\u00ed kliniky mo\u017en\u00e1 i v dob\u011b omezen\u00e9ho pohybu osob. Maxim\u00e1ln\u00ed ochrana klient\u016f V\u0161ichni na\u0161i zam\u011bstnanci pou\u017e\u00edvaj\u00ed [&hellip;]<\/p>\n","protected":false},"author":9,"featured_media":0,"parent":0,"menu_order":0,"comment_status":"closed","ping_status":"closed","template":"","meta":{"_acf_changed":false,"footnotes":""},"class_list":["post-30677","page","type-page","status-publish","hentry"],"acf":[],"_links":{"self":[{"href":"https:\/\/www.premier-clinic.cz\/ru\/wp-json\/wp\/v2\/pages\/30677","targetHints":{"allow":["GET"]}}],"collection":[{"href":"https:\/\/www.premier-clinic.cz\/ru\/wp-json\/wp\/v2\/pages"}],"about":[{"href":"https:\/\/www.premier-clinic.cz\/ru\/wp-json\/wp\/v2\/types\/page"}],"author":[{"embeddable":true,"href":"https:\/\/www.premier-clinic.cz\/ru\/wp-json\/wp\/v2\/users\/9"}],"replies":[{"embeddable":true,"href":"https:\/\/www.premier-clinic.cz\/ru\/wp-json\/wp\/v2\/comments?post=30677"}],"version-history":[{"count":0,"href":"https:\/\/www.premier-clinic.cz\/ru\/wp-json\/wp\/v2\/pages\/30677\/revisions"}],"wp:attachment":[{"href":"https:\/\/www.premier-clinic.cz\/ru\/wp-json\/wp\/v2\/media?parent=30677"}],"curies":[{"name":"wp","href":"https:\/\/api.w.org\/{rel}","templated":true}]}}