{"id":38442,"date":"2025-09-15T13:40:05","date_gmt":"2025-09-15T13:40:05","guid":{"rendered":"https:\/\/www.premier-clinic.cz\/%d1%8d%d1%81%d1%82%d0%b5%d1%82%d0%b8%d1%87%d0%b5%d1%81%d0%ba%d0%b0%d1%8f-%d0%b8-%d0%bb%d0%b0%d0%b7%d0%b5%d1%80%d0%bd%d0%b0%d1%8f-%d0%b3%d0%b8%d0%bd%d0%b5%d0%ba%d0%be%d0%bb%d0%be%d0%b3%d0%b8%d1%8f\/"},"modified":"2026-01-16T13:44:43","modified_gmt":"2026-01-16T13:44:43","slug":"esteticheskaya-i-lazernaya-ginekologiya","status":"publish","type":"page","link":"https:\/\/www.premier-clinic.cz\/ru\/esteticheskaya-i-lazernaya-ginekologiya\/","title":{"rendered":"\u042d\u0441\u0442\u0435\u0442\u0438\u0447\u0435\u0441\u043a\u0430\u044f \u0438 \u043b\u0430\u0437\u0435\u0440\u043d\u0430\u044f \u0433\u0438\u043d\u0435\u043a\u043e\u043b\u043e\u0433\u0438\u044f - \u043f\u0440\u0430\u0439\u0441-\u043b\u0438\u0441\u0442"},"content":{"rendered":"<div data-elementor-type=\"wp-page\" data-elementor-id=\"38442\" class=\"elementor elementor-38442 elementor-38171\" data-elementor-post-type=\"page\">\n\t\t\t\t\t\t<section data-dce-background-overlay-image-url=\"https:\/\/www.premier-clinic.cz\/wp-content\/uploads\/2021\/07\/foto.png\" class=\"elementor-section elementor-top-section elementor-element elementor-element-b1411dc elementor-section-height-min-height elementor-section-items-stretch heading-bg-image overlay-image-hidden elementor-section-boxed elementor-section-height-default\" data-id=\"b1411dc\" data-element_type=\"section\" data-e-type=\"section\" data-settings=\"{&quot;jet_parallax_layout_list&quot;:[{&quot;jet_parallax_layout_image&quot;:{&quot;url&quot;:&quot;&quot;,&quot;id&quot;:&quot;&quot;,&quot;size&quot;:&quot;&quot;},&quot;_id&quot;:&quot;60571f2&quot;,&quot;jet_parallax_layout_image_tablet&quot;:{&quot;url&quot;:&quot;&quot;,&quot;id&quot;:&quot;&quot;,&quot;size&quot;:&quot;&quot;},&quot;jet_parallax_layout_image_mobile&quot;:{&quot;url&quot;:&quot;&quot;,&quot;id&quot;:&quot;&quot;,&quot;size&quot;:&quot;&quot;},&quot;jet_parallax_layout_speed&quot;:{&quot;unit&quot;:&quot;%&quot;,&quot;size&quot;:50,&quot;sizes&quot;:[]},&quot;jet_parallax_layout_type&quot;:&quot;scroll&quot;,&quot;jet_parallax_layout_direction&quot;:null,&quot;jet_parallax_layout_fx_direction&quot;:null,&quot;jet_parallax_layout_z_index&quot;:&quot;&quot;,&quot;jet_parallax_layout_bg_x&quot;:50,&quot;jet_parallax_layout_bg_x_tablet&quot;:&quot;&quot;,&quot;jet_parallax_layout_bg_x_mobile&quot;:&quot;&quot;,&quot;jet_parallax_layout_bg_y&quot;:50,&quot;jet_parallax_layout_bg_y_tablet&quot;:&quot;&quot;,&quot;jet_parallax_layout_bg_y_mobile&quot;:&quot;&quot;,&quot;jet_parallax_layout_bg_size&quot;:&quot;auto&quot;,&quot;jet_parallax_layout_bg_size_tablet&quot;:&quot;&quot;,&quot;jet_parallax_layout_bg_size_mobile&quot;:&quot;&quot;,&quot;jet_parallax_layout_animation_prop&quot;:&quot;transform&quot;,&quot;jet_parallax_layout_on&quot;:[&quot;desktop&quot;,&quot;tablet&quot;]}],&quot;background_background&quot;:&quot;classic&quot;}\">\n\t\t\t\t\t\t\t<div class=\"elementor-background-overlay\"><\/div>\n\t\t\t\t\t\t\t<div class=\"elementor-container elementor-column-gap-default\">\n\t\t\t\t\t<div class=\"elementor-column elementor-col-50 elementor-top-column elementor-element elementor-element-1588dcb\" data-id=\"1588dcb\" data-element_type=\"column\" data-e-type=\"column\">\n\t\t\t<div class=\"elementor-widget-wrap elementor-element-populated\">\n\t\t\t\t<!-- dce invisible element 3bc45d2 -->\t\t<div data-dce-title-color=\"#000000\" class=\"elementor-element elementor-element-02dbabb elementor-widget__width-auto description description-heading nogap elementor-widget-mobile__width-inherit elementor-widget elementor-widget-heading\" data-id=\"02dbabb\" data-element_type=\"widget\" data-e-type=\"widget\" data-widget_type=\"heading.default\">\n\t\t\t\t<div class=\"elementor-widget-container\">\n\t\t\t\t\t<h1 class=\"elementor-heading-title elementor-size-default\">\u0426\u0435\u043d\u043d\u0438\u043a \u044d\u0441\u0442\u0435\u0442\u0438\u0447\u0435\u0441\u043a\u043e\u0439 \u0438 \u043b\u0430\u0437\u0435\u0440\u043d\u043e\u0439 \u0433\u0438\u043d\u0435\u043a\u043e\u043b\u043e\u0433\u0438\u0438<\/h1>\t\t\t\t<\/div>\n\t\t\t\t<\/div>\n\t\t\t\t<div data-dce-text-color=\"#000000\" data-dce-advanced-background-color=\"#00000085\" class=\"elementor-element elementor-element-538ff3a description hasheading elementor-hidden-desktop elementor-hidden-tablet elementor-hidden-mobile elementor-widget elementor-widget-text-editor\" data-id=\"538ff3a\" data-element_type=\"widget\" data-e-type=\"widget\" data-widget_type=\"text-editor.default\">\n\t\t\t\t<div class=\"elementor-widget-container\">\n\t\t\t\t\t\t\t\t\t<div class=\"hero-inner\">\n<p class=\"header__desc\">\u0426\u0435\u043d\u044b \u0443\u0436\u0435 \u0432\u043a\u043b\u044e\u0447\u0430\u044e\u0442 \u0434\u0430\u043d\u043d\u044b\u0439 \u0442\u0438\u043f \u043c\u0435\u0441\u0442\u043d\u043e\u0439 \u0438\u043b\u0438 \u043e\u0431\u0449\u0435\u0439 \u0430\u043d\u0435\u0441\u0442\u0435\u0437\u0438\u0438.<\/p>\n<\/div>\n\t\t\t\t\t\t\t\t<\/div>\n\t\t\t\t<\/div>\n\t\t\t\t\t<\/div>\n\t\t<\/div>\n\t\t\t\t<div class=\"elementor-column elementor-col-50 elementor-top-column elementor-element elementor-element-db3ac33 elementor-hidden-tablet elementor-hidden-mobile\" data-id=\"db3ac33\" data-element_type=\"column\" data-e-type=\"column\" data-settings=\"{&quot;background_background&quot;:&quot;classic&quot;}\">\n\t\t\t<div class=\"elementor-widget-wrap\">\n\t\t\t\t\t\t\t<\/div>\n\t\t<\/div>\n\t\t\t\t\t<\/div>\n\t\t<\/section>\n\t\t<div class=\"elementor-element elementor-element-78e9bd2 e-flex e-con-boxed e-con e-parent\" data-id=\"78e9bd2\" data-element_type=\"container\" data-e-type=\"container\" data-settings=\"{&quot;jet_parallax_layout_list&quot;:[]}\">\n\t\t\t\t\t<div class=\"e-con-inner\">\n\t\t<div class=\"elementor-element elementor-element-946fb77 e-con-full e-flex e-con e-child\" data-id=\"946fb77\" data-element_type=\"container\" data-e-type=\"container\" data-settings=\"{&quot;jet_parallax_layout_list&quot;:[]}\">\n\t\t\t\t<div data-dce-title-color=\"#000000\" class=\"elementor-element elementor-element-99bd57f pricelist-content pricelist-section-heading elementor-widget elementor-widget-heading\" data-id=\"99bd57f\" data-element_type=\"widget\" data-e-type=\"widget\" data-widget_type=\"heading.default\">\n\t\t\t\t<div class=\"elementor-widget-container\">\n\t\t\t\t\t<h2 class=\"elementor-heading-title elementor-size-default\">\u0413\u0438\u043d\u0435\u043a\u043e\u043b\u043e\u0433\u0438\u0447\u0435\u0441\u043a\u0430\u044f \u043a\u043e\u043d\u0441\u0443\u043b\u044c\u0442\u0430\u0446\u0438\u044f<\/h2>\t\t\t\t<\/div>\n\t\t\t\t<\/div>\n\t\t\t\t<div data-dce-text-color=\"#000000\" class=\"elementor-element elementor-element-b249230 pricelist-content pricelist-table elementor-widget elementor-widget-text-editor\" data-id=\"b249230\" data-element_type=\"widget\" data-e-type=\"widget\" data-widget_type=\"text-editor.default\">\n\t\t\t\t<div class=\"elementor-widget-container\">\n\t\t\t\t\t\t\t\t\t<table style=\"border: none; background: none; margin-block-end: 0;\" border=\"0\" cellspacing=\"0\" cellpadding=\"0\"><tbody><tr><td style=\"border: none; background: none;\">\u041a\u043e\u043d\u0441\u0443\u043b\u044c\u0442\u0430\u0446\u0438\u044f \u043f\u043e \u044d\u0441\u0442\u0435\u0442\u0438\u0447\u0435\u0441\u043a\u0438\u043c \u0438\u043b\u0438 \u043b\u0430\u0437\u0435\u0440\u043d\u044b\u043c \u043f\u0440\u043e\u0446\u0435\u0434\u0443\u0440\u0430\u043c<\/td><td style=\"border: none; text-align: right; background: none;\">800 CZK \/ \u043e\u043a. 32 EUR<\/td><\/tr><tr><td style=\"border: none; background: none;\">\u0412\u044b\u043f\u0438\u0441\u043a\u0430 \u0440\u0435\u0446\u0435\u043f\u0442\u0430 \u0432 \u0440\u0430\u043c\u043a\u0430\u0445 \u044d\u0441\u0442\u0435\u0442\u0438\u0447\u0435\u0441\u043a\u043e\u0439 \u0438\u043b\u0438 \u043b\u0430\u0437\u0435\u0440\u043d\u043e\u0439 \u043f\u0440\u043e\u0446\u0435\u0434\u0443\u0440\u044b<\/td><td style=\"border: none; text-align: right; background: none;\">500 CZK \/ \u043e\u043a. 20 EUR<\/td><\/tr><tr><td style=\"border: none; background: none;\">\u0420\u0430\u0434\u0438\u043e\u0447\u0430\u0441\u0442\u043e\u0442\u043d\u043e\u0435 \u043e\u043c\u043e\u043b\u043e\u0436\u0435\u043d\u0438\u0435 \u043d\u0430\u0440\u0443\u0436\u043d\u044b\u0445 \u0436\u0435\u043d\u0441\u043a\u0438\u0445 \u043f\u043e\u043b\u043e\u0432\u044b\u0445 \u043e\u0440\u0433\u0430\u043d\u043e\u0432 \u0442\u0438\u043f\u0430 Prot\u00e9g\u00e9 intima<\/td><td style=\"border: none; text-align: right; background: none;\">3 250 CZK \/ \u043e\u043a. 130 EUR<\/td><\/tr><tr><td style=\"border: none; background: none;\">\u041e\u043c\u043e\u043b\u043e\u0436\u0435\u043d\u0438\u0435 \u043d\u0430\u0440\u0443\u0436\u043d\u044b\u0445 \u0436\u0435\u043d\u0441\u043a\u0438\u0445 \u043f\u043e\u043b\u043e\u0432\u044b\u0445 \u043e\u0440\u0433\u0430\u043d\u043e\u0432 \u043c\u0435\u0442\u043e\u0434\u043e\u043c \u043c\u0438\u043a\u0440\u043e\u0438\u0433\u043e\u043b\u044c\u0447\u0430\u0442\u043e\u0439 \u0440\u0430\u0434\u0438\u043e\u0447\u0430\u0441\u0442\u043e\u0442\u044b<\/td><td style=\"border: none; text-align: right; background: none;\">5 410 CZK \/ \u043e\u043a. 216 EUR<\/td><\/tr><tr><td style=\"border: none; background: none;\">\u041e\u043c\u043e\u043b\u043e\u0436\u0435\u043d\u0438\u0435 \u043d\u0430\u0440\u0443\u0436\u043d\u044b\u0445 \u0436\u0435\u043d\u0441\u043a\u0438\u0445 \u043f\u043e\u043b\u043e\u0432\u044b\u0445 \u043e\u0440\u0433\u0430\u043d\u043e\u0432 \u0444\u0440\u0430\u043a\u0446\u0438\u043e\u043d\u043d\u044b\u043c CO2 \u043b\u0430\u0437\u0435\u0440\u043e\u043c<\/td><td style=\"border: none; text-align: right; background: none;\">9 900 CZK \/ \u043e\u043a. 396 EUR<\/td><\/tr><tr><td style=\"border: none; background: none;\">\u041b\u0430\u0431\u0438\u043e\u043f\u043b\u0430\u0441\u0442\u0438\u043a\u0430 \u043b\u0430\u0437\u0435\u0440\u043e\u043c<\/td><td style=\"border: none; text-align: right; background: none;\">25 000 CZK \/ \u043e\u043a. 1 000 EUR<\/td><\/tr><tr><td style=\"border: none; background: none;\">\u0423\u043a\u0440\u0435\u043f\u043b\u0435\u043d\u0438\u0435 \u0432\u043d\u0443\u0442\u0440\u0435\u043d\u043d\u0438\u0445 \u0436\u0435\u043d\u0441\u043a\u0438\u0445 \u043f\u043e\u043b\u043e\u0432\u044b\u0445 \u043e\u0440\u0433\u0430\u043d\u043e\u0432 GynoLaser \u2013 \u043b\u0430\u0437\u0435\u0440\u043d\u043e\u0435 \u0432\u0430\u0433\u0438\u043d\u0430\u043b\u044c\u043d\u043e\u0435 \u043e\u043c\u043e\u043b\u043e\u0436\u0435\u043d\u0438\u0435, \u043b\u0435\u0447\u0435\u043d\u0438\u0435 \u043d\u0435\u0434\u0435\u0440\u0436\u0430\u043d\u0438\u044f<\/td><td style=\"border: none; text-align: right; background: none;\">9 500 CZK \/ \u043e\u043a. 380 EUR<\/td><\/tr><\/tbody><\/table>\t\t\t\t\t\t\t\t<\/div>\n\t\t\t\t<\/div>\n\t\t\t\t<div data-dce-text-color=\"#000000\" class=\"elementor-element elementor-element-262f5a3 pricelist-content elementor-widget elementor-widget-text-editor\" data-id=\"262f5a3\" data-element_type=\"widget\" data-e-type=\"widget\" data-widget_type=\"text-editor.default\">\n\t\t\t\t<div class=\"elementor-widget-container\">\n\t\t\t\t\t\t\t\t\t<ul style=\"margin: 0; padding-left: 20px;\">\n<li style=\"margin-bottom: 8px;\">\u0418\u043d\u0434\u0438\u043a\u0430\u0446\u0438\u044f \u0432\u044b\u0445\u043e\u0434\u0430 \u2013 \u043e\u0441\u043c\u043e\u0442\u0440 \u0433\u0438\u043d\u0435\u043a\u043e\u043b\u043e\u0433\u0430 \u0434\u043b\u044f \u0432\u0430\u0433\u0438\u043d\u0430\u043b\u044c\u043d\u043e\u0433\u043e \u043e\u043c\u043e\u043b\u043e\u0436\u0435\u043d\u0438\u044f\/\u043b\u0435\u0447\u0435\u043d\u0438\u044f \u043d\u0435\u0434\u0435\u0440\u0436\u0430\u043d\u0438\u044f \u0433\u0438\u043d\u043e\u043b\u0430\u0437\u0435\u0440\u043e\u043c.<\/li>\n<\/ul>\t\t\t\t\t\t\t\t<\/div>\n\t\t\t\t<\/div>\n\t\t\t\t<div data-dce-text-color=\"#000000\" class=\"elementor-element elementor-element-1b3097f pricelist-content pricelist-table elementor-widget elementor-widget-text-editor\" data-id=\"1b3097f\" data-element_type=\"widget\" data-e-type=\"widget\" data-widget_type=\"text-editor.default\">\n\t\t\t\t<div class=\"elementor-widget-container\">\n\t\t\t\t\t\t\t\t\t<table style=\"border: none; background: none; margin-block-end: 0;\" border=\"0\" cellspacing=\"0\" cellpadding=\"0\"><tbody><tr><td style=\"border: none; background: none;\"><strong>\u0424\u0438\u043b\u043b\u0435\u0440\u044b Desirial 2 \u043c\u043b (\u0443\u0432\u0435\u043b\u0438\u0447\u0435\u043d\u0438\u0435 \u0442\u043e\u0447\u043a\u0438 G, \u0440\u0435\u0432\u0438\u0442\u0430\u043b\u0438\u0437\u0430\u0446\u0438\u044f \u0432\u043b\u0430\u0433\u0430\u043b\u0438\u0449\u0430)<\/strong><\/td><td style=\"border: none; text-align: right; background: none;\"><strong>14 000 CZK \/ \u043e\u043a. 560 EUR<\/strong><\/td><\/tr><tr><td style=\"border: none; background: none;\"><strong>\u0424\u0438\u043b\u043b\u0435\u0440\u044b Plus 2 \u043c\u043b (\u0443\u0432\u0435\u043b\u0438\u0447\u0435\u043d\u0438\u0435 \u0442\u043e\u0447\u043a\u0438 G, \u043c\u043e\u0434\u0435\u043b\u0438\u0440\u043e\u0432\u0430\u043d\u0438\u0435 \u0433\u0443\u0431)<\/strong><\/td><td style=\"border: none; text-align: right; background: none;\"><strong>15 000 CZK \/ \u043e\u043a. 600 EUR<\/strong><\/td><\/tr><\/tbody><\/table>\t\t\t\t\t\t\t\t<\/div>\n\t\t\t\t<\/div>\n\t\t\t\t<div data-dce-text-color=\"#000000\" class=\"elementor-element elementor-element-eb79656 pricelist-content pricelist-notes elementor-widget elementor-widget-text-editor\" data-id=\"eb79656\" data-element_type=\"widget\" data-e-type=\"widget\" data-widget_type=\"text-editor.default\">\n\t\t\t\t<div class=\"elementor-widget-container\">\n\t\t\t\t\t\t\t\t\t<p style=\"font-style: italic;margin: 20px 0 10px 0;color: #7f8c8d\"><strong>\u041f\u0440\u0438\u043c\u0435\u0447\u0430\u043d\u0438\u0435:<\/strong><\/p><ul style=\"margin: 10px 0;padding-left: 20px\"><li style=\"margin-bottom: 8px\">\u0412 \u0441\u0442\u043e\u0438\u043c\u043e\u0441\u0442\u044c \u0434\u0435\u0440\u043c\u0430\u0442\u043e-\u044d\u0441\u0442\u0435\u0442\u0438\u0447\u0435\u0441\u043a\u0438\u0445 \u043f\u0440\u043e\u0446\u0435\u0434\u0443\u0440 \u043d\u0435 \u0432\u0445\u043e\u0434\u0438\u0442 \u0441\u0442\u043e\u0438\u043c\u043e\u0441\u0442\u044c \u043c\u0435\u0441\u0442\u043d\u043e\u0439 \u0430\u043d\u0435\u0441\u0442\u0435\u0437\u0438\u0438.<\/li><li style=\"margin-bottom: 8px\">\u0415\u0441\u043b\u0438 \u043d\u0435 \u0443\u043a\u0430\u0437\u0430\u043d\u043e \u0438\u043d\u043e\u0435, \u0446\u0435\u043d\u044b \u0434\u0435\u0439\u0441\u0442\u0432\u0438\u0442\u0435\u043b\u044c\u043d\u044b \u0437\u0430 1 \u043f\u0440\u043e\u0446\u0435\u0434\u0443\u0440\u0443.<\/li><li style=\"margin-bottom: 8px\">\u0412\u0441\u0435 \u0446\u0435\u043d\u044b \u0443\u0436\u0435 \u0432\u043a\u043b\u044e\u0447\u0430\u044e\u0442 \u0441\u043e\u043e\u0442\u0432\u0435\u0442\u0441\u0442\u0432\u0443\u044e\u0449\u0443\u044e \u0441\u0442\u0430\u0432\u043a\u0443 \u041d\u0414\u0421.<\/li><li style=\"margin-bottom: 8px\">\u0410\u043a\u0446\u0438\u043e\u043d\u043d\u044b\u0435 \u043f\u0440\u0435\u0434\u043b\u043e\u0436\u0435\u043d\u0438\u044f \u043c\u043e\u0436\u043d\u043e \u043e\u043f\u043b\u0430\u0442\u0438\u0442\u044c \u0442\u043e\u043b\u044c\u043a\u043e \u043d\u0430\u043b\u0438\u0447\u043d\u044b\u043c\u0438 \u0438\u043b\u0438 \u043a\u0430\u0440\u0442\u043e\u0439.<\/li><li style=\"margin-bottom: 8px\">\u0421\u043a\u0438\u0434\u043a\u0438 \u043d\u0435 \u043c\u043e\u0433\u0443\u0442 \u043a\u043e\u043c\u0431\u0438\u043d\u0438\u0440\u043e\u0432\u0430\u0442\u044c\u0441\u044f \u043c\u0435\u0436\u0434\u0443 \u0441\u043e\u0431\u043e\u0439.<\/li><li style=\"margin-bottom: 8px\">\u0412 Premier Clinic \u043c\u043e\u0433\u0443\u0442 \u043b\u0435\u0447\u0438\u0442\u044c\u0441\u044f \u0442\u043e\u043b\u044c\u043a\u043e \u0432\u0437\u0440\u043e\u0441\u043b\u044b\u0435 \u043f\u0430\u0446\u0438\u0435\u043d\u0442\u044b.<\/li><li style=\"margin-bottom: 8px\">\u041f\u0440\u0430\u0439\u0441-\u043b\u0438\u0441\u0442 \u0434\u0435\u0439\u0441\u0442\u0432\u0438\u0442\u0435\u043b\u0435\u043d \u0441 1.9.2025.<\/li><\/ul>\t\t\t\t\t\t\t\t<\/div>\n\t\t\t\t<\/div>\n\t\t\t\t<\/div>\n\t\t\t\t\t<\/div>\n\t\t\t\t<\/div>\n\t\t\t\t<\/div>","protected":false},"excerpt":{"rendered":"<p>\u0426\u0435\u043d\u043d\u0438\u043a \u044d\u0441\u0442\u0435\u0442\u0438\u0447\u0435\u0441\u043a\u043e\u0439 \u0438 \u043b\u0430\u0437\u0435\u0440\u043d\u043e\u0439 \u0433\u0438\u043d\u0435\u043a\u043e\u043b\u043e\u0433\u0438\u0438 \u0426\u0435\u043d\u044b \u0443\u0436\u0435 \u0432\u043a\u043b\u044e\u0447\u0430\u044e\u0442 \u0434\u0430\u043d\u043d\u044b\u0439 \u0442\u0438\u043f \u043c\u0435\u0441\u0442\u043d\u043e\u0439 \u0438\u043b\u0438 \u043e\u0431\u0449\u0435\u0439 \u0430\u043d\u0435\u0441\u0442\u0435\u0437\u0438\u0438. \u0413\u0438\u043d\u0435\u043a\u043e\u043b\u043e\u0433\u0438\u0447\u0435\u0441\u043a\u0430\u044f \u043a\u043e\u043d\u0441\u0443\u043b\u044c\u0442\u0430\u0446\u0438\u044f \u041a\u043e\u043d\u0441\u0443\u043b\u044c\u0442\u0430\u0446\u0438\u044f \u043f\u043e \u044d\u0441\u0442\u0435\u0442\u0438\u0447\u0435\u0441\u043a\u0438\u043c \u0438\u043b\u0438 \u043b\u0430\u0437\u0435\u0440\u043d\u044b\u043c \u043f\u0440\u043e\u0446\u0435\u0434\u0443\u0440\u0430\u043c 800 K\u010d \/ 32.0 EUR \u0412\u044b\u043f\u0438\u0441\u043a\u0430 \u0440\u0435\u0446\u0435\u043f\u0442\u0430 \u0432 \u0440\u0430\u043c\u043a\u0430\u0445 \u044d\u0441\u0442\u0435\u0442\u0438\u0447\u0435\u0441\u043a\u043e\u0439 \u0438\u043b\u0438 \u043b\u0430\u0437\u0435\u0440\u043d\u043e\u0439 \u043f\u0440\u043e\u0446\u0435\u0434\u0443\u0440\u044b 500 K\u010d \/ 20.0 EUR \u0420\u0430\u0434\u0438\u043e\u0447\u0430\u0441\u0442\u043e\u0442\u043d\u043e\u0435 \u043e\u043c\u043e\u043b\u043e\u0436\u0435\u043d\u0438\u0435 \u043d\u0430\u0440\u0443\u0436\u043d\u044b\u0445 \u0436\u0435\u043d\u0441\u043a\u0438\u0445 \u043f\u043e\u043b\u043e\u0432\u044b\u0445 \u043e\u0440\u0433\u0430\u043d\u043e\u0432 \u0442\u0438\u043f\u0430 Prot\u00e9g\u00e9 intima 3 250 K\u010d \/ approx. 130.0 [&hellip;]<\/p>\n","protected":false},"author":21,"featured_media":0,"parent":0,"menu_order":0,"comment_status":"closed","ping_status":"closed","template":"elementor_header_footer","meta":{"_acf_changed":false,"footnotes":""},"class_list":["post-38442","page","type-page","status-publish","hentry"],"acf":[],"_links":{"self":[{"href":"https:\/\/www.premier-clinic.cz\/ru\/wp-json\/wp\/v2\/pages\/38442","targetHints":{"allow":["GET"]}}],"collection":[{"href":"https:\/\/www.premier-clinic.cz\/ru\/wp-json\/wp\/v2\/pages"}],"about":[{"href":"https:\/\/www.premier-clinic.cz\/ru\/wp-json\/wp\/v2\/types\/page"}],"author":[{"embeddable":true,"href":"https:\/\/www.premier-clinic.cz\/ru\/wp-json\/wp\/v2\/users\/21"}],"replies":[{"embeddable":true,"href":"https:\/\/www.premier-clinic.cz\/ru\/wp-json\/wp\/v2\/comments?post=38442"}],"version-history":[{"count":0,"href":"https:\/\/www.premier-clinic.cz\/ru\/wp-json\/wp\/v2\/pages\/38442\/revisions"}],"wp:attachment":[{"href":"https:\/\/www.premier-clinic.cz\/ru\/wp-json\/wp\/v2\/media?parent=38442"}],"curies":[{"name":"wp","href":"https:\/\/api.w.org\/{rel}","templated":true}]}}